{"id":7102,"date":"2019-07-11T13:56:09","date_gmt":"2019-07-11T13:56:09","guid":{"rendered":"http:\/\/www.3p-gmbh.de\/produkt\/kombifalzmaschine-7\/"},"modified":"2019-08-13T16:25:18","modified_gmt":"2019-08-13T16:25:18","slug":"kombifalzmaschine-7","status":"publish","type":"product","link":"https:\/\/www.3p-gmbh.de\/it\/produkt\/kombifalzmaschine-7\/","title":{"rendered":"Heidelberg Stahl T 36-4-KB Kombifalzmaschine"},"content":{"rendered":"<ul>\n<li>Flachstapelanleger<\/li>\n<li>Format max. 36 x 65cm<\/li>\n<li>Format min. 8x10cm<\/li>\n<li>4 Taschen 36 Einlaufbreite<\/li>\n<li>nachgelagerte Messerwelle<\/li>\n<li>einh\u00e4ngbarer Kreuzbruch<\/li>\n<li>Format max. 36 x 26cm<\/li>\n<li>Format min. 8 x 2,5<\/li>\n<li>Vorwahlz\u00e4hlger\u00e4t EVZ 30<\/li>\n<li>einh\u00e4ngbare Auslage<\/li>\n<li>kein L\u00e4rmschutz!<\/li>\n<li>Leistung 40000 Takte\/h<\/li>\n<\/ul>\n","protected":false},"excerpt":{"rendered":"<p>Flachstapelanleger Format max. 36 x 65cm Format min. 8x10cm 4 Taschen 36 Einlaufbreite nachgelagerte Messerwelle einh\u00e4ngbarer Kreuzbruch Format max. 36 x 26cm Format min. 8 x 2,5 Vorwahlz\u00e4hlger\u00e4t EVZ 30 einh\u00e4ngbare Auslage kein L\u00e4rmschutz! Leistung 40000 Takte\/h<\/p>\n","protected":false},"featured_media":2287,"template":"","meta":[],"product_brand":[],"product_cat":[83],"product_tag":[],"class_list":{"0":"post-7102","1":"product","2":"type-product","3":"status-publish","4":"has-post-thumbnail","6":"product_cat-falzmaschinen","7":"pa_baujahr-196","8":"pa_hersteller-stahl","9":"pa_typ-t-36-4-kb","11":"first","12":"instock","13":"sold-individually","14":"taxable","15":"shipping-taxable","16":"purchasable","17":"product-type-simple"},"jetpack_sharing_enabled":true,"_links":{"self":[{"href":"https:\/\/www.3p-gmbh.de\/it\/wp-json\/wp\/v2\/product\/7102","targetHints":{"allow":["GET"]}}],"collection":[{"href":"https:\/\/www.3p-gmbh.de\/it\/wp-json\/wp\/v2\/product"}],"about":[{"href":"https:\/\/www.3p-gmbh.de\/it\/wp-json\/wp\/v2\/types\/product"}],"wp:featuredmedia":[{"embeddable":true,"href":"https:\/\/www.3p-gmbh.de\/it\/wp-json\/wp\/v2\/media\/2287"}],"wp:attachment":[{"href":"https:\/\/www.3p-gmbh.de\/it\/wp-json\/wp\/v2\/media?parent=7102"}],"wp:term":[{"taxonomy":"product_brand","embeddable":true,"href":"https:\/\/www.3p-gmbh.de\/it\/wp-json\/wp\/v2\/product_brand?post=7102"},{"taxonomy":"product_cat","embeddable":true,"href":"https:\/\/www.3p-gmbh.de\/it\/wp-json\/wp\/v2\/product_cat?post=7102"},{"taxonomy":"product_tag","embeddable":true,"href":"https:\/\/www.3p-gmbh.de\/it\/wp-json\/wp\/v2\/product_tag?post=7102"}],"curies":[{"name":"wp","href":"https:\/\/api.w.org\/{rel}","templated":true}]}}