{"id":7098,"date":"2019-07-11T13:55:58","date_gmt":"2019-07-11T13:55:58","guid":{"rendered":"http:\/\/www.3p-gmbh.de\/produkt\/taschenfalzmaschine-13\/"},"modified":"2019-08-14T14:47:25","modified_gmt":"2019-08-14T14:47:25","slug":"taschenfalzmaschine-13","status":"publish","type":"product","link":"https:\/\/www.3p-gmbh.de\/it\/produkt\/taschenfalzmaschine-13\/","title":{"rendered":"Eurofold 235-21 Taschenfalzmaschine"},"content":{"rendered":"<ul>\n<li>mit Unterflur-Sauganleger und motorischer Schuppenauslage und Vorwahlz\u00e4hlger\u00e4t<\/li>\n<li>Falzagreggat 235 mit zwei Taschen<\/li>\n<li>Sauganleger 35 x 65 cm<\/li>\n<li>motorische Schuppenauslage<\/li>\n<li>Ausrichtetisch<\/li>\n<li>Vorwahlz\u00e4hler<\/li>\n<li>Vakuumpumpe<\/li>\n<li>Rill- und Perforiersatz<\/li>\n<li>Papierformat max.350 x 500(650) mm<\/li>\n<li>Papiergewicht: 40 &#8211; 240 g\/qm<\/li>\n<\/ul>\n","protected":false},"excerpt":{"rendered":"<p>mit Unterflur-Sauganleger und motorischer Schuppenauslage und Vorwahlz\u00e4hlger\u00e4t Falzagreggat 235 mit zwei Taschen Sauganleger 35 x 65 cm motorische Schuppenauslage Ausrichtetisch Vorwahlz\u00e4hler Vakuumpumpe Rill- und Perforiersatz Papierformat max.350 x 500(650) mm Papiergewicht: 40 &#8211; 240 g\/qm<\/p>\n","protected":false},"featured_media":2274,"template":"","meta":[],"product_brand":[],"product_cat":[83],"product_tag":[],"class_list":{"0":"post-7098","1":"product","2":"type-product","3":"status-publish","4":"has-post-thumbnail","6":"product_cat-falzmaschinen","7":"pa_baujahr-153","8":"pa_hersteller-schneider","9":"pa_typ-eurofold-235-121","11":"first","12":"instock","13":"sold-individually","14":"taxable","15":"shipping-taxable","16":"purchasable","17":"product-type-simple"},"jetpack_sharing_enabled":true,"_links":{"self":[{"href":"https:\/\/www.3p-gmbh.de\/it\/wp-json\/wp\/v2\/product\/7098","targetHints":{"allow":["GET"]}}],"collection":[{"href":"https:\/\/www.3p-gmbh.de\/it\/wp-json\/wp\/v2\/product"}],"about":[{"href":"https:\/\/www.3p-gmbh.de\/it\/wp-json\/wp\/v2\/types\/product"}],"wp:featuredmedia":[{"embeddable":true,"href":"https:\/\/www.3p-gmbh.de\/it\/wp-json\/wp\/v2\/media\/2274"}],"wp:attachment":[{"href":"https:\/\/www.3p-gmbh.de\/it\/wp-json\/wp\/v2\/media?parent=7098"}],"wp:term":[{"taxonomy":"product_brand","embeddable":true,"href":"https:\/\/www.3p-gmbh.de\/it\/wp-json\/wp\/v2\/product_brand?post=7098"},{"taxonomy":"product_cat","embeddable":true,"href":"https:\/\/www.3p-gmbh.de\/it\/wp-json\/wp\/v2\/product_cat?post=7098"},{"taxonomy":"product_tag","embeddable":true,"href":"https:\/\/www.3p-gmbh.de\/it\/wp-json\/wp\/v2\/product_tag?post=7098"}],"curies":[{"name":"wp","href":"https:\/\/api.w.org\/{rel}","templated":true}]}}