{"id":7031,"date":"2019-07-11T13:55:29","date_gmt":"2019-07-11T13:55:29","guid":{"rendered":"http:\/\/www.3p-gmbh.de\/produkt\/rill-falzmaschine\/"},"modified":"2019-08-16T09:46:16","modified_gmt":"2019-08-16T09:46:16","slug":"rill-falzmaschine","status":"publish","type":"product","link":"https:\/\/www.3p-gmbh.de\/it\/produkt\/rill-falzmaschine\/","title":{"rendered":"Ernst Nagel Digifold Rill- und Falzmaschine"},"content":{"rendered":"<p>Keine Falzbr\u00fcche mehr beim automatischen Falzen! Die Nagel Digifold vereint die bew\u00e4hrte Rilltechnologie des Nagel Auto-Rillnaks mit einem \u00fcberzeugenden Falzsystem. Die Gefahr von Markierungen oder Zerkratzen empfindlicher Materialien bei der Weiterverarbeitung wird hierbei reduziert und ein perfekt scharfer und unverletzter Falz erzeugt. Durch Verbindung von Rillen und Falzen in einer Einheit entsteht ein hochproduktives und bedienerfreundliches, mobiles Finishing-Zentrum. Der Sauganleger zieht das Papier von unten ab.<\/p>\n<ul>\n<li>max. Format 630 x 330mm<\/li>\n<li>min. Format 210 x 140mm<\/li>\n<li>Geschwindigkeit max. 1.500 Blatt\/Std.<\/li>\n<li>Vorwahlz\u00e4hler<\/li>\n<li>Totalz\u00e4hler<\/li>\n<li>Perforieren<\/li>\n<li>Papiergewicht max. (g\/m2) 400<\/li>\n<li>Papiergewicht min. (g\/m2) 100<\/li>\n<li>Max. Rillenanzahl \/ Blatt 9<\/li>\n<li>Max. Anzahl von Falzbr\u00fcchen \/ Blatt 2<\/li>\n<li>Max. Anzahl von Programmspeicherpl\u00e4tzen 9<\/li>\n<li>Min. Abstand zwischen zwei Rillen (mm) 40<\/li>\n<li>Min. Abstand zwischen zwei Falzbr\u00fcchen (mm) 70<\/li>\n<li>Min. Rillabstand von Blattvorderkante (mm) 50<\/li>\n<li>Min. Falzabstand von Blattvorderkante (mm) 50<\/li>\n<li>Min. Rillabstand von Blatthinterkante (mm) 50<\/li>\n<li>Min. Falzabstand von Blatthinterkante (mm) 50<\/li>\n<li>Min. Falzl\u00e4nge (mm) 70<\/li>\n<li>Feineinstellung (mm-Schritte) 0,1<\/li>\n<\/ul>\n","protected":false},"excerpt":{"rendered":"<p>Keine Falzbr\u00fcche mehr beim automatischen Falzen! Die Nagel Digifold vereint die bew\u00e4hrte Rilltechnologie des Nagel Auto-Rillnaks mit einem \u00fcberzeugenden Falzsystem. Die Gefahr von Markierungen oder Zerkratzen empfindlicher Materialien bei der Weiterverarbeitung wird hierbei reduziert und ein perfekt scharfer und unverletzter Falz erzeugt. Durch Verbindung von Rillen und Falzen in einer Einheit entsteht ein hochproduktives und [&hellip;]<\/p>\n","protected":false},"featured_media":2029,"template":"","meta":[],"product_brand":[],"product_cat":[83],"product_tag":[],"class_list":{"0":"post-7031","1":"product","2":"type-product","3":"status-publish","4":"has-post-thumbnail","6":"product_cat-falzmaschinen","7":"pa_baujahr-140","8":"pa_hersteller-ernst-nagel-morgana","9":"pa_typ-digifold-mit-schuppenauslage","11":"first","12":"instock","13":"sold-individually","14":"taxable","15":"shipping-taxable","16":"purchasable","17":"product-type-simple"},"jetpack_sharing_enabled":true,"_links":{"self":[{"href":"https:\/\/www.3p-gmbh.de\/it\/wp-json\/wp\/v2\/product\/7031","targetHints":{"allow":["GET"]}}],"collection":[{"href":"https:\/\/www.3p-gmbh.de\/it\/wp-json\/wp\/v2\/product"}],"about":[{"href":"https:\/\/www.3p-gmbh.de\/it\/wp-json\/wp\/v2\/types\/product"}],"wp:featuredmedia":[{"embeddable":true,"href":"https:\/\/www.3p-gmbh.de\/it\/wp-json\/wp\/v2\/media\/2029"}],"wp:attachment":[{"href":"https:\/\/www.3p-gmbh.de\/it\/wp-json\/wp\/v2\/media?parent=7031"}],"wp:term":[{"taxonomy":"product_brand","embeddable":true,"href":"https:\/\/www.3p-gmbh.de\/it\/wp-json\/wp\/v2\/product_brand?post=7031"},{"taxonomy":"product_cat","embeddable":true,"href":"https:\/\/www.3p-gmbh.de\/it\/wp-json\/wp\/v2\/product_cat?post=7031"},{"taxonomy":"product_tag","embeddable":true,"href":"https:\/\/www.3p-gmbh.de\/it\/wp-json\/wp\/v2\/product_tag?post=7031"}],"curies":[{"name":"wp","href":"https:\/\/api.w.org\/{rel}","templated":true}]}}