{"id":6982,"date":"2019-07-11T13:54:54","date_gmt":"2019-07-11T13:54:54","guid":{"rendered":"http:\/\/www.3p-gmbh.de\/produkt\/halbformat-schneideline\/"},"modified":"2019-08-22T10:46:42","modified_gmt":"2019-08-22T10:46:42","slug":"halbformat-schneideline","status":"publish","type":"product","link":"https:\/\/www.3p-gmbh.de\/it\/produkt\/halbformat-schneideline\/","title":{"rendered":"Polar Mohr 92 ED Halbformat-Schneidelinie"},"content":{"rendered":"<p>Schnellschneider Polar 92 ED<\/p>\n<ul>\n<li>Baujahr 2001<\/li>\n<li>Schnittbreite: 92 cm<\/li>\n<li>ED Programmsteuerung<\/li>\n<li>Lichtschranke, verchromter Lufttisch<\/li>\n<li>2 Resophal Luftseitentische 75x100cm mit \u00dcberleitecken<\/li>\n<li>Hintertischabdeckung<\/li>\n<\/ul>\n<p>R\u00fcttelautomat Polar RA-2 mit Luftausstreichwalze und pneumatischen Klappanschl\u00e4gen<\/p>\n<ul>\n<li>Baujahr 2000<\/li>\n<li>Edelstahl-plattierte Tischfl\u00e4che 72 x 87 cm<\/li>\n<li>Lagenh\u00f6he min. 30 mm<\/li>\n<li>Lagenh\u00f6he max. 165 mm<\/li>\n<li>Tischh\u00f6he 860 &#8211; 950 mm<\/li>\n<li>Druckluftbedarf bei 6 &#8211; 8 bar ca. 2L\/min<\/li>\n<\/ul>\n<p>Als Option: Polar Mohr Stapellift LW 450<\/p>\n<ul>\n<li>Wanne (Innenmasse) 62 x 90 cm<\/li>\n<li>Hub bis 85 cm<\/li>\n<li>H\u00f6he (bei max. Hub) 150 cm<\/li>\n<li>Tragkraft max. 450 kg<\/li>\n<\/ul>\n","protected":false},"excerpt":{"rendered":"<p>Schnellschneider Polar 92 ED Baujahr 2001 Schnittbreite: 92 cm ED Programmsteuerung Lichtschranke, verchromter Lufttisch 2 Resophal Luftseitentische 75x100cm mit \u00dcberleitecken Hintertischabdeckung R\u00fcttelautomat Polar RA-2 mit Luftausstreichwalze und pneumatischen Klappanschl\u00e4gen Baujahr 2000 Edelstahl-plattierte Tischfl\u00e4che 72 x 87 cm Lagenh\u00f6he min. 30 mm Lagenh\u00f6he max. 165 mm Tischh\u00f6he 860 &#8211; 950 mm Druckluftbedarf bei 6 &#8211; 8 [&hellip;]<\/p>\n","protected":false},"featured_media":1843,"template":"","meta":[],"product_brand":[],"product_cat":[788],"product_tag":[],"class_list":{"0":"post-6982","1":"product","2":"type-product","3":"status-publish","4":"has-post-thumbnail","6":"product_cat-schneidemaschinen","7":"pa_baujahr-153","8":"pa_hersteller-polar-mohr","9":"pa_typ-polar-92-ed-mit-ruettler-ra-2-und-lift","11":"first","12":"instock","13":"sold-individually","14":"taxable","15":"shipping-taxable","16":"purchasable","17":"product-type-simple"},"jetpack_sharing_enabled":true,"_links":{"self":[{"href":"https:\/\/www.3p-gmbh.de\/it\/wp-json\/wp\/v2\/product\/6982","targetHints":{"allow":["GET"]}}],"collection":[{"href":"https:\/\/www.3p-gmbh.de\/it\/wp-json\/wp\/v2\/product"}],"about":[{"href":"https:\/\/www.3p-gmbh.de\/it\/wp-json\/wp\/v2\/types\/product"}],"wp:featuredmedia":[{"embeddable":true,"href":"https:\/\/www.3p-gmbh.de\/it\/wp-json\/wp\/v2\/media\/1843"}],"wp:attachment":[{"href":"https:\/\/www.3p-gmbh.de\/it\/wp-json\/wp\/v2\/media?parent=6982"}],"wp:term":[{"taxonomy":"product_brand","embeddable":true,"href":"https:\/\/www.3p-gmbh.de\/it\/wp-json\/wp\/v2\/product_brand?post=6982"},{"taxonomy":"product_cat","embeddable":true,"href":"https:\/\/www.3p-gmbh.de\/it\/wp-json\/wp\/v2\/product_cat?post=6982"},{"taxonomy":"product_tag","embeddable":true,"href":"https:\/\/www.3p-gmbh.de\/it\/wp-json\/wp\/v2\/product_tag?post=6982"}],"curies":[{"name":"wp","href":"https:\/\/api.w.org\/{rel}","templated":true}]}}