{"id":6928,"date":"2019-07-11T13:54:32","date_gmt":"2019-07-11T13:54:32","guid":{"rendered":"http:\/\/www.3p-gmbh.de\/produkt\/einbrennofen-fuer-druckplatten\/"},"modified":"2019-11-08T11:34:15","modified_gmt":"2019-11-08T11:34:15","slug":"einbrennofen-fuer-druckplatten","status":"publish","type":"product","link":"https:\/\/www.3p-gmbh.de\/it\/produkt\/einbrennofen-fuer-druckplatten\/","title":{"rendered":"Technografica A 2 Einbrennofen f\u00fcr Druckplatten"},"content":{"rendered":"<ul>\n<li>Einbrennofen f\u00fcr Druckplatten bis Format A2<\/li>\n<li>Laufleistung der Platten wird erh\u00f6ht und somit Kosten und Einrichtezeit reduziert<\/li>\n<li>ideal f\u00fcr Rollen- und Endlosdruckmaschinen<\/li>\n<\/ul>\n","protected":false},"excerpt":{"rendered":"<p>Einbrennofen f\u00fcr Druckplatten bis Format A2 Laufleistung der Platten wird erh\u00f6ht und somit Kosten und Einrichtezeit reduziert ideal f\u00fcr Rollen- und Endlosdruckmaschinen<\/p>\n","protected":false},"featured_media":1652,"template":"","meta":[],"product_brand":[],"product_cat":[1787],"product_tag":[],"class_list":{"0":"post-6928","1":"product","2":"type-product","3":"status-publish","4":"has-post-thumbnail","6":"product_cat-druckplattenverarbeitung","7":"pa_baujahr-130","8":"pa_hersteller-technografica","9":"pa_typ-einbrennofen-a2","11":"first","12":"instock","13":"sold-individually","14":"taxable","15":"shipping-taxable","16":"purchasable","17":"product-type-simple"},"jetpack_sharing_enabled":true,"_links":{"self":[{"href":"https:\/\/www.3p-gmbh.de\/it\/wp-json\/wp\/v2\/product\/6928","targetHints":{"allow":["GET"]}}],"collection":[{"href":"https:\/\/www.3p-gmbh.de\/it\/wp-json\/wp\/v2\/product"}],"about":[{"href":"https:\/\/www.3p-gmbh.de\/it\/wp-json\/wp\/v2\/types\/product"}],"wp:featuredmedia":[{"embeddable":true,"href":"https:\/\/www.3p-gmbh.de\/it\/wp-json\/wp\/v2\/media\/1652"}],"wp:attachment":[{"href":"https:\/\/www.3p-gmbh.de\/it\/wp-json\/wp\/v2\/media?parent=6928"}],"wp:term":[{"taxonomy":"product_brand","embeddable":true,"href":"https:\/\/www.3p-gmbh.de\/it\/wp-json\/wp\/v2\/product_brand?post=6928"},{"taxonomy":"product_cat","embeddable":true,"href":"https:\/\/www.3p-gmbh.de\/it\/wp-json\/wp\/v2\/product_cat?post=6928"},{"taxonomy":"product_tag","embeddable":true,"href":"https:\/\/www.3p-gmbh.de\/it\/wp-json\/wp\/v2\/product_tag?post=6928"}],"curies":[{"name":"wp","href":"https:\/\/api.w.org\/{rel}","templated":true}]}}