{"id":6913,"date":"2019-07-11T13:54:29","date_gmt":"2019-07-11T13:54:29","guid":{"rendered":"http:\/\/www.3p-gmbh.de\/produkt\/heidelberg-prinect-pressroom-manager-10\/"},"modified":"2019-08-26T12:51:57","modified_gmt":"2019-08-26T12:51:57","slug":"heidelberg-prinect-pressroom-manager-10","status":"publish","type":"product","link":"https:\/\/www.3p-gmbh.de\/it\/produkt\/heidelberg-prinect-pressroom-manager-10\/","title":{"rendered":"Heidelberg Prinect Pressroom Manager 10"},"content":{"rendered":"<p>Auf dem License Server Dongle sind folgende Prinect Komponenten lizenziert:<\/p>\n<ul>\n<li>Prinect Pressroom Manager 106 (enth\u00e4lt dann das PrePress Interface f\u00fcr 8 Seiten)<\/li>\n<li>Prinect Integration Manager (inkl. 1\u00d7 Prinect Cockpit) Versionsstand: 15.0<\/li>\n<\/ul>\n<p>Die Integration aller Prozessschritte verschafft Druckereibetrieben entscheidende Wettbewerbsvorteile. Mit dem Prinect Pressroom Manager setzen Sie vorhandene Informationen intelligent miteinander in Verbindung, so dass Druckauftr\u00e4ge automatisch zur richtigen Zeit an der richtigen Druckmaschine zur Verf\u00fcgung stehen. Der Prinect Pressroom Manager stellt alle Daten an \u00fcbersichtlichen Prinect Cockpits sowie am Leitstand der Druckmaschinen bereit. Dort erleichtern sie es dem Drucker seine t\u00e4glichen Herausforderungen zu meistern, beispielsweise durch die Auswahlm\u00f6glichkeiten f\u00fcr eine zeitsparende Auftragsabwicklung.<\/p>\n<p>Im Lieferumfang USB Dongle mit Freischaltschl\u00fcssel, die passende Originalsoftware CD muss dann beim Heidelberg Support bestellt werden.<\/p>\n","protected":false},"excerpt":{"rendered":"<p>Auf dem License Server Dongle sind folgende Prinect Komponenten lizenziert: Prinect Pressroom Manager 106 (enth\u00e4lt dann das PrePress Interface f\u00fcr 8 Seiten) Prinect Integration Manager (inkl. 1\u00d7 Prinect Cockpit) Versionsstand: 15.0 Die Integration aller Prozessschritte verschafft Druckereibetrieben entscheidende Wettbewerbsvorteile. Mit dem Prinect Pressroom Manager setzen Sie vorhandene Informationen intelligent miteinander in Verbindung, so dass Druckauftr\u00e4ge [&hellip;]<\/p>\n","protected":false},"featured_media":9833,"template":"","meta":[],"product_brand":[],"product_cat":[699],"product_tag":[],"class_list":{"0":"post-6913","1":"product","2":"type-product","3":"status-publish","4":"has-post-thumbnail","6":"product_cat-druckvorstufen-software","7":"pa_baujahr-711","8":"pa_hersteller-heideberger-druckmaschinen","9":"pa_typ-prinect-pressroom-manager-106","11":"first","12":"instock","13":"sold-individually","14":"taxable","15":"shipping-taxable","16":"purchasable","17":"product-type-simple"},"jetpack_sharing_enabled":true,"_links":{"self":[{"href":"https:\/\/www.3p-gmbh.de\/it\/wp-json\/wp\/v2\/product\/6913","targetHints":{"allow":["GET"]}}],"collection":[{"href":"https:\/\/www.3p-gmbh.de\/it\/wp-json\/wp\/v2\/product"}],"about":[{"href":"https:\/\/www.3p-gmbh.de\/it\/wp-json\/wp\/v2\/types\/product"}],"wp:featuredmedia":[{"embeddable":true,"href":"https:\/\/www.3p-gmbh.de\/it\/wp-json\/wp\/v2\/media\/9833"}],"wp:attachment":[{"href":"https:\/\/www.3p-gmbh.de\/it\/wp-json\/wp\/v2\/media?parent=6913"}],"wp:term":[{"taxonomy":"product_brand","embeddable":true,"href":"https:\/\/www.3p-gmbh.de\/it\/wp-json\/wp\/v2\/product_brand?post=6913"},{"taxonomy":"product_cat","embeddable":true,"href":"https:\/\/www.3p-gmbh.de\/it\/wp-json\/wp\/v2\/product_cat?post=6913"},{"taxonomy":"product_tag","embeddable":true,"href":"https:\/\/www.3p-gmbh.de\/it\/wp-json\/wp\/v2\/product_tag?post=6913"}],"curies":[{"name":"wp","href":"https:\/\/api.w.org\/{rel}","templated":true}]}}