{"id":6898,"date":"2019-07-11T13:54:26","date_gmt":"2019-07-11T13:54:26","guid":{"rendered":"http:\/\/www.3p-gmbh.de\/produkt\/digital-microscope\/"},"modified":"2019-11-08T12:25:58","modified_gmt":"2019-11-08T12:25:58","slug":"digital-microscope","status":"publish","type":"product","link":"https:\/\/www.3p-gmbh.de\/it\/produkt\/digital-microscope\/","title":{"rendered":"Techkon DMS 910 Digital MicroScope"},"content":{"rendered":"<p>Dieses Druckplattendensitometer ist unerl\u00e4sslich im Offsetdruckbereich zum Auswerten der Plattenkopie, insbesonderse aber bei der Kalibration der CTP-Druckplattenbelichtung. Im Lieferumfang Transportkoffer, Reinigungstuch, USB-Verbindungskabel zum Anschluss an PC, Software DMS Pro. Das Ger\u00e4t dient zur exakten Ermittlung von Fl\u00e4chendeckung, Rasterweite und Rasterwinkelung auf Druckplatten, Filmen und Drucken. Es ist universell einsetzbar f\u00fcr verschiedene Druckplattentypen und Rasterverfahren (auch FM-Raster).<\/p>\n","protected":false},"excerpt":{"rendered":"<p>Dieses Druckplattendensitometer ist unerl\u00e4sslich im Offsetdruckbereich zum Auswerten der Plattenkopie, insbesonderse aber bei der Kalibration der CTP-Druckplattenbelichtung. Im Lieferumfang Transportkoffer, Reinigungstuch, USB-Verbindungskabel zum Anschluss an PC, Software DMS Pro. Das Ger\u00e4t dient zur exakten Ermittlung von Fl\u00e4chendeckung, Rasterweite und Rasterwinkelung auf Druckplatten, Filmen und Drucken. Es ist universell einsetzbar f\u00fcr verschiedene Druckplattentypen und Rasterverfahren (auch [&hellip;]<\/p>\n","protected":false},"featured_media":1561,"template":"","meta":[],"product_brand":[],"product_cat":[1780],"product_tag":[],"class_list":{"0":"post-6898","1":"product","2":"type-product","3":"status-publish","4":"has-post-thumbnail","6":"product_cat-messgeraete-und-qualitaetssicherung","7":"pa_baujahr-198","8":"pa_hersteller-techkon","9":"pa_typ-dms-910","11":"first","12":"instock","13":"sold-individually","14":"taxable","15":"shipping-taxable","16":"purchasable","17":"product-type-simple"},"jetpack_sharing_enabled":true,"_links":{"self":[{"href":"https:\/\/www.3p-gmbh.de\/it\/wp-json\/wp\/v2\/product\/6898","targetHints":{"allow":["GET"]}}],"collection":[{"href":"https:\/\/www.3p-gmbh.de\/it\/wp-json\/wp\/v2\/product"}],"about":[{"href":"https:\/\/www.3p-gmbh.de\/it\/wp-json\/wp\/v2\/types\/product"}],"wp:featuredmedia":[{"embeddable":true,"href":"https:\/\/www.3p-gmbh.de\/it\/wp-json\/wp\/v2\/media\/1561"}],"wp:attachment":[{"href":"https:\/\/www.3p-gmbh.de\/it\/wp-json\/wp\/v2\/media?parent=6898"}],"wp:term":[{"taxonomy":"product_brand","embeddable":true,"href":"https:\/\/www.3p-gmbh.de\/it\/wp-json\/wp\/v2\/product_brand?post=6898"},{"taxonomy":"product_cat","embeddable":true,"href":"https:\/\/www.3p-gmbh.de\/it\/wp-json\/wp\/v2\/product_cat?post=6898"},{"taxonomy":"product_tag","embeddable":true,"href":"https:\/\/www.3p-gmbh.de\/it\/wp-json\/wp\/v2\/product_tag?post=6898"}],"curies":[{"name":"wp","href":"https:\/\/api.w.org\/{rel}","templated":true}]}}