{"id":6889,"date":"2019-07-11T13:54:22","date_gmt":"2019-07-11T13:54:22","guid":{"rendered":"http:\/\/www.3p-gmbh.de\/produkt\/scanner\/"},"modified":"2019-11-14T09:39:34","modified_gmt":"2019-11-14T09:39:34","slug":"scanner","status":"publish","type":"product","link":"https:\/\/www.3p-gmbh.de\/it\/produkt\/scanner\/","title":{"rendered":"Heidelberg Topaz 3240-2 Flachbettscanner"},"content":{"rendered":"<ul>\n<li>2 Universaltablett f\u00fcr Originale Aufsicht\/Durchsicht, max. Format 305x457mm<\/li>\n<li>1 Copixtablett mit 4 Registerleisten<\/li>\n<li>Leuchttisch im Scanner integriert<\/li>\n<li>Montagelineal f\u00fcr das exakte Ausrichten von Vorlagen auf dem Vorlagenhalter<\/li>\n<li>Vorlagenformat max. 305x457mm f\u00fcr Aufsicht, 250x457mm f\u00fcr Durchsicht<\/li>\n<li>Vorlagenarten Durchsicht und Aufsicht, Farbe und Schwarzweiss, Halbton- und Strichvorlagen, Positiv und Negativ, 3 D-Originale bis max. 20 mm H\u00f6he<\/li>\n<li>Mas\u00dfstabsbereich: 20 &#8211; 2500%<\/li>\n<li>Ma\u00dfstabsberechnung Stufenlos mit AutoScaling-Hardware<\/li>\n<li>Sch\u00e4rfeberechnung AutoSharpening-Hardware im Scanner<\/li>\n<li>Scanaufl\u00f6sung max.: optische 2000 Linien\/cm(5080 dpi)<\/li>\n<li>interpolierte Aufl\u00f6sung 4330 Linien\/cm(11000 dpi)<\/li>\n<li>Differenzierbarer Dichtebereich 3.7 D, gemessen auf der Filmausgabe eines Graukeils<\/li>\n<li>Aufl\u00f6sbare Dichte max. 4.0 D, gemessen auf der Filmausgabe eines Graukeils<\/li>\n<li>Signalaufl\u00f6sung 16 Bit pro Bildpunkt und Farbe (linear)<\/li>\n<li>Schnittstelle SCSI-2 f\u00fcr Workstation-Anschluss<\/li>\n<\/ul>\n","protected":false},"excerpt":{"rendered":"<p>2 Universaltablett f\u00fcr Originale Aufsicht\/Durchsicht, max. Format 305x457mm 1 Copixtablett mit 4 Registerleisten Leuchttisch im Scanner integriert Montagelineal f\u00fcr das exakte Ausrichten von Vorlagen auf dem Vorlagenhalter Vorlagenformat max. 305x457mm f\u00fcr Aufsicht, 250x457mm f\u00fcr Durchsicht Vorlagenarten Durchsicht und Aufsicht, Farbe und Schwarzweiss, Halbton- und Strichvorlagen, Positiv und Negativ, 3 D-Originale bis max. 20 mm H\u00f6he [&hellip;]<\/p>\n","protected":false},"featured_media":1537,"template":"","meta":[],"product_brand":[],"product_cat":[1643],"product_tag":[],"class_list":{"0":"post-6889","1":"product","2":"type-product","3":"status-publish","4":"has-post-thumbnail","6":"product_cat-flachbettscanner","7":"pa_baujahr-123","8":"pa_hersteller-linotype-hell","9":"pa_typ-topaz-ii","11":"first","12":"instock","13":"sold-individually","14":"taxable","15":"shipping-taxable","16":"purchasable","17":"product-type-simple"},"jetpack_sharing_enabled":true,"_links":{"self":[{"href":"https:\/\/www.3p-gmbh.de\/it\/wp-json\/wp\/v2\/product\/6889","targetHints":{"allow":["GET"]}}],"collection":[{"href":"https:\/\/www.3p-gmbh.de\/it\/wp-json\/wp\/v2\/product"}],"about":[{"href":"https:\/\/www.3p-gmbh.de\/it\/wp-json\/wp\/v2\/types\/product"}],"wp:featuredmedia":[{"embeddable":true,"href":"https:\/\/www.3p-gmbh.de\/it\/wp-json\/wp\/v2\/media\/1537"}],"wp:attachment":[{"href":"https:\/\/www.3p-gmbh.de\/it\/wp-json\/wp\/v2\/media?parent=6889"}],"wp:term":[{"taxonomy":"product_brand","embeddable":true,"href":"https:\/\/www.3p-gmbh.de\/it\/wp-json\/wp\/v2\/product_brand?post=6889"},{"taxonomy":"product_cat","embeddable":true,"href":"https:\/\/www.3p-gmbh.de\/it\/wp-json\/wp\/v2\/product_cat?post=6889"},{"taxonomy":"product_tag","embeddable":true,"href":"https:\/\/www.3p-gmbh.de\/it\/wp-json\/wp\/v2\/product_tag?post=6889"}],"curies":[{"name":"wp","href":"https:\/\/api.w.org\/{rel}","templated":true}]}}