{"id":6837,"date":"2019-07-11T13:53:56","date_gmt":"2019-07-11T13:53:56","guid":{"rendered":"http:\/\/www.3p-gmbh.de\/produkt\/ausschiesssoftware\/"},"modified":"2019-11-08T14:02:24","modified_gmt":"2019-11-08T14:02:24","slug":"ausschiesssoftware","status":"publish","type":"product","link":"https:\/\/www.3p-gmbh.de\/it\/produkt\/ausschiesssoftware\/","title":{"rendered":"KIM PDF Bogenmontage-Software"},"content":{"rendered":"<p>KIM PDF unterscheidet sich von den bekannten und verbreiteten Mitbewerbern durch das Ausschiessen von PDF Seiten zu kompletten PDF Bogen. Es findet kein Wechsel im Datenformat statt (PDF Seiten rein, PDF Bogen raus).<\/p>\n<ul>\n<li>Ausschiessen auf reiner PDF-Basis mit Composite und separierten PDF\u00b4s<\/li>\n<li>Kein Formatwechsel, PDF bleibt PDF. PostScript-Daten werden beim Import zu PDF ausschliesslich \u00fcber Standardschnittstellen (Adobe Acrobat) gewandelt<\/li>\n<li>Automatische Erzeugung von Seitenpreviews mit definierbarer Aufl\u00f6sung<\/li>\n<li>Automatische Erzeugung kompletter PDF-Bogen und Weitergabe an Ausgabeger\u00e4te (KIM PDF Auto)<\/li>\n<li>Bedienungskonzept stark angelehnt an die manuelle Bogenmontage<\/li>\n<li>Automatische Flattermarken-Generierung (verschiedene Typen)<\/li>\n<li>Durchg\u00e4ngige Visualisierung ohne Zeitaufwand bzw. Wartezeiten durch Preview-Technik<\/li>\n<li>Einzelbibliotheken f\u00fcr z.B. Falzbogen, Druckbogen<\/li>\n<li>Abspeichern kompletter Markens\u00e4tze unabh\u00e4ngig vom Druckbogenformat<\/li>\n<li>Komplette Vermassung (Druckbogen und Druckplatte darstellbar)<\/li>\n<li>Bundversatz \u00fcber Papierst\u00e4rke oder max. Ausdehnung m\u00f6glich<\/li>\n<li>Einzelseiten k\u00f6nnen im Versatz editiert werden<\/li>\n<li>Ausdruck eines auslinierten Bogens als Standkontrolle des Seiteninhaltes (in Sonderfarben)<\/li>\n<li>Automatische Doppelseitenerkennung<\/li>\n<li>Setzt durchg\u00e4ngig auf PDF (Krause hat dieses erkannt und setzt es konsequent um)<\/li>\n<li>KIM PDF bietet die M\u00f6glichkeit, die Ausrichtung s\u00e4mtlicher Inhalte auf Referenzen zu beziehen (Vorteil bzgl. der Wiederverwertbarkeit von z. B. Markens\u00e4tzen f\u00fcr z. B. unterschiedliche Formate)<\/li>\n<\/ul>\n","protected":false},"excerpt":{"rendered":"<p>KIM PDF unterscheidet sich von den bekannten und verbreiteten Mitbewerbern durch das Ausschiessen von PDF Seiten zu kompletten PDF Bogen. Es findet kein Wechsel im Datenformat statt (PDF Seiten rein, PDF Bogen raus). Ausschiessen auf reiner PDF-Basis mit Composite und separierten PDF\u00b4s Kein Formatwechsel, PDF bleibt PDF. PostScript-Daten werden beim Import zu PDF ausschliesslich \u00fcber [&hellip;]<\/p>\n","protected":false},"featured_media":1368,"template":"","meta":[],"product_brand":[],"product_cat":[699],"product_tag":[],"class_list":{"0":"post-6837","1":"product","2":"type-product","3":"status-publish","4":"has-post-thumbnail","6":"product_cat-druckvorstufen-software","7":"pa_baujahr-140","8":"pa_hersteller-krause-biagosch","9":"pa_typ-kim-pdf-version-6","11":"first","12":"instock","13":"sold-individually","14":"taxable","15":"shipping-taxable","16":"purchasable","17":"product-type-simple"},"jetpack_sharing_enabled":true,"_links":{"self":[{"href":"https:\/\/www.3p-gmbh.de\/it\/wp-json\/wp\/v2\/product\/6837","targetHints":{"allow":["GET"]}}],"collection":[{"href":"https:\/\/www.3p-gmbh.de\/it\/wp-json\/wp\/v2\/product"}],"about":[{"href":"https:\/\/www.3p-gmbh.de\/it\/wp-json\/wp\/v2\/types\/product"}],"wp:featuredmedia":[{"embeddable":true,"href":"https:\/\/www.3p-gmbh.de\/it\/wp-json\/wp\/v2\/media\/1368"}],"wp:attachment":[{"href":"https:\/\/www.3p-gmbh.de\/it\/wp-json\/wp\/v2\/media?parent=6837"}],"wp:term":[{"taxonomy":"product_brand","embeddable":true,"href":"https:\/\/www.3p-gmbh.de\/it\/wp-json\/wp\/v2\/product_brand?post=6837"},{"taxonomy":"product_cat","embeddable":true,"href":"https:\/\/www.3p-gmbh.de\/it\/wp-json\/wp\/v2\/product_cat?post=6837"},{"taxonomy":"product_tag","embeddable":true,"href":"https:\/\/www.3p-gmbh.de\/it\/wp-json\/wp\/v2\/product_tag?post=6837"}],"curies":[{"name":"wp","href":"https:\/\/api.w.org\/{rel}","templated":true}]}}