{"id":6781,"date":"2019-07-11T13:53:23","date_gmt":"2019-07-11T13:53:23","guid":{"rendered":"http:\/\/www.3p-gmbh.de\/produkt\/eindruckwerk-numeriereinrichtung-sm-52\/"},"modified":"2019-09-17T10:25:51","modified_gmt":"2019-09-17T10:25:51","slug":"eindruckwerk-numeriereinrichtung-sm-52","status":"publish","type":"product","link":"https:\/\/www.3p-gmbh.de\/it\/produkt\/eindruckwerk-numeriereinrichtung-sm-52\/","title":{"rendered":"Heidelberg Eindruckwerk\/Numeriereinrichtung SM 52"},"content":{"rendered":"<p>Eindruckwerk zum Numerieren f\u00fcr Heidelberg Speedmaster SM 52 Plusversionen, bestehend aus:<\/p>\n<ul>\n<li>1 Farbkasten mit Farbwalzen<\/li>\n<li>1 Numeratorwelle<\/li>\n<li>2 Sitzringe<\/li>\n<li>4 Stck Numerierwerke nach Wahl (vor- oder r\u00fcckw\u00e4rts z\u00e4hlend, l\u00e4ngs oder quer stehend)<\/li>\n<li>1 Distanzlehre<\/li>\n<li>2 Klischeetr\u00e4ger<\/li>\n<li>1 Schaltarm einfach<\/li>\n<li>1 Schaltarm doppelt<\/li>\n<li>diverse F\u00fchrbleche<\/li>\n<\/ul>\n","protected":false},"excerpt":{"rendered":"<p>Eindruckwerk zum Numerieren f\u00fcr Heidelberg Speedmaster SM 52 Plusversionen, bestehend aus: 1 Farbkasten mit Farbwalzen 1 Numeratorwelle 2 Sitzringe 4 Stck Numerierwerke nach Wahl (vor- oder r\u00fcckw\u00e4rts z\u00e4hlend, l\u00e4ngs oder quer stehend) 1 Distanzlehre 2 Klischeetr\u00e4ger 1 Schaltarm einfach 1 Schaltarm doppelt diverse F\u00fchrbleche<\/p>\n","protected":false},"featured_media":1208,"template":"","meta":[],"product_brand":[],"product_cat":[418],"product_tag":[],"class_list":{"0":"post-6781","1":"product","2":"type-product","3":"status-publish","4":"has-post-thumbnail","6":"product_cat-druckmaschinenzubehoer-und-ersatzteile","7":"pa_baujahr-198","8":"pa_hersteller-heidelberg","9":"pa_typ-leibinger","11":"first","12":"instock","13":"sold-individually","14":"taxable","15":"shipping-taxable","16":"purchasable","17":"product-type-simple"},"jetpack_sharing_enabled":true,"_links":{"self":[{"href":"https:\/\/www.3p-gmbh.de\/it\/wp-json\/wp\/v2\/product\/6781","targetHints":{"allow":["GET"]}}],"collection":[{"href":"https:\/\/www.3p-gmbh.de\/it\/wp-json\/wp\/v2\/product"}],"about":[{"href":"https:\/\/www.3p-gmbh.de\/it\/wp-json\/wp\/v2\/types\/product"}],"wp:featuredmedia":[{"embeddable":true,"href":"https:\/\/www.3p-gmbh.de\/it\/wp-json\/wp\/v2\/media\/1208"}],"wp:attachment":[{"href":"https:\/\/www.3p-gmbh.de\/it\/wp-json\/wp\/v2\/media?parent=6781"}],"wp:term":[{"taxonomy":"product_brand","embeddable":true,"href":"https:\/\/www.3p-gmbh.de\/it\/wp-json\/wp\/v2\/product_brand?post=6781"},{"taxonomy":"product_cat","embeddable":true,"href":"https:\/\/www.3p-gmbh.de\/it\/wp-json\/wp\/v2\/product_cat?post=6781"},{"taxonomy":"product_tag","embeddable":true,"href":"https:\/\/www.3p-gmbh.de\/it\/wp-json\/wp\/v2\/product_tag?post=6781"}],"curies":[{"name":"wp","href":"https:\/\/api.w.org\/{rel}","templated":true}]}}