{"id":6770,"date":"2019-07-11T13:53:23","date_gmt":"2019-07-11T13:53:23","guid":{"rendered":"http:\/\/www.3p-gmbh.de\/produkt\/druckplattenstanze\/"},"modified":"2019-09-13T13:48:00","modified_gmt":"2019-09-13T13:48:00","slug":"druckplattenstanze","status":"publish","type":"product","link":"https:\/\/www.3p-gmbh.de\/it\/produkt\/druckplattenstanze\/","title":{"rendered":"Beil\/MAN Roland 780-425 Druckplattenstanze"},"content":{"rendered":"<ul>\n<li>Plattenstanze f\u00fcr MAN Roland 300-500-700-900 mit Autoplatesystem APL und Graphometronic Filmregister<\/li>\n<li>f\u00fcr Platten aus CtP-Systemen aber auch f\u00fcr Druckmaschinen von Heidelberg 52, 74, 102 und XL Serie und KBA Rapida Maschinen 74, 75, 105, 130 geeignet<\/li>\n<\/ul>\n","protected":false},"excerpt":{"rendered":"<p>Plattenstanze f\u00fcr MAN Roland 300-500-700-900 mit Autoplatesystem APL und Graphometronic Filmregister f\u00fcr Platten aus CtP-Systemen aber auch f\u00fcr Druckmaschinen von Heidelberg 52, 74, 102 und XL Serie und KBA Rapida Maschinen 74, 75, 105, 130 geeignet<\/p>\n","protected":false},"featured_media":1168,"template":"","meta":[],"product_brand":[],"product_cat":[418],"product_tag":[],"class_list":{"0":"post-6770","1":"product","2":"type-product","3":"status-publish","4":"has-post-thumbnail","6":"product_cat-druckmaschinenzubehoer-und-ersatzteile","7":"pa_baujahr-130","8":"pa_hersteller-beil-manroland","9":"pa_typ-780-425-s-h-ap2-ctp","11":"first","12":"instock","13":"sold-individually","14":"taxable","15":"shipping-taxable","16":"purchasable","17":"product-type-simple"},"jetpack_sharing_enabled":true,"_links":{"self":[{"href":"https:\/\/www.3p-gmbh.de\/it\/wp-json\/wp\/v2\/product\/6770","targetHints":{"allow":["GET"]}}],"collection":[{"href":"https:\/\/www.3p-gmbh.de\/it\/wp-json\/wp\/v2\/product"}],"about":[{"href":"https:\/\/www.3p-gmbh.de\/it\/wp-json\/wp\/v2\/types\/product"}],"wp:featuredmedia":[{"embeddable":true,"href":"https:\/\/www.3p-gmbh.de\/it\/wp-json\/wp\/v2\/media\/1168"}],"wp:attachment":[{"href":"https:\/\/www.3p-gmbh.de\/it\/wp-json\/wp\/v2\/media?parent=6770"}],"wp:term":[{"taxonomy":"product_brand","embeddable":true,"href":"https:\/\/www.3p-gmbh.de\/it\/wp-json\/wp\/v2\/product_brand?post=6770"},{"taxonomy":"product_cat","embeddable":true,"href":"https:\/\/www.3p-gmbh.de\/it\/wp-json\/wp\/v2\/product_cat?post=6770"},{"taxonomy":"product_tag","embeddable":true,"href":"https:\/\/www.3p-gmbh.de\/it\/wp-json\/wp\/v2\/product_tag?post=6770"}],"curies":[{"name":"wp","href":"https:\/\/api.w.org\/{rel}","templated":true}]}}