{"id":6768,"date":"2019-07-11T13:53:23","date_gmt":"2019-07-11T13:53:23","guid":{"rendered":"http:\/\/www.3p-gmbh.de\/produkt\/reinwasservernebler\/"},"modified":"2019-09-13T13:52:41","modified_gmt":"2019-09-13T13:52:41","slug":"reinwasservernebler","status":"publish","type":"product","link":"https:\/\/www.3p-gmbh.de\/it\/produkt\/reinwasservernebler\/","title":{"rendered":"Draabe Reinwasservernebler"},"content":{"rendered":"<ul>\n<li>einschliesslich Wandhalterung<\/li>\n<li>zur tropfenfreien Vernebelung von Reinwasser mit Frischwasserautomatik<\/li>\n<li>eingebauter Hygrostat, max. Schaltdifferenz +\/- 3% r.F.<\/li>\n<li>Vernebler horizontal und vertikal stufenlos schwenkbar<\/li>\n<li>elektronisch gesteuerte Selbstreinigung des Verneblers bei Stillstand<\/li>\n<li>stufenlos regulierbare Befeuchtungsleistung<\/li>\n<li>Einhandkupplung f\u00fcr Druckluft, Reinwasser und Stromanschluss<\/li>\n<li>Ausf\u00fchrung in 48 VAC Schutzkleinspannung<\/li>\n<li>Druckluftverbrauch pro D\u00fcse : max. 30 Nl\/min<\/li>\n<li>Druckluftverbrauch gesamt: max: 120 Nl\/min<\/li>\n<li>Leistung: stufenlos einstellbar bis 10 l\/h.<\/li>\n<\/ul>\n","protected":false},"excerpt":{"rendered":"<p>einschliesslich Wandhalterung zur tropfenfreien Vernebelung von Reinwasser mit Frischwasserautomatik eingebauter Hygrostat, max. Schaltdifferenz +\/- 3% r.F. Vernebler horizontal und vertikal stufenlos schwenkbar elektronisch gesteuerte Selbstreinigung des Verneblers bei Stillstand stufenlos regulierbare Befeuchtungsleistung Einhandkupplung f\u00fcr Druckluft, Reinwasser und Stromanschluss Ausf\u00fchrung in 48 VAC Schutzkleinspannung Druckluftverbrauch pro D\u00fcse : max. 30 Nl\/min Druckluftverbrauch gesamt: max: 120 Nl\/min [&hellip;]<\/p>\n","protected":false},"featured_media":1160,"template":"","meta":[],"product_brand":[],"product_cat":[418],"product_tag":[],"class_list":{"0":"post-6768","1":"product","2":"type-product","3":"status-publish","4":"has-post-thumbnail","6":"product_cat-druckmaschinenzubehoer-und-ersatzteile","7":"pa_hersteller-draabe","8":"pa_typ-csv","10":"first","11":"instock","12":"sold-individually","13":"taxable","14":"shipping-taxable","15":"purchasable","16":"product-type-simple"},"jetpack_sharing_enabled":true,"_links":{"self":[{"href":"https:\/\/www.3p-gmbh.de\/it\/wp-json\/wp\/v2\/product\/6768","targetHints":{"allow":["GET"]}}],"collection":[{"href":"https:\/\/www.3p-gmbh.de\/it\/wp-json\/wp\/v2\/product"}],"about":[{"href":"https:\/\/www.3p-gmbh.de\/it\/wp-json\/wp\/v2\/types\/product"}],"wp:featuredmedia":[{"embeddable":true,"href":"https:\/\/www.3p-gmbh.de\/it\/wp-json\/wp\/v2\/media\/1160"}],"wp:attachment":[{"href":"https:\/\/www.3p-gmbh.de\/it\/wp-json\/wp\/v2\/media?parent=6768"}],"wp:term":[{"taxonomy":"product_brand","embeddable":true,"href":"https:\/\/www.3p-gmbh.de\/it\/wp-json\/wp\/v2\/product_brand?post=6768"},{"taxonomy":"product_cat","embeddable":true,"href":"https:\/\/www.3p-gmbh.de\/it\/wp-json\/wp\/v2\/product_cat?post=6768"},{"taxonomy":"product_tag","embeddable":true,"href":"https:\/\/www.3p-gmbh.de\/it\/wp-json\/wp\/v2\/product_tag?post=6768"}],"curies":[{"name":"wp","href":"https:\/\/api.w.org\/{rel}","templated":true}]}}