{"id":6756,"date":"2019-07-11T13:53:16","date_gmt":"2019-07-11T13:53:16","guid":{"rendered":"http:\/\/www.3p-gmbh.de\/produkt\/inkzone-box\/"},"modified":"2019-11-08T10:46:48","modified_gmt":"2019-11-08T10:46:48","slug":"inkzone-box","status":"publish","type":"product","link":"https:\/\/www.3p-gmbh.de\/it\/produkt\/inkzone-box\/","title":{"rendered":"Digital Information InkZone-Box"},"content":{"rendered":"<p>Die InkZone Hardwarebox mit der Software DI-Plot zur digitalen Farbzonenvoreinstellung konvertiert CIP3- oder JDF-Daten f\u00fcr den Einsatz von KOMORI, Heidelberg-, MAN-Roland- oder KBA-Druckmaschinen. DI-Plot ist eine kosteng\u00fcnstige Komplettl\u00f6sung. Der Benutzer kann die Box selbst konfigurieren, auch wenn CIP3-Daten f\u00fcr andere Druckmaschinen konvertiert werden sollen. Gerade Druckereien profitieren vom DI-PLOT Einsatz. F\u00fcr verschiedene Druckmaschinenfabrikate im Unternehmen muss nur ein CIP-Konvertierungssystem angeschafft werden.<\/p>\n<p>Im Lieferumfang enthalten:<\/p>\n<ul>\n<li>InkZone Box (mit Diskettenlaufwerk, Laufwerk f\u00fcr HD Jobcard, MAN Roland Jobcard) mit Standard-Voreinstellungen f\u00fcr GTO-4, SM 52-4, SM 72-4, SM 74-4, SM 102-4, SM CD-4, R200-4, R300-4, R500-4, R500E-4, R700-4, R800 7B, R900 F4-4, R900 F5-4, R900 F6-4, KBA 74-4, KBA 105-4, KBA 130-4, KBA 142-4, KBA 162-4, AD 507-4, AD 705-4, AD 706-4, AD 806-4, Polly 705, Polly 66, Polly 74, Ryobi 52<\/li>\n<li>\u00a0 Software-Paket DI-Plot mit USB-Dongle<\/li>\n<\/ul>\n","protected":false},"excerpt":{"rendered":"<p>Die InkZone Hardwarebox mit der Software DI-Plot zur digitalen Farbzonenvoreinstellung konvertiert CIP3- oder JDF-Daten f\u00fcr den Einsatz von KOMORI, Heidelberg-, MAN-Roland- oder KBA-Druckmaschinen. DI-Plot ist eine kosteng\u00fcnstige Komplettl\u00f6sung. Der Benutzer kann die Box selbst konfigurieren, auch wenn CIP3-Daten f\u00fcr andere Druckmaschinen konvertiert werden sollen. Gerade Druckereien profitieren vom DI-PLOT Einsatz. F\u00fcr verschiedene Druckmaschinenfabrikate im Unternehmen [&hellip;]<\/p>\n","protected":false},"featured_media":1119,"template":"","meta":[],"product_brand":[],"product_cat":[1780],"product_tag":[],"class_list":{"0":"post-6756","1":"product","2":"type-product","3":"status-publish","4":"has-post-thumbnail","6":"product_cat-messgeraete-und-qualitaetssicherung","7":"pa_baujahr-168","8":"pa_hersteller-digital-information","10":"first","11":"instock","12":"sold-individually","13":"taxable","14":"shipping-taxable","15":"purchasable","16":"product-type-simple"},"jetpack_sharing_enabled":true,"_links":{"self":[{"href":"https:\/\/www.3p-gmbh.de\/it\/wp-json\/wp\/v2\/product\/6756","targetHints":{"allow":["GET"]}}],"collection":[{"href":"https:\/\/www.3p-gmbh.de\/it\/wp-json\/wp\/v2\/product"}],"about":[{"href":"https:\/\/www.3p-gmbh.de\/it\/wp-json\/wp\/v2\/types\/product"}],"wp:featuredmedia":[{"embeddable":true,"href":"https:\/\/www.3p-gmbh.de\/it\/wp-json\/wp\/v2\/media\/1119"}],"wp:attachment":[{"href":"https:\/\/www.3p-gmbh.de\/it\/wp-json\/wp\/v2\/media?parent=6756"}],"wp:term":[{"taxonomy":"product_brand","embeddable":true,"href":"https:\/\/www.3p-gmbh.de\/it\/wp-json\/wp\/v2\/product_brand?post=6756"},{"taxonomy":"product_cat","embeddable":true,"href":"https:\/\/www.3p-gmbh.de\/it\/wp-json\/wp\/v2\/product_cat?post=6756"},{"taxonomy":"product_tag","embeddable":true,"href":"https:\/\/www.3p-gmbh.de\/it\/wp-json\/wp\/v2\/product_tag?post=6756"}],"curies":[{"name":"wp","href":"https:\/\/api.w.org\/{rel}","templated":true}]}}