{"id":6744,"date":"2019-07-11T13:53:16","date_gmt":"2019-07-11T13:53:16","guid":{"rendered":"http:\/\/www.3p-gmbh.de\/produkt\/farbauflichtdensitometer-2\/"},"modified":"2019-11-08T10:48:36","modified_gmt":"2019-11-08T10:48:36","slug":"farbauflichtdensitometer-2","status":"publish","type":"product","link":"https:\/\/www.3p-gmbh.de\/it\/produkt\/farbauflichtdensitometer-2\/","title":{"rendered":"Techkon R 410 e Farbauflichtdensitometer"},"content":{"rendered":"<ul>\n<li>Dichte<\/li>\n<li>Dichtedifferenz<\/li>\n<li>Grau- und Farbbalance<\/li>\n<li>Fl\u00e4chendeckung (auch f\u00fcr Druckplatten)<\/li>\n<li>Tonwertzunahme<\/li>\n<li>Druckkontrast<\/li>\n<li>Farbannahme<\/li>\n<li>Farbtonfehler<\/li>\n<li>Verschw\u00e4rzlichung<\/li>\n<li>mit Ladeger\u00e4t, Eichkarte, Ger\u00e4tekoffer<\/li>\n<\/ul>\n","protected":false},"excerpt":{"rendered":"<p>Dichte Dichtedifferenz Grau- und Farbbalance Fl\u00e4chendeckung (auch f\u00fcr Druckplatten) Tonwertzunahme Druckkontrast Farbannahme Farbtonfehler Verschw\u00e4rzlichung mit Ladeger\u00e4t, Eichkarte, Ger\u00e4tekoffer<\/p>\n","protected":false},"featured_media":1091,"template":"","meta":[],"product_brand":[],"product_cat":[1780],"product_tag":[],"class_list":{"0":"post-6744","1":"product","2":"type-product","3":"status-publish","4":"has-post-thumbnail","6":"product_cat-messgeraete-und-qualitaetssicherung","7":"pa_baujahr-198","8":"pa_hersteller-techkon","9":"pa_typ-r-410e","11":"first","12":"instock","13":"sold-individually","14":"taxable","15":"shipping-taxable","16":"purchasable","17":"product-type-simple"},"jetpack_sharing_enabled":true,"_links":{"self":[{"href":"https:\/\/www.3p-gmbh.de\/it\/wp-json\/wp\/v2\/product\/6744","targetHints":{"allow":["GET"]}}],"collection":[{"href":"https:\/\/www.3p-gmbh.de\/it\/wp-json\/wp\/v2\/product"}],"about":[{"href":"https:\/\/www.3p-gmbh.de\/it\/wp-json\/wp\/v2\/types\/product"}],"wp:featuredmedia":[{"embeddable":true,"href":"https:\/\/www.3p-gmbh.de\/it\/wp-json\/wp\/v2\/media\/1091"}],"wp:attachment":[{"href":"https:\/\/www.3p-gmbh.de\/it\/wp-json\/wp\/v2\/media?parent=6744"}],"wp:term":[{"taxonomy":"product_brand","embeddable":true,"href":"https:\/\/www.3p-gmbh.de\/it\/wp-json\/wp\/v2\/product_brand?post=6744"},{"taxonomy":"product_cat","embeddable":true,"href":"https:\/\/www.3p-gmbh.de\/it\/wp-json\/wp\/v2\/product_cat?post=6744"},{"taxonomy":"product_tag","embeddable":true,"href":"https:\/\/www.3p-gmbh.de\/it\/wp-json\/wp\/v2\/product_tag?post=6744"}],"curies":[{"name":"wp","href":"https:\/\/api.w.org\/{rel}","templated":true}]}}