{"id":6717,"date":"2019-07-11T13:53:00","date_gmt":"2019-07-11T13:53:00","guid":{"rendered":"http:\/\/www.3p-gmbh.de\/produkt\/stapelwender-3\/"},"modified":"2019-11-08T10:59:33","modified_gmt":"2019-11-08T10:59:33","slug":"stapelwender-3","status":"publish","type":"product","link":"https:\/\/www.3p-gmbh.de\/it\/produkt\/stapelwender-3\/","title":{"rendered":"Polar PW-1 Stapelwender"},"content":{"rendered":"<ul>\n<li>max. Bogenformat 52 x 74 cm<\/li>\n<li>Wannenabmessungen innen 525 x 840 mm<\/li>\n<li>max. \u00d6ffnung 1255 mm<\/li>\n<li>min. \u00d6ffnung 470 mm<\/li>\n<li>Palettengewicht max. 500 kg<\/li>\n<\/ul>\n<p>Der Stapelwender nimmt an einer Ger\u00e4teseite den Stapel zwischen Wannen auf, dreht ihn automatisch um die horizontale Achse und setzt ihn umgedreht auf der anderen Ger\u00e4teseite ab. Er braucht Bodenverankerung, jedoch keine Laufschienen oder Grube. Beim Umsetzen werden auch frisch bedruckte Bogen schonend behandelt. Besch\u00e4digungen oder Markierungen, die sich beim Umsetzen von Hand nicht immer vermeiden lassen, sind ausgeschlossen. Alle Funktionen sind vom Bedienpult bequem steuerbar.<\/p>\n","protected":false},"excerpt":{"rendered":"<p>max. Bogenformat 52 x 74 cm Wannenabmessungen innen 525 x 840 mm max. \u00d6ffnung 1255 mm min. \u00d6ffnung 470 mm Palettengewicht max. 500 kg Der Stapelwender nimmt an einer Ger\u00e4teseite den Stapel zwischen Wannen auf, dreht ihn automatisch um die horizontale Achse und setzt ihn umgedreht auf der anderen Ger\u00e4teseite ab. Er braucht Bodenverankerung, jedoch [&hellip;]<\/p>\n","protected":false},"featured_media":11176,"template":"","meta":[],"product_brand":[],"product_cat":[1762],"product_tag":[],"class_list":{"0":"post-6717","1":"product","2":"type-product","3":"status-publish","4":"has-post-thumbnail","6":"product_cat-stapelwender","7":"pa_baujahr-130","8":"pa_hersteller-polar-mohr","9":"pa_typ-polar-pw-1","11":"first","12":"instock","13":"sold-individually","14":"taxable","15":"shipping-taxable","16":"purchasable","17":"product-type-simple"},"jetpack_sharing_enabled":true,"_links":{"self":[{"href":"https:\/\/www.3p-gmbh.de\/it\/wp-json\/wp\/v2\/product\/6717","targetHints":{"allow":["GET"]}}],"collection":[{"href":"https:\/\/www.3p-gmbh.de\/it\/wp-json\/wp\/v2\/product"}],"about":[{"href":"https:\/\/www.3p-gmbh.de\/it\/wp-json\/wp\/v2\/types\/product"}],"wp:featuredmedia":[{"embeddable":true,"href":"https:\/\/www.3p-gmbh.de\/it\/wp-json\/wp\/v2\/media\/11176"}],"wp:attachment":[{"href":"https:\/\/www.3p-gmbh.de\/it\/wp-json\/wp\/v2\/media?parent=6717"}],"wp:term":[{"taxonomy":"product_brand","embeddable":true,"href":"https:\/\/www.3p-gmbh.de\/it\/wp-json\/wp\/v2\/product_brand?post=6717"},{"taxonomy":"product_cat","embeddable":true,"href":"https:\/\/www.3p-gmbh.de\/it\/wp-json\/wp\/v2\/product_cat?post=6717"},{"taxonomy":"product_tag","embeddable":true,"href":"https:\/\/www.3p-gmbh.de\/it\/wp-json\/wp\/v2\/product_tag?post=6717"}],"curies":[{"name":"wp","href":"https:\/\/api.w.org\/{rel}","templated":true}]}}