{"id":6607,"date":"2019-07-11T13:52:01","date_gmt":"2019-07-11T13:52:01","guid":{"rendered":"http:\/\/www.3p-gmbh.de\/produkt\/banderoliermaschine-3\/"},"modified":"2019-11-12T16:07:35","modified_gmt":"2019-11-12T16:07:35","slug":"banderoliermaschine-3","status":"publish","type":"product","link":"https:\/\/www.3p-gmbh.de\/it\/produkt\/banderoliermaschine-3\/","title":{"rendered":"ATS Tanner MS 420 S Banderoliermaschine"},"content":{"rendered":"<p>Das Ger\u00e4t eignet sich f\u00fcr empfindliche Produkte bis Format A3, ist sofort betriebsbereit und braucht keine Aufheizzeit.<\/p>\n<ul>\n<li>Kurzer Vordertisch f\u00fcr kleine Formate<\/li>\n<li>Heat seal-Aggregat f\u00fcr Papier- und Folienb\u00e4nder<\/li>\n<li>Mikroprozessor -Steuerung CE-konform<\/li>\n<li>Paketanschlag<\/li>\n<li>Leistung bis 26 Banderolierungen pro Minute<\/li>\n<li>Bandbreite 30<\/li>\n<li>Elektrik 230 V\/50 Hz, 115 V\/60 Hz<\/li>\n<li>Leistungsaufnahme ca. 0.2 kW<\/li>\n<li>Gewicht 32 kg<\/li>\n<li>Breite 560 mm, Tiefe 300 mm, H\u00f6he 470 mm<\/li>\n<li>Verwendetes Material: Banderolierfolie, Banderolierpapier, Bedrucktes Banderoliermaterial<\/li>\n<\/ul>\n","protected":false},"excerpt":{"rendered":"<p>Das Ger\u00e4t eignet sich f\u00fcr empfindliche Produkte bis Format A3, ist sofort betriebsbereit und braucht keine Aufheizzeit. Kurzer Vordertisch f\u00fcr kleine Formate Heat seal-Aggregat f\u00fcr Papier- und Folienb\u00e4nder Mikroprozessor -Steuerung CE-konform Paketanschlag Leistung bis 26 Banderolierungen pro Minute Bandbreite 30 Elektrik 230 V\/50 Hz, 115 V\/60 Hz Leistungsaufnahme ca. 0.2 kW Gewicht 32 kg Breite [&hellip;]<\/p>\n","protected":false},"featured_media":545,"template":"","meta":[],"product_brand":[],"product_cat":[1746],"product_tag":[],"class_list":{"0":"post-6607","1":"product","2":"type-product","3":"status-publish","4":"has-post-thumbnail","6":"product_cat-banderoliermaschinen","7":"pa_baujahr-137","8":"pa_hersteller-uchida-ats-tanner","9":"pa_typ-ats-ms-420-s","11":"first","12":"instock","13":"sold-individually","14":"taxable","15":"shipping-taxable","16":"purchasable","17":"product-type-simple"},"jetpack_sharing_enabled":true,"_links":{"self":[{"href":"https:\/\/www.3p-gmbh.de\/it\/wp-json\/wp\/v2\/product\/6607","targetHints":{"allow":["GET"]}}],"collection":[{"href":"https:\/\/www.3p-gmbh.de\/it\/wp-json\/wp\/v2\/product"}],"about":[{"href":"https:\/\/www.3p-gmbh.de\/it\/wp-json\/wp\/v2\/types\/product"}],"wp:featuredmedia":[{"embeddable":true,"href":"https:\/\/www.3p-gmbh.de\/it\/wp-json\/wp\/v2\/media\/545"}],"wp:attachment":[{"href":"https:\/\/www.3p-gmbh.de\/it\/wp-json\/wp\/v2\/media?parent=6607"}],"wp:term":[{"taxonomy":"product_brand","embeddable":true,"href":"https:\/\/www.3p-gmbh.de\/it\/wp-json\/wp\/v2\/product_brand?post=6607"},{"taxonomy":"product_cat","embeddable":true,"href":"https:\/\/www.3p-gmbh.de\/it\/wp-json\/wp\/v2\/product_cat?post=6607"},{"taxonomy":"product_tag","embeddable":true,"href":"https:\/\/www.3p-gmbh.de\/it\/wp-json\/wp\/v2\/product_tag?post=6607"}],"curies":[{"name":"wp","href":"https:\/\/api.w.org\/{rel}","templated":true}]}}