{"id":15293,"date":"2019-11-05T10:39:20","date_gmt":"2019-11-05T10:39:20","guid":{"rendered":"http:\/\/www.3p-gmbh.de\/?post_type=product&#038;p=15293"},"modified":"2020-04-15T14:19:13","modified_gmt":"2020-04-15T14:19:13","slug":"hohner-economy-25-40-einkopf-drahtheftmaschine","status":"publish","type":"product","link":"https:\/\/www.3p-gmbh.de\/it\/produkt\/hohner-economy-25-40-einkopf-drahtheftmaschine\/","title":{"rendered":"Hohner Economy 25\/40 Einkopf-Drahtheftmaschine"},"content":{"rendered":"<p>f\u00fcr Bl\u00f6cke und Brosch\u00fcren mit Normal- oder Ring\u00f6senheftung (Optional nicht im Lieferumfang dabei)<\/p>\n<p>\u2022Grundsolide Konstruktion mit hoher Stabilit\u00e4t f\u00fcr saubere Heftungen<br \/>\n\u2022Tisch durch Handgriff verstellbar: gerade f\u00fcr Bl\u00f6cke, schr\u00e4g f\u00fcr Brosch\u00fcren<br \/>\n\u2022Ausl\u00f6sung mit Fu\u00dftaster, beide H\u00e4nde zum Anlegen frei<br \/>\n\u2022L\u00e4nge Klammerr\u00fccken 14mm<br \/>\n\u2022Rollen- und R\u00f6hrendrahtrichter f\u00fcr zuverl\u00e4ssige Heft-Ergebnisse auch bei gr\u00f6\u00dferen Heftst\u00e4rken<br \/>\n\u2022Heftst\u00e4rke: 2 Blatt &#8211; 25 mm mit umgelegter Klammer, bis 40 mm beidseitig eingestochen<br \/>\n\u2022geeignet f\u00fcr Heftdraht Nr. 21-30<br \/>\n\u2022maximale Heftleistung: 206 Klammern \/ Min.<br \/>\n\u2022Tischgr\u00f6\u00dfe: 700 x 240 mm<\/p>\n","protected":false},"excerpt":{"rendered":"<p>f\u00fcr Bl\u00f6cke und Brosch\u00fcren mit Normal- oder Ring\u00f6senheftung (Optional nicht im Lieferumfang dabei) \u2022Grundsolide Konstruktion mit hoher Stabilit\u00e4t f\u00fcr saubere Heftungen \u2022Tisch durch Handgriff verstellbar: gerade f\u00fcr Bl\u00f6cke, schr\u00e4g f\u00fcr Brosch\u00fcren \u2022Ausl\u00f6sung mit Fu\u00dftaster, beide H\u00e4nde zum Anlegen frei \u2022L\u00e4nge Klammerr\u00fccken 14mm \u2022Rollen- und R\u00f6hrendrahtrichter f\u00fcr zuverl\u00e4ssige Heft-Ergebnisse auch bei gr\u00f6\u00dferen Heftst\u00e4rken \u2022Heftst\u00e4rke: 2 Blatt [&hellip;]<\/p>\n","protected":false},"featured_media":15294,"template":"","meta":[],"product_brand":[],"product_cat":[1750],"product_tag":[],"class_list":{"0":"post-15293","1":"product","2":"type-product","3":"status-publish","4":"has-post-thumbnail","6":"product_cat-heftmaschinen","7":"pa_hersteller-hohner","8":"pa_typ-economy-25-40","10":"first","11":"instock","12":"taxable","13":"shipping-taxable","14":"purchasable","15":"product-type-simple"},"jetpack_sharing_enabled":true,"_links":{"self":[{"href":"https:\/\/www.3p-gmbh.de\/it\/wp-json\/wp\/v2\/product\/15293","targetHints":{"allow":["GET"]}}],"collection":[{"href":"https:\/\/www.3p-gmbh.de\/it\/wp-json\/wp\/v2\/product"}],"about":[{"href":"https:\/\/www.3p-gmbh.de\/it\/wp-json\/wp\/v2\/types\/product"}],"wp:featuredmedia":[{"embeddable":true,"href":"https:\/\/www.3p-gmbh.de\/it\/wp-json\/wp\/v2\/media\/15294"}],"wp:attachment":[{"href":"https:\/\/www.3p-gmbh.de\/it\/wp-json\/wp\/v2\/media?parent=15293"}],"wp:term":[{"taxonomy":"product_brand","embeddable":true,"href":"https:\/\/www.3p-gmbh.de\/it\/wp-json\/wp\/v2\/product_brand?post=15293"},{"taxonomy":"product_cat","embeddable":true,"href":"https:\/\/www.3p-gmbh.de\/it\/wp-json\/wp\/v2\/product_cat?post=15293"},{"taxonomy":"product_tag","embeddable":true,"href":"https:\/\/www.3p-gmbh.de\/it\/wp-json\/wp\/v2\/product_tag?post=15293"}],"curies":[{"name":"wp","href":"https:\/\/api.w.org\/{rel}","templated":true}]}}