{"id":15220,"date":"2019-11-05T09:45:38","date_gmt":"2019-11-05T09:45:38","guid":{"rendered":"http:\/\/www.3p-gmbh.de\/?post_type=product&#038;p=15220"},"modified":"2020-04-15T14:19:13","modified_gmt":"2020-04-15T14:19:13","slug":"matador-pneumatic-600-faelzelautomat","status":"publish","type":"product","link":"https:\/\/www.3p-gmbh.de\/it\/produkt\/matador-pneumatic-600-faelzelautomat\/","title":{"rendered":"Matador Pneumatic 600 F\u00e4lzelautomat"},"content":{"rendered":"<p>Der F\u00c4LZEL-Automat mit elektronisch-pneumatischem Funktionsablauf<\/p>\n<p>ausger\u00fcstet mit Bandabroller f\u00fcr leichtabrollbare Selbstklebeb\u00e4nder<br \/>\nideal f\u00fcr gro\u00dfe Schreibtischunterlagen<\/p>\n<p>mit Zusatzger\u00e4t Thermopli<br \/>\nf\u00fcr die Nutzung von Hei\u00dfklebeb\u00e4ndern Thermofan und Thermolin<br \/>\nDie Temperatur wird durch eingebauten Thermostat geregelt.<br \/>\nAnheizzeit: 3 &#8211; 4 Minuten.<\/p>\n<p>Die L\u00f6sung f\u00fcr alle F\u00e4lzelarbeiten an gehefteten oder geleimten Brosch\u00fcren, Kalendern und Blocks.<\/p>\n<p>Kleinste Blockr\u00fcckenbreite 0,5 mm<br \/>\nGr\u00f6\u00dfte Blockr\u00fcckenbreite 20 mm<br \/>\nGr\u00f6\u00dfte Blockl\u00e4nge 600 mm<br \/>\nKleinste Bandbreite 15 mm<br \/>\nGr\u00f6\u00dfte Bandbreite 50 mm<\/p>\n<p>Absolut gerades Umlegen des F\u00e4lzelbandes.<br \/>\nB\u00fcndiger F\u00e4lzelbandabschnitt.<br \/>\nNachschneiden nicht mehr erforderlich.<br \/>\nautomatisch, schnell, zuverl\u00e4ssig.<\/p>\n<p>Abmessungen:<br \/>\nL\u00e4nge 1900 mm<br \/>\nH\u00f6he 1150 mm<br \/>\nTiefe 730 mm<br \/>\nTischh\u00f6he 850 mm<\/p>\n<p>Die Funktionsabl\u00e4ufe des F\u00e4lzelautomaten Matador Pneumatic 600 werden pneumatisch &#8211; Betriebsdruck 6 bar &#8211; betrieben.<br \/>\nBlocks manuell einlegen.<br \/>\nDie Verarbeitung-Bandf\u00fchrung und exakter, sensorgesteuerter Abschnitt erfolgt vollautomatisch.<br \/>\nGef\u00e4lzelten Block manuell entnehmen.<br \/>\nDruckluftanschlu\u00df an zentrale Versorgung oder durch zus\u00e4tzlichen Kompressor.<br \/>\nDie Steuerung erfolgt elektronisch \u00fcber zentrale Schaltung.<br \/>\nAnschlu\u00dfwert 220 Volt.<\/p>\n","protected":false},"excerpt":{"rendered":"<p>Der F\u00c4LZEL-Automat mit elektronisch-pneumatischem Funktionsablauf ausger\u00fcstet mit Bandabroller f\u00fcr leichtabrollbare Selbstklebeb\u00e4nder ideal f\u00fcr gro\u00dfe Schreibtischunterlagen mit Zusatzger\u00e4t Thermopli f\u00fcr die Nutzung von Hei\u00dfklebeb\u00e4ndern Thermofan und Thermolin Die Temperatur wird durch eingebauten Thermostat geregelt. Anheizzeit: 3 &#8211; 4 Minuten. Die L\u00f6sung f\u00fcr alle F\u00e4lzelarbeiten an gehefteten oder geleimten Brosch\u00fcren, Kalendern und Blocks. Kleinste Blockr\u00fcckenbreite 0,5 mm [&hellip;]<\/p>\n","protected":false},"featured_media":15221,"template":"","meta":[],"product_brand":[],"product_cat":[1764],"product_tag":[],"class_list":{"0":"post-15220","1":"product","2":"type-product","3":"status-publish","4":"has-post-thumbnail","6":"product_cat-sortimentsbuchbinderei","7":"pa_hersteller-matador","8":"pa_typ-pneumatic-600","10":"first","11":"instock","12":"taxable","13":"shipping-taxable","14":"purchasable","15":"product-type-simple"},"jetpack_sharing_enabled":true,"_links":{"self":[{"href":"https:\/\/www.3p-gmbh.de\/it\/wp-json\/wp\/v2\/product\/15220","targetHints":{"allow":["GET"]}}],"collection":[{"href":"https:\/\/www.3p-gmbh.de\/it\/wp-json\/wp\/v2\/product"}],"about":[{"href":"https:\/\/www.3p-gmbh.de\/it\/wp-json\/wp\/v2\/types\/product"}],"wp:featuredmedia":[{"embeddable":true,"href":"https:\/\/www.3p-gmbh.de\/it\/wp-json\/wp\/v2\/media\/15221"}],"wp:attachment":[{"href":"https:\/\/www.3p-gmbh.de\/it\/wp-json\/wp\/v2\/media?parent=15220"}],"wp:term":[{"taxonomy":"product_brand","embeddable":true,"href":"https:\/\/www.3p-gmbh.de\/it\/wp-json\/wp\/v2\/product_brand?post=15220"},{"taxonomy":"product_cat","embeddable":true,"href":"https:\/\/www.3p-gmbh.de\/it\/wp-json\/wp\/v2\/product_cat?post=15220"},{"taxonomy":"product_tag","embeddable":true,"href":"https:\/\/www.3p-gmbh.de\/it\/wp-json\/wp\/v2\/product_tag?post=15220"}],"curies":[{"name":"wp","href":"https:\/\/api.w.org\/{rel}","templated":true}]}}