{"id":14998,"date":"2019-11-04T14:27:03","date_gmt":"2019-11-04T14:27:03","guid":{"rendered":"http:\/\/www.3p-gmbh.de\/?post_type=product&#038;p=14998"},"modified":"2020-04-15T14:18:13","modified_gmt":"2020-04-15T14:18:13","slug":"dueperthal-gefahrstoffschrank-sicherheitsschrank-feuerschutzschrank-laborschrank","status":"publish","type":"product","link":"https:\/\/www.3p-gmbh.de\/it\/produkt\/dueperthal-gefahrstoffschrank-sicherheitsschrank-feuerschutzschrank-laborschrank\/","title":{"rendered":"D\u00fcperthal Gefahrstoffschrank \/ Sicherheitsschrank \/ Feuerschutzschrank \/ Laborschrank"},"content":{"rendered":"<p>zur Aufbewahrung von brennbaren Fl\u00fcssigkeiten<\/p>\n<p>Zugelassen zur Lagerung entz\u00fcndbarer Fl\u00fcssigkeiten am Arbeitsplatz<br \/>\n-Gepr\u00fcfte und zugelassene Gesamtkonstruktion durch anerkannte Materialpr\u00fcfanstalt nach EN 14470-1 (Typ 90) mit einer Feuerwiderstandsf\u00e4higkeit von &gt; 90 Minuten<\/p>\n<p>&#8211; Au\u00dfenkorpus Stahlblech<br \/>\n&#8211; 2 Fl\u00fcgelt\u00fcren<br \/>\n&#8211; Innenkorpus aus HPL beschichteten Platten &#8211; RAL 7035<br \/>\n&#8211; Bodenabschlussschiene aus Edelstahl &#8211; Niro Raute<br \/>\n&#8211; 2 Einlegeb\u00f6den im Raster h\u00f6henverstellbar<br \/>\n&#8211; T\u00fcren \u00fcber Zylinderschloss abschlie\u00dfbar<\/p>\n","protected":false},"excerpt":{"rendered":"<p>zur Aufbewahrung von brennbaren Fl\u00fcssigkeiten Zugelassen zur Lagerung entz\u00fcndbarer Fl\u00fcssigkeiten am Arbeitsplatz -Gepr\u00fcfte und zugelassene Gesamtkonstruktion durch anerkannte Materialpr\u00fcfanstalt nach EN 14470-1 (Typ 90) mit einer Feuerwiderstandsf\u00e4higkeit von &gt; 90 Minuten &#8211; Au\u00dfenkorpus Stahlblech &#8211; 2 Fl\u00fcgelt\u00fcren &#8211; Innenkorpus aus HPL beschichteten Platten &#8211; RAL 7035 &#8211; Bodenabschlussschiene aus Edelstahl &#8211; Niro Raute &#8211; 2 [&hellip;]<\/p>\n","protected":false},"featured_media":15001,"template":"","meta":[],"product_brand":[],"product_cat":[1484],"product_tag":[],"class_list":{"0":"post-14998","1":"product","2":"type-product","3":"status-publish","4":"has-post-thumbnail","6":"product_cat-lagertechnik","7":"pa_hersteller-dueperthal","9":"first","10":"instock","11":"taxable","12":"shipping-taxable","13":"purchasable","14":"product-type-simple"},"jetpack_sharing_enabled":true,"_links":{"self":[{"href":"https:\/\/www.3p-gmbh.de\/it\/wp-json\/wp\/v2\/product\/14998","targetHints":{"allow":["GET"]}}],"collection":[{"href":"https:\/\/www.3p-gmbh.de\/it\/wp-json\/wp\/v2\/product"}],"about":[{"href":"https:\/\/www.3p-gmbh.de\/it\/wp-json\/wp\/v2\/types\/product"}],"wp:featuredmedia":[{"embeddable":true,"href":"https:\/\/www.3p-gmbh.de\/it\/wp-json\/wp\/v2\/media\/15001"}],"wp:attachment":[{"href":"https:\/\/www.3p-gmbh.de\/it\/wp-json\/wp\/v2\/media?parent=14998"}],"wp:term":[{"taxonomy":"product_brand","embeddable":true,"href":"https:\/\/www.3p-gmbh.de\/it\/wp-json\/wp\/v2\/product_brand?post=14998"},{"taxonomy":"product_cat","embeddable":true,"href":"https:\/\/www.3p-gmbh.de\/it\/wp-json\/wp\/v2\/product_cat?post=14998"},{"taxonomy":"product_tag","embeddable":true,"href":"https:\/\/www.3p-gmbh.de\/it\/wp-json\/wp\/v2\/product_tag?post=14998"}],"curies":[{"name":"wp","href":"https:\/\/api.w.org\/{rel}","templated":true}]}}