{"id":14319,"date":"2019-11-01T11:41:05","date_gmt":"2019-11-01T11:41:05","guid":{"rendered":"http:\/\/www.3p-gmbh.de\/?post_type=product&#038;p=14319"},"modified":"2020-04-15T14:17:35","modified_gmt":"2020-04-15T14:17:35","slug":"paeckchenauslage-mit-banderlierung-desta-pab-800","status":"publish","type":"product","link":"https:\/\/www.3p-gmbh.de\/it\/produkt\/paeckchenauslage-mit-banderlierung-desta-pab-800\/","title":{"rendered":"P\u00e4ckchenauslage mit Banderlierung Desta PAB 800"},"content":{"rendered":"<p>Drupamodell 2000 mit Touch Monitor<br \/>\nzum Pressen, Z\u00e4hlen, Stapeln und Umreifen von Falzprodukten im 1-fach bis 6-fach Nutzen einsetzbar.<\/p>\n<p>Vorteil<br \/>\n&#8211; Nutzenunabh\u00e4ngige Auslage mit Banderolierung, zur Zeit f\u00fcr 6 Nutzen in der Auslage eingerichtet<br \/>\n&#8211; empfindliche Falzprodukte k\u00f6nnen f\u00fcr die interne Inhausverarbeitung auch unbanderoliert ausgelegt werden.<\/p>\n<p>Maximum Formate in mm<br \/>\n1fach Nutzen B 780 x L 330<br \/>\n2fach Nutzen B 380 x L 330<br \/>\n3fach Nutzen B 250 x L 330<br \/>\n4fach Nutzen B 180 x L 330<br \/>\n5fach Nutzen B 150 x L 330<br \/>\n6fach Nutzen B 120 x L 330<\/p>\n<p>Minimum Format 90x75mm<br \/>\nProduktst\u00e4rke 1-8 mm<br \/>\nPaketh\u00f6he max. 150 mm<br \/>\nPaketh\u00f6he min. 25 mm<\/p>\n<p>Arbeitsgeschwindigkeit 40-200m\/min (auf Wunsch senden wir gerne ein Leistungsdiagramm zu)<br \/>\nPressdruck max. 20000 N (verstellbar)<br \/>\nBanderolierung max. 30 Umreifungen\/min.<\/p>\n<p>techn. Daten freibleibend, Irrtum vorbehalten !!<\/p>\n","protected":false},"excerpt":{"rendered":"<p>Drupamodell 2000 mit Touch Monitor zum Pressen, Z\u00e4hlen, Stapeln und Umreifen von Falzprodukten im 1-fach bis 6-fach Nutzen einsetzbar. Vorteil &#8211; Nutzenunabh\u00e4ngige Auslage mit Banderolierung, zur Zeit f\u00fcr 6 Nutzen in der Auslage eingerichtet &#8211; empfindliche Falzprodukte k\u00f6nnen f\u00fcr die interne Inhausverarbeitung auch unbanderoliert ausgelegt werden. Maximum Formate in mm 1fach Nutzen B 780 x [&hellip;]<\/p>\n","protected":false},"featured_media":14320,"template":"","meta":[],"product_brand":[],"product_cat":[1745],"product_tag":[],"class_list":{"0":"post-14319","1":"product","2":"type-product","3":"status-publish","4":"has-post-thumbnail","6":"product_cat-auslagen","7":"pa_hersteller-desta","8":"pa_typ-pab-800","10":"first","11":"instock","12":"taxable","13":"shipping-taxable","14":"purchasable","15":"product-type-simple"},"jetpack_sharing_enabled":true,"_links":{"self":[{"href":"https:\/\/www.3p-gmbh.de\/it\/wp-json\/wp\/v2\/product\/14319","targetHints":{"allow":["GET"]}}],"collection":[{"href":"https:\/\/www.3p-gmbh.de\/it\/wp-json\/wp\/v2\/product"}],"about":[{"href":"https:\/\/www.3p-gmbh.de\/it\/wp-json\/wp\/v2\/types\/product"}],"wp:featuredmedia":[{"embeddable":true,"href":"https:\/\/www.3p-gmbh.de\/it\/wp-json\/wp\/v2\/media\/14320"}],"wp:attachment":[{"href":"https:\/\/www.3p-gmbh.de\/it\/wp-json\/wp\/v2\/media?parent=14319"}],"wp:term":[{"taxonomy":"product_brand","embeddable":true,"href":"https:\/\/www.3p-gmbh.de\/it\/wp-json\/wp\/v2\/product_brand?post=14319"},{"taxonomy":"product_cat","embeddable":true,"href":"https:\/\/www.3p-gmbh.de\/it\/wp-json\/wp\/v2\/product_cat?post=14319"},{"taxonomy":"product_tag","embeddable":true,"href":"https:\/\/www.3p-gmbh.de\/it\/wp-json\/wp\/v2\/product_tag?post=14319"}],"curies":[{"name":"wp","href":"https:\/\/api.w.org\/{rel}","templated":true}]}}