{"id":14243,"date":"2019-11-01T10:19:18","date_gmt":"2019-11-01T10:19:18","guid":{"rendered":"http:\/\/www.3p-gmbh.de\/?post_type=product&#038;p=14243"},"modified":"2020-04-15T14:16:39","modified_gmt":"2020-04-15T14:16:39","slug":"fastbind-elite-bindemaschine-2","status":"publish","type":"product","link":"https:\/\/www.3p-gmbh.de\/it\/produkt\/fastbind-elite-bindemaschine-2\/","title":{"rendered":"Fastbind Elite Bindemaschine"},"content":{"rendered":"<p>Sie produziert schnell und anwenderfreundlich sowohl Hard- und Softcoverb\u00fccher als auch Manager-Cover, Abrissbl\u00f6cke und Streifenbindungen (Stripbindungen).<br \/>\nIdeal f\u00fcr das Dienstleistungsgewerbe im Digialdruck-Bereich, f\u00fcr Print- und Copyshops, Verlage, Buchbindereien und Fotografen.<br \/>\nDas Resultat ist immer ein \u201ePerfect Binding\u201c: professionell, kosteng\u00fcnstig und haltbar.<\/p>\n<p>Aufrauhsystem &#8211; PGO<br \/>\nDie Fastbind Elite verf\u00fcgt \u00fcber das exklusive Papierfaser-\u00d6ffnungssystem (PGO).<br \/>\nAnders als bei anderen Buchr\u00fccken-Aufrauhsystemen, die den R\u00fccken schleifen und dabei viel Staub und Ger\u00e4usch erzeugen, \u00f6ffnet das PGO den R\u00fccken sehr leise,<br \/>\nohne Papierstaub und sorgt auch bei schwierigen Copy Colour- und Bilderdruckpapieren f\u00fcr h\u00f6chste Haltbarkeit.<\/p>\n<p>Der Anwender kann die PGO Durchl\u00e4ufe kontrollieren, die zur Erzielung einer stabilen haltbaren Bindung erforderlich sind.<\/p>\n<p>Alle Anwendungen werden in einem einzigen Arbeitsgang, ohne jegliche Umstell- oder Justierzeiten der Bindemaschine durchgef\u00fchrt.<br \/>\nAlle Formate und Zwischenformate bis DIN A4 und einer R\u00fcckenbreite bis zu 4 cm k\u00f6nnen perfekt, haltbar und professionell gebunden werden.<br \/>\nDer Bindezyklus betr\u00e4gt nur 20 sec. (180 St\u00fcck\/h).<\/p>\n","protected":false},"excerpt":{"rendered":"<p>Sie produziert schnell und anwenderfreundlich sowohl Hard- und Softcoverb\u00fccher als auch Manager-Cover, Abrissbl\u00f6cke und Streifenbindungen (Stripbindungen). Ideal f\u00fcr das Dienstleistungsgewerbe im Digialdruck-Bereich, f\u00fcr Print- und Copyshops, Verlage, Buchbindereien und Fotografen. Das Resultat ist immer ein \u201ePerfect Binding\u201c: professionell, kosteng\u00fcnstig und haltbar. Aufrauhsystem &#8211; PGO Die Fastbind Elite verf\u00fcgt \u00fcber das exklusive Papierfaser-\u00d6ffnungssystem (PGO). Anders als [&hellip;]<\/p>\n","protected":false},"featured_media":14244,"template":"","meta":[],"product_brand":[],"product_cat":[1764],"product_tag":[],"class_list":{"0":"post-14243","1":"product","2":"type-product","3":"status-publish","4":"has-post-thumbnail","6":"product_cat-sortimentsbuchbinderei","7":"pa_hersteller-fastbind","8":"pa_typ-elite","10":"first","11":"instock","12":"taxable","13":"shipping-taxable","14":"purchasable","15":"product-type-simple"},"jetpack_sharing_enabled":true,"_links":{"self":[{"href":"https:\/\/www.3p-gmbh.de\/it\/wp-json\/wp\/v2\/product\/14243","targetHints":{"allow":["GET"]}}],"collection":[{"href":"https:\/\/www.3p-gmbh.de\/it\/wp-json\/wp\/v2\/product"}],"about":[{"href":"https:\/\/www.3p-gmbh.de\/it\/wp-json\/wp\/v2\/types\/product"}],"wp:featuredmedia":[{"embeddable":true,"href":"https:\/\/www.3p-gmbh.de\/it\/wp-json\/wp\/v2\/media\/14244"}],"wp:attachment":[{"href":"https:\/\/www.3p-gmbh.de\/it\/wp-json\/wp\/v2\/media?parent=14243"}],"wp:term":[{"taxonomy":"product_brand","embeddable":true,"href":"https:\/\/www.3p-gmbh.de\/it\/wp-json\/wp\/v2\/product_brand?post=14243"},{"taxonomy":"product_cat","embeddable":true,"href":"https:\/\/www.3p-gmbh.de\/it\/wp-json\/wp\/v2\/product_cat?post=14243"},{"taxonomy":"product_tag","embeddable":true,"href":"https:\/\/www.3p-gmbh.de\/it\/wp-json\/wp\/v2\/product_tag?post=14243"}],"curies":[{"name":"wp","href":"https:\/\/api.w.org\/{rel}","templated":true}]}}