{"id":125349,"date":"2026-04-17T12:32:40","date_gmt":"2026-04-17T12:32:40","guid":{"rendered":"https:\/\/www.3p-gmbh.de\/?post_type=product&#038;p=125349"},"modified":"2026-04-17T12:32:41","modified_gmt":"2026-04-17T12:32:41","slug":"glykolrueckkuehler-gr-140-32-l-fuer-den-aussenbereich","status":"publish","type":"product","link":"https:\/\/www.3p-gmbh.de\/it\/produkt\/glykolrueckkuehler-gr-140-32-l-fuer-den-aussenbereich\/","title":{"rendered":"Glykolr\u00fcckk\u00fchler GR 140\/32\/L f\u00fcr den Au\u00dfenbereich"},"content":{"rendered":"<p>Glykolr\u00fcckk\u00fchler GR 140\/32\/L f\u00fcr den Au\u00dfenbereich<\/p>\n<p>Technische Daten:<br \/>\nNennleistung: 140kW<br \/>\nGlykol AUS: 40\u00b0C<br \/>\nLufteintritt: 32\u00b0C<br \/>\nGlykolkonzentration: 35%<br \/>\nL\u00fcfteranzahl: 2 St.<br \/>\nSchalldruckpegel in einem Abstand von 5 m: 62 dB(A)<br \/>\nFarbe: RAL 7035<br \/>\nBetriebsgewicht: ca. 685 kg<br \/>\nVolumen: 83,5l<br \/>\nK\u00fchlmittelanschluss: Losflansche DN 65\/76,5 PN10 mit L\u00f6tb\u00f6rdel, inkl. Gegenflansch<br \/>\nAbmessungen: Siehe Abbildungg<br \/>\nElektrischer Anschluss: \u00dcber Pump- und Regelstation: 400V\/50Hz\/3Ph<\/p>\n","protected":false},"excerpt":{"rendered":"<p>Glykolr\u00fcckk\u00fchler GR 140\/32\/L f\u00fcr den Au\u00dfenbereich Technische Daten: Nennleistung: 140kW Glykol AUS: 40\u00b0C Lufteintritt: 32\u00b0C Glykolkonzentration: 35% L\u00fcfteranzahl: 2 St. Schalldruckpegel in einem Abstand von 5 m: 62 dB(A) Farbe: RAL 7035 Betriebsgewicht: ca. 685 kg Volumen: 83,5l K\u00fchlmittelanschluss: Losflansche DN 65\/76,5 PN10 mit L\u00f6tb\u00f6rdel, inkl. Gegenflansch Abmessungen: Siehe Abbildungg Elektrischer Anschluss: \u00dcber Pump- und [&hellip;]<\/p>\n","protected":false},"featured_media":125352,"template":"","meta":[],"product_brand":[],"product_cat":[1458],"product_tag":[],"class_list":{"0":"post-125349","1":"product","2":"type-product","3":"status-publish","4":"has-post-thumbnail","6":"product_cat-sonstige-maschinen-und-anlagen","8":"first","9":"instock","10":"taxable","11":"shipping-taxable","12":"product-type-simple"},"jetpack_sharing_enabled":true,"_links":{"self":[{"href":"https:\/\/www.3p-gmbh.de\/it\/wp-json\/wp\/v2\/product\/125349","targetHints":{"allow":["GET"]}}],"collection":[{"href":"https:\/\/www.3p-gmbh.de\/it\/wp-json\/wp\/v2\/product"}],"about":[{"href":"https:\/\/www.3p-gmbh.de\/it\/wp-json\/wp\/v2\/types\/product"}],"wp:featuredmedia":[{"embeddable":true,"href":"https:\/\/www.3p-gmbh.de\/it\/wp-json\/wp\/v2\/media\/125352"}],"wp:attachment":[{"href":"https:\/\/www.3p-gmbh.de\/it\/wp-json\/wp\/v2\/media?parent=125349"}],"wp:term":[{"taxonomy":"product_brand","embeddable":true,"href":"https:\/\/www.3p-gmbh.de\/it\/wp-json\/wp\/v2\/product_brand?post=125349"},{"taxonomy":"product_cat","embeddable":true,"href":"https:\/\/www.3p-gmbh.de\/it\/wp-json\/wp\/v2\/product_cat?post=125349"},{"taxonomy":"product_tag","embeddable":true,"href":"https:\/\/www.3p-gmbh.de\/it\/wp-json\/wp\/v2\/product_tag?post=125349"}],"curies":[{"name":"wp","href":"https:\/\/api.w.org\/{rel}","templated":true}]}}