{"id":124620,"date":"2026-01-26T08:33:58","date_gmt":"2026-01-26T08:33:58","guid":{"rendered":"https:\/\/www.3p-gmbh.de\/?post_type=product&#038;p=124620"},"modified":"2026-01-26T08:33:58","modified_gmt":"2026-01-26T08:33:58","slug":"rs-verpackungstechnik-seitenschweissmaschine-fas-700-mit-schrumpftunnel-vast-652","status":"publish","type":"product","link":"https:\/\/www.3p-gmbh.de\/it\/produkt\/rs-verpackungstechnik-seitenschweissmaschine-fas-700-mit-schrumpftunnel-vast-652\/","title":{"rendered":"R+S Verpackungstechnik  Seitenschweissmaschine FAS 700 mit Schrumpftunnel VAST 652"},"content":{"rendered":"<p>R+S Verpackungstechnik Seitenschweissmaschine FAS 700 mit Schrumpftunnel VAST 652<\/p>\n<p>aus 2013\/2014<\/p>\n<div>1 F\u00f6rderband Minitec<br \/>\nBj. 2013, L ca. 5.000mm, B 200 mm, m. seitl. F\u00fchrungsschienen,<br \/>\n1 F\u00f6rderband R+S TB 2000, Bj. 2014<br \/>\nSN RS-46010, L 2.000 mm, B 350 mm, Untergestell h\u00f6henverstellbar, m. seitl. anpassbarer F\u00fchrungsschiene,<br \/>\n1 Seitenschweissger\u00e4t \u00a0 R+S VAS700<br \/>\nBj. 2014, SN RS-45943<br \/>\n1 Schrumpftunnel R+S VAST652<br \/>\nBj. 2013 SN RS-47085<br \/>\n1 F\u00f6rderband R+S TB 2000<br \/>\nBj. 2014 SN RS-46004<br \/>\nL 2.000mm, B 350 mm, m. 2 seitl. anpassbaren F\u00fchrungsschienen, h\u00f6henverstellbares Untergestell<\/div>\n","protected":false},"excerpt":{"rendered":"<p>R+S Verpackungstechnik Seitenschweissmaschine FAS 700 mit Schrumpftunnel VAST 652 aus 2013\/2014 1 F\u00f6rderband Minitec Bj. 2013, L ca. 5.000mm, B 200 mm, m. seitl. F\u00fchrungsschienen, 1 F\u00f6rderband R+S TB 2000, Bj. 2014 SN RS-46010, L 2.000 mm, B 350 mm, Untergestell h\u00f6henverstellbar, m. seitl. anpassbarer F\u00fchrungsschiene, 1 Seitenschweissger\u00e4t \u00a0 R+S VAS700 Bj. 2014, SN RS-45943 [&hellip;]<\/p>\n","protected":false},"featured_media":124624,"template":"","meta":[],"product_brand":[],"product_cat":[4129],"product_tag":[],"class_list":{"0":"post-124620","1":"product","2":"type-product","3":"status-publish","4":"has-post-thumbnail","6":"product_cat-verpackungstechnik","7":"pa_bezeichnung_typ-fas-700","8":"pa_bezeichnung_typ-tb-2000","9":"pa_bezeichnung_typ-vast-652","10":"pa_hersteller-rs","12":"first","13":"instock","14":"taxable","15":"shipping-taxable","16":"product-type-simple"},"jetpack_sharing_enabled":true,"_links":{"self":[{"href":"https:\/\/www.3p-gmbh.de\/it\/wp-json\/wp\/v2\/product\/124620","targetHints":{"allow":["GET"]}}],"collection":[{"href":"https:\/\/www.3p-gmbh.de\/it\/wp-json\/wp\/v2\/product"}],"about":[{"href":"https:\/\/www.3p-gmbh.de\/it\/wp-json\/wp\/v2\/types\/product"}],"wp:featuredmedia":[{"embeddable":true,"href":"https:\/\/www.3p-gmbh.de\/it\/wp-json\/wp\/v2\/media\/124624"}],"wp:attachment":[{"href":"https:\/\/www.3p-gmbh.de\/it\/wp-json\/wp\/v2\/media?parent=124620"}],"wp:term":[{"taxonomy":"product_brand","embeddable":true,"href":"https:\/\/www.3p-gmbh.de\/it\/wp-json\/wp\/v2\/product_brand?post=124620"},{"taxonomy":"product_cat","embeddable":true,"href":"https:\/\/www.3p-gmbh.de\/it\/wp-json\/wp\/v2\/product_cat?post=124620"},{"taxonomy":"product_tag","embeddable":true,"href":"https:\/\/www.3p-gmbh.de\/it\/wp-json\/wp\/v2\/product_tag?post=124620"}],"curies":[{"name":"wp","href":"https:\/\/api.w.org\/{rel}","templated":true}]}}