{"id":124615,"date":"2026-01-26T08:17:59","date_gmt":"2026-01-26T08:17:59","guid":{"rendered":"https:\/\/www.3p-gmbh.de\/?post_type=product&#038;p=124615"},"modified":"2026-01-26T08:21:00","modified_gmt":"2026-01-26T08:21:00","slug":"hilfsfoerderband-spaenefoerderband","status":"publish","type":"product","link":"https:\/\/www.3p-gmbh.de\/it\/produkt\/hilfsfoerderband-spaenefoerderband\/","title":{"rendered":"Sp\u00e4neband  Busch HF &#8211; Hilfsf\u00f6rderband  &#8211; Querf\u00f6rderband  mit Getriebemotor"},"content":{"rendered":"<p>Sp\u00e4neband Busch HF &#8211; Hilfsf\u00f6rderband &#8211; Querf\u00f6rderband mit Getriebemotor<\/p>\n<div>zur optimierung der Raumverh\u00e4ltnisse f\u00fcr den Abtransport von Schneid- und Stanzabf\u00e4llen an allen bekannten Maschinen der Druckweiterverarbeitung<\/div>\n<div>Sammelhefter, Stanzmschinen, Dreischneidern<\/div>\n<p>Sch\u00fcttl\u00e4nge ca. 100cm<br \/>\nBandbreite ca. 50cm<br \/>\nH\u00f6he ca. 25cm<br \/>\nSpannung 380 Volt<\/p>\n","protected":false},"excerpt":{"rendered":"<p>Sp\u00e4neband Busch HF &#8211; Hilfsf\u00f6rderband &#8211; Querf\u00f6rderband mit Getriebemotor zur optimierung der Raumverh\u00e4ltnisse f\u00fcr den Abtransport von Schneid- und Stanzabf\u00e4llen an allen bekannten Maschinen der Druckweiterverarbeitung Sammelhefter, Stanzmschinen, Dreischneidern Sch\u00fcttl\u00e4nge ca. 100cm Bandbreite ca. 50cm H\u00f6he ca. 25cm Spannung 380 Volt<\/p>\n","protected":false},"featured_media":124616,"template":"","meta":[],"product_brand":[],"product_cat":[77,4128],"product_tag":[],"class_list":{"0":"post-124615","1":"product","2":"type-product","3":"status-publish","4":"has-post-thumbnail","6":"product_cat-foerdertechnik","7":"product_cat-hilfsfoerderband","8":"pa_hersteller-busch","10":"first","11":"instock","12":"taxable","13":"shipping-taxable","14":"product-type-simple"},"jetpack_sharing_enabled":true,"_links":{"self":[{"href":"https:\/\/www.3p-gmbh.de\/it\/wp-json\/wp\/v2\/product\/124615","targetHints":{"allow":["GET"]}}],"collection":[{"href":"https:\/\/www.3p-gmbh.de\/it\/wp-json\/wp\/v2\/product"}],"about":[{"href":"https:\/\/www.3p-gmbh.de\/it\/wp-json\/wp\/v2\/types\/product"}],"wp:featuredmedia":[{"embeddable":true,"href":"https:\/\/www.3p-gmbh.de\/it\/wp-json\/wp\/v2\/media\/124616"}],"wp:attachment":[{"href":"https:\/\/www.3p-gmbh.de\/it\/wp-json\/wp\/v2\/media?parent=124615"}],"wp:term":[{"taxonomy":"product_brand","embeddable":true,"href":"https:\/\/www.3p-gmbh.de\/it\/wp-json\/wp\/v2\/product_brand?post=124615"},{"taxonomy":"product_cat","embeddable":true,"href":"https:\/\/www.3p-gmbh.de\/it\/wp-json\/wp\/v2\/product_cat?post=124615"},{"taxonomy":"product_tag","embeddable":true,"href":"https:\/\/www.3p-gmbh.de\/it\/wp-json\/wp\/v2\/product_tag?post=124615"}],"curies":[{"name":"wp","href":"https:\/\/api.w.org\/{rel}","templated":true}]}}