{"id":123870,"date":"2025-02-24T10:48:11","date_gmt":"2025-02-24T10:48:11","guid":{"rendered":"https:\/\/www.3p-gmbh.de\/produkt\/16-pagine-di-inarcassa-regolabile-completamente-automatizzata-heidelberg-stahlfolder-th-66-6-4-pfh-con-consegna-del-nastro-pressa-stahlfolder-sph-70\/"},"modified":"2025-02-24T10:48:11","modified_gmt":"2025-02-24T10:48:11","slug":"16-pagine-di-inarcassa-regolabile-completamente-automatizzata-heidelberg-stahlfolder-th-66-6-4-pfh-con-consegna-del-nastro-pressa-stahlfolder-sph-70","status":"publish","type":"product","link":"https:\/\/www.3p-gmbh.de\/it\/produkt\/16-pagine-di-inarcassa-regolabile-completamente-automatizzata-heidelberg-stahlfolder-th-66-6-4-pfh-con-consegna-del-nastro-pressa-stahlfolder-sph-70\/","title":{"rendered":"16 pagine di inarcassa regolabile completamente automatizzata Heidelberg Stahlfolder TH 66-6-4-PFH con consegna del nastro pressa Stahlfolder SPH-70"},"content":{"rendered":"<div><span style=\"color: #0000ff;\"><strong>16 Pagine di inarcassa regolabile completamente automatizzata Heidelberg Stahlfolder TH 66-6-4-PFH con consegna del nastro pressa Stahlfolder SPH-70<\/strong><\/span><br \/>\nAnno 2008<\/div>\n<div>basso usato<br \/>\nDimensioni massime del foglio, larghezza\u00d7lunghezza (cm): 66\u00d790<br \/>\nDimensioni minime del foglio, larghezza\u00d7lunghezza (cm): 14\u00d718<br \/>\nPeso della carta (g\/m2): 40-250Specifiche<br \/>\nAlimentatore di palette<br \/>\nSistema di controllo MCT: pannello di controllo con display o touchscreen <\/p>\n<p>1\u00b0 Unit\u00e0 di piegatura 66-6 ingresso 66cms<br \/>\nNumero di piastre di piegatura: 6<br \/>\nregolazione automatica dei rulli e delle tasche<\/p>\n<p>2st Unit\u00e0 di piegatura 66-6 ingresso 66cms<br \/>\nNumero di piastre di piegatura: 4<br \/>\nregolazione automatica dei rulli e delle tasche<\/p>\n<\/div>\n<div><strong><span style=\"color: #0000ff;\">Consegna del nastro della pressa mobile Heidelberg Stahlfolder SPH-70<\/span><\/strong><\/div>\n<div>Sistema di controllo MCT<\/div>\n<div>\n<p>Buono stato di funzionamento<br \/>\nPossibilit\u00e0 di test<br \/>\nFoto allegate<br \/>\nDisponibilit\u00e0 Immediata Luogo Germania<\/p>\n<\/div>\n","protected":false},"excerpt":{"rendered":"<p>16 Pagine di inarcassa regolabile completamente automatizzata Heidelberg Stahlfolder TH 66-6-4-PFH con consegna del nastro pressa Stahlfolder SPH-70 Anno 2008 basso usato Dimensioni massime del foglio, larghezza\u00d7lunghezza (cm): 66\u00d790 Dimensioni minime del foglio, larghezza\u00d7lunghezza (cm): 14\u00d718 Peso della carta (g\/m2): 40-250Specifiche Alimentatore di palette Sistema di controllo MCT: pannello di controllo con display o touchscreen [&hellip;]<\/p>\n","protected":false},"featured_media":123854,"template":"","meta":[],"product_brand":[],"product_cat":[3836,3393],"product_tag":[],"class_list":{"0":"post-123870","1":"product","2":"type-product","3":"status-publish","4":"has-post-thumbnail","6":"product_cat-folding-machines-it","7":"product_cat-macchine-piegatrici","8":"pa_baujahr-711","9":"pa_bezeichnung_typ-stahlfolder-th-56","10":"pa_hersteller-heidelberg","12":"first","13":"instock","14":"taxable","15":"shipping-taxable","16":"product-type-simple"},"jetpack_sharing_enabled":true,"_links":{"self":[{"href":"https:\/\/www.3p-gmbh.de\/it\/wp-json\/wp\/v2\/product\/123870","targetHints":{"allow":["GET"]}}],"collection":[{"href":"https:\/\/www.3p-gmbh.de\/it\/wp-json\/wp\/v2\/product"}],"about":[{"href":"https:\/\/www.3p-gmbh.de\/it\/wp-json\/wp\/v2\/types\/product"}],"wp:featuredmedia":[{"embeddable":true,"href":"https:\/\/www.3p-gmbh.de\/it\/wp-json\/wp\/v2\/media\/123854"}],"wp:attachment":[{"href":"https:\/\/www.3p-gmbh.de\/it\/wp-json\/wp\/v2\/media?parent=123870"}],"wp:term":[{"taxonomy":"product_brand","embeddable":true,"href":"https:\/\/www.3p-gmbh.de\/it\/wp-json\/wp\/v2\/product_brand?post=123870"},{"taxonomy":"product_cat","embeddable":true,"href":"https:\/\/www.3p-gmbh.de\/it\/wp-json\/wp\/v2\/product_cat?post=123870"},{"taxonomy":"product_tag","embeddable":true,"href":"https:\/\/www.3p-gmbh.de\/it\/wp-json\/wp\/v2\/product_tag?post=123870"}],"curies":[{"name":"wp","href":"https:\/\/api.w.org\/{rel}","templated":true}]}}