{"id":121421,"date":"2024-12-17T07:40:36","date_gmt":"2024-12-17T07:40:36","guid":{"rendered":"https:\/\/www.3p-gmbh.de\/?post_type=product&#038;p=121421"},"modified":"2024-12-17T07:40:36","modified_gmt":"2024-12-17T07:40:36","slug":"akku-umreifungsgeraet-orgapack-or-t-200","status":"publish","type":"product","link":"https:\/\/www.3p-gmbh.de\/it\/produkt\/akku-umreifungsgeraet-orgapack-or-t-200\/","title":{"rendered":"Akku-Umreifungsger\u00e4t Orgapack OR-T 200"},"content":{"rendered":"<p><span style=\"color: #0000ff;\"><strong>Akku-Umreifungsger\u00e4t Orgapack OR-T 200<\/strong><\/span><\/p>\n<div class=\"marginTop--large marginBottom--large\">\n<div id=\"itemcard0\" class=\"container marginTop--large marginBottom--large\">\n<div class=\"row\">\n<div class=\"col-xs-12 col-xlg-9\"><span style=\"font-size: medium;\"><span style=\"color: #000000;\">Gebraucht &#8211; Werkstattgepr\u00fcft<\/span><\/span><\/div>\n<div><\/div>\n<div class=\"col-xs-12 col-xlg-9\"><span style=\"font-size: medium;\">Beschreibung<\/span><\/div>\n<\/div>\n<\/div>\n<div id=\"itemcard1\" class=\"container marginTop--large marginBottom--large\">\n<div class=\"row\">\n<div class=\"col-xs-12 col-xlg-9\"><span style=\"font-size: medium;\">der aktuelle Stand der Technik.<\/span><\/div>\n<div class=\"col-xs-12 col-xlg-9\"><span style=\"font-size: medium;\">Es zeichnet sich durch einteiliges Bandeinlegen, sichere Einhandbedienung, hohe Spannkraft und geringes Gewicht bei ausgewogener Balance aus.<\/span><\/div>\n<div class=\"col-xs-12 col-xlg-9\"><span style=\"font-size: medium;\">\u00dcber die neuartige Aluminium-Tastatur lassen sich Spannkraft und Schwei\u00dfzeit mittels Mikrodruckschalter, die eine fehlerfreie Bedienung auch mit Handschuhen gew\u00e4hrleisten,<\/span><\/div>\n<div class=\"col-xs-12 col-xlg-9\"><span style=\"font-size: medium;\">optimal Ihrem Packgut und dem eingesetzten Umreifungsband anpassen.<\/span><\/div>\n<div class=\"col-xs-12 col-xlg-9\"><span style=\"font-size: medium;\">W\u00e4hlen Sie eine Spannkraft zwischen 0 \/ 400 N und 2.000 N aus und stellen Sie das Ger\u00e4t auf das von Ihnen verwendete PP- oder PET-Band ein.<\/span><\/div>\n<div class=\"col-xs-12 col-xlg-9\"><span style=\"font-size: medium;\">Das Displayfeld informiert Sie jederzeit optisch, mehrfarbig und akustisch \u00fcber den Akkuladestand, die eingestellte Spannkraft und die Schwei\u00dfzeit-Einstellung.<\/span><\/div>\n<div class=\"col-xs-12 col-xlg-9\"><\/div>\n<div class=\"col-xs-12 col-xlg-9\"><span style=\"font-size: medium;\">Besonderen Wert wurde auf eine kompakte und robuste Konstruktion speziell f\u00fcr den Industrieeinsatz gelegt.<\/span><\/div>\n<div class=\"col-xs-12 col-xlg-9\"><span style=\"font-size: medium;\">So finden Sie einen ergonomisch geformten Griffbereich mit Antirutscheinlage und einen integrierten Akkuschutz,<\/span><\/div>\n<div class=\"col-xs-12 col-xlg-9\"><span style=\"font-size: medium;\">der Besch\u00e4digungen des Akkus beim Herunterfallen zuverl\u00e4ssig verhindert.<\/span><\/div>\n<div class=\"col-xs-12 col-xlg-9\"><\/div>\n<div class=\"col-xs-12 col-xlg-9\"><span style=\"font-size: medium;\">Mit dem OR-T200 k\u00f6nnen Sie PP- und PET-B\u00e4nder mit 12 mm bis 16 mm Bandbreite und mit bis zu 1 mm Dicke verarbeiten.<\/span><\/div>\n<div class=\"col-xs-12 col-xlg-9\"><span style=\"font-size: medium;\">Abh\u00e4ngig von der Anwendung und dem eingesetzten Band umreifen Sie mit einer Akkuladung bis zu 200 Mal.<\/span><\/div>\n<\/div>\n<\/div>\n<\/div>\n<div class=\"marginTop--large marginBottom--large\">\n<div class=\"container\">\n<div class=\"row\">\n<div class=\"col-xs-12 col-xlg-9\">\n<div class=\"itemcardVideos owl-carousel owl-loaded owl-drag\">\n<div class=\"owl-stage-outer\">\n<div class=\"owl-stage\"><\/div>\n<\/div>\n<\/div>\n<\/div>\n<\/div>\n<\/div>\n<\/div>\n<div class=\"marginTop--large marginBottom--large\">\n<div id=\"itemcardFeatures\" class=\"container marginTop--large marginBottom--large\">\n<div class=\"row\">\n<div class=\"col-xs-12 col-xlg-9\">\n<h3><\/h3>\n<table class=\"attributesTable table\">\n<tbody>\n<tr>\n<td class=\"attribute_code\">F\u00fcr PP-Band<\/td>\n<td class=\"attribute_text\">Ja<\/td>\n<\/tr>\n<tr>\n<td class=\"attribute_code\">F\u00fcr PET-Band<\/td>\n<td class=\"attribute_text\">Ja<\/td>\n<\/tr>\n<tr>\n<td class=\"attribute_code\">Bandbreite<\/td>\n<td class=\"attribute_text\">12 bis 16 mm<\/td>\n<\/tr>\n<tr>\n<td class=\"attribute_code\">Max Spannkraft Standard-Modus<\/td>\n<td class=\"attribute_text\">2000 N<\/td>\n<\/tr>\n<tr>\n<td class=\"attribute_code\">Bandst\u00e4rke<\/td>\n<td class=\"attribute_text\">0,50 bis 1,00 mm<\/td>\n<\/tr>\n<tr>\n<td class=\"attribute_code\">L\u00e4nge<\/td>\n<td class=\"attribute_text\">375 mm<\/td>\n<\/tr>\n<tr>\n<td class=\"attribute_code\">Breite<\/td>\n<td class=\"attribute_text\">130 mm<\/td>\n<\/tr>\n<tr>\n<td class=\"attribute_code\">H\u00f6he<\/td>\n<td class=\"attribute_text\">140 mm<\/td>\n<\/tr>\n<tr>\n<td class=\"attribute_code\">Gewicht<\/td>\n<td class=\"attribute_text\">3,9 kg<\/td>\n<\/tr>\n<tr>\n<td class=\"attribute_code\">Spannmethode<\/td>\n<td class=\"attribute_text\">elektrisch \/ elektrisch<\/td>\n<\/tr>\n<tr>\n<td class=\"attribute_code\">Verschlussart<\/td>\n<td class=\"attribute_text\">Reibschwei\u00dfverschluss<\/td>\n<\/tr>\n<tr>\n<td class=\"attribute_code\">Verschlussmethode<\/td>\n<td class=\"attribute_text\">elektrisch \/ elektrisch<\/td>\n<\/tr>\n<tr>\n<td class=\"attribute_code\">Akkutechnologie<\/td>\n<td class=\"attribute_text\">NiCd oder NiMH<\/td>\n<\/tr>\n<tr>\n<td class=\"attribute_code\">Akkuspannung<\/td>\n<td class=\"attribute_text\">12 V<\/td>\n<\/tr>\n<tr>\n<td class=\"attribute_code\">Akkukapazit\u00e4t<\/td>\n<td class=\"attribute_text\">3.0 Ah<\/td>\n<\/tr>\n<tr>\n<td class=\"attribute_code\">Akkuladezeit<\/td>\n<td class=\"attribute_text\">ca. 60 Minuten<\/td>\n<\/tr>\n<tr>\n<td class=\"attribute_code\">Akkulebensdauer<\/td>\n<td class=\"attribute_text\">bis 2.000 Ladungen<\/td>\n<\/tr>\n<tr>\n<td class=\"attribute_code\">Ladeger\u00e4t<\/td>\n<td class=\"attribute_text\">230 V<\/td>\n<\/tr>\n<tr>\n<td class=\"attribute_code\">Art<\/td>\n<td class=\"attribute_text\">Akku-Umreifungsger\u00e4t<\/td>\n<\/tr>\n<tr>\n<td class=\"attribute_code\">Max Spanngeschwindigkeit<\/td>\n<td class=\"attribute_text\">260 mm\/s<\/td>\n<\/tr>\n<tr>\n<td class=\"attribute_code\">Min Spanngeschwindigkeit<\/td>\n<td class=\"attribute_text\">0<\/td>\n<\/tr>\n<tr>\n<td class=\"attribute_code\">Min Spannkraft Standard-Modus<\/td>\n<td class=\"attribute_text\">400 N<\/td>\n<\/tr>\n<tr>\n<td class=\"attribute_code\">Motoranzahl<\/td>\n<td class=\"attribute_text\">1<\/td>\n<\/tr>\n<tr>\n<td class=\"attribute_code\">Verbrauchsmaterial max. Bandbreite<\/td>\n<td class=\"attribute_text\">16 mm<\/td>\n<\/tr>\n<tr>\n<td class=\"attribute_code\">Verbrauchsmaterial min. Bandbreite<\/td>\n<td class=\"attribute_text\">12 mm<\/td>\n<\/tr>\n<tr>\n<td class=\"attribute_code\">Verbrauchsmaterial max. Bandst\u00e4rke<\/td>\n<td class=\"attribute_text\">1,0 mm<\/td>\n<\/tr>\n<tr>\n<td class=\"attribute_code\">Verbrauchsmaterial min. Bandst\u00e4rke<\/td>\n<td class=\"attribute_text\">0,50 mm<\/td>\n<\/tr>\n<tr>\n<td class=\"attribute_code\">Zyklen pro Akkuladung<\/td>\n<td class=\"attribute_text\">bis zu 2.000 Umreifungen<\/td>\n<\/tr>\n<tr>\n<td class=\"attribute_code\">CE-Konformit\u00e4t<\/td>\n<td class=\"attribute_text\">Ja<\/td>\n<\/tr>\n<tr>\n<td class=\"attribute_code\">F\u00fcr Papier-Band<\/td>\n<td class=\"attribute_text\">Nein<\/td>\n<\/tr>\n<tr>\n<td class=\"attribute_code\">F\u00fcr Stahlband<\/td>\n<td class=\"attribute_text\">Nein<\/td>\n<\/tr>\n<tr>\n<td class=\"attribute_code\">F\u00fcr Textilband<\/td>\n<td class=\"attribute_text\">Nein<\/td>\n<\/tr>\n<tr>\n<td class=\"attribute_code\">RoHS-Konformit\u00e4t<\/td>\n<td class=\"attribute_text\">Ja<\/td>\n<\/tr>\n<tr>\n<td class=\"attribute_code\">Reach-Konformit\u00e4t<\/td>\n<td class=\"attribute_text\">Ja<\/td>\n<\/tr>\n<\/tbody>\n<\/table>\n<\/div>\n<\/div>\n<\/div>\n<\/div>\n","protected":false},"excerpt":{"rendered":"<p>Akku-Umreifungsger\u00e4t Orgapack OR-T 200 Gebraucht &#8211; Werkstattgepr\u00fcft Beschreibung der aktuelle Stand der Technik. Es zeichnet sich durch einteiliges Bandeinlegen, sichere Einhandbedienung, hohe Spannkraft und geringes Gewicht bei ausgewogener Balance aus. \u00dcber die neuartige Aluminium-Tastatur lassen sich Spannkraft und Schwei\u00dfzeit mittels Mikrodruckschalter, die eine fehlerfreie Bedienung auch mit Handschuhen gew\u00e4hrleisten, optimal Ihrem Packgut und dem eingesetzten [&hellip;]<\/p>\n","protected":false},"featured_media":121422,"template":"","meta":[],"product_brand":[],"product_cat":[2068],"product_tag":[],"class_list":{"0":"post-121421","1":"product","2":"type-product","3":"status-publish","4":"has-post-thumbnail","6":"product_cat-lagerbedarf-schmierstoffe-oele","8":"first","9":"instock","10":"taxable","11":"shipping-taxable","12":"product-type-simple"},"jetpack_sharing_enabled":true,"_links":{"self":[{"href":"https:\/\/www.3p-gmbh.de\/it\/wp-json\/wp\/v2\/product\/121421","targetHints":{"allow":["GET"]}}],"collection":[{"href":"https:\/\/www.3p-gmbh.de\/it\/wp-json\/wp\/v2\/product"}],"about":[{"href":"https:\/\/www.3p-gmbh.de\/it\/wp-json\/wp\/v2\/types\/product"}],"wp:featuredmedia":[{"embeddable":true,"href":"https:\/\/www.3p-gmbh.de\/it\/wp-json\/wp\/v2\/media\/121422"}],"wp:attachment":[{"href":"https:\/\/www.3p-gmbh.de\/it\/wp-json\/wp\/v2\/media?parent=121421"}],"wp:term":[{"taxonomy":"product_brand","embeddable":true,"href":"https:\/\/www.3p-gmbh.de\/it\/wp-json\/wp\/v2\/product_brand?post=121421"},{"taxonomy":"product_cat","embeddable":true,"href":"https:\/\/www.3p-gmbh.de\/it\/wp-json\/wp\/v2\/product_cat?post=121421"},{"taxonomy":"product_tag","embeddable":true,"href":"https:\/\/www.3p-gmbh.de\/it\/wp-json\/wp\/v2\/product_tag?post=121421"}],"curies":[{"name":"wp","href":"https:\/\/api.w.org\/{rel}","templated":true}]}}