{"id":114415,"date":"2019-11-15T08:24:28","date_gmt":"2019-11-15T08:24:28","guid":{"rendered":"https:\/\/www.3p-gmbh.de\/produkt\/spettrofotometro-x-rite-i1-basic-pro-2\/"},"modified":"2019-11-15T08:24:28","modified_gmt":"2019-11-15T08:24:28","slug":"spettrofotometro-x-rite-i1-basic-pro-2","status":"publish","type":"product","link":"https:\/\/www.3p-gmbh.de\/it\/produkt\/spettrofotometro-x-rite-i1-basic-pro-2\/","title":{"rendered":"Spettrofotometro X-Rite i1 Basic Pro 2"},"content":{"rendered":"<p>Con l&#8217;i1 Basic Pro 2 di X-Rite \u00e8 possibile creare in modo semplice e veloce i propri profili per monitor e proiettori, in modo da avere sempre la certezza che i colori vengano visualizzati fedelmente. Inoltre, \u00e8 possibile verificare la qualit\u00e0 di stampa e le prove di stampa morbide con le funzioni di controllo qualit\u00e0 integrate, nonch\u00e9 acquisire e organizzare le tinte piatte.<\/p>\n<p>X-Rite i1Basic Pro 2 combina software e hardware di altissimo livello per fornire il pacchetto di gestione del colore pi\u00f9 avanzato per l&#8217;elaborazione professionale delle immagini. Il dispositivo di profilazione \u00e8 preciso e orientato al futuro. Con una maggiore precisione, facilit\u00e0 d&#8217;uso, affidabilit\u00e0 e molte nuove funzioni professionali, segue gli ultimi sviluppi della standardizzazione ISO. L&#8217;ultima versione del software i1Profiler offre le modalit\u00e0 &#8220;Semplice&#8221; e &#8220;Avanzata&#8221;, con le quali \u00e8 possibile profilare e calibrare professionalmente monitor, proiettori e stampanti RGB\/CMYK+. Inoltre, sono incluse preimpostazioni per la produzione video e funzioni estese per il controllo della qualit\u00e0 di monitor e stampanti.<br \/>\nCon il programma PANTONE\u00ae Color Manager per la creazione di tavolozze di colori e per la simulazione digitale dei colori (&#8220;bridging&#8221;), potete facilmente mantenere aggiornate le vostre librerie PANTONE. \u00c8 inoltre possibile gestire i colori speciali e aggiungere i propri colori.<\/p>\n<p>Ambito di fornitura:<\/p>\n<ul>\n<li>Piastra del treppiede<\/li>\n<li>Attacco per treppiede<\/li>\n<li>Supporto per monitor<\/li>\n<li>Apertura di posizione<\/li>\n<li>Piastra di calibrazione<\/li>\n<li>Dispositivo di misura<\/li>\n<li>Custodia per il trasporto<\/li>\n<li>Cavo USB<\/li>\n<li>Tampone di misurazione<\/li>\n<li>Righello<\/li>\n<li>Supporto dati software<\/li>\n<li>certificato<\/li>\n<li>Manuale d&#8217;uso<\/li>\n<\/ul>\n","protected":false},"excerpt":{"rendered":"<p>Con l&#8217;i1 Basic Pro 2 di X-Rite \u00e8 possibile creare in modo semplice e veloce i propri profili per monitor e proiettori, in modo da avere sempre la certezza che i colori vengano visualizzati fedelmente. Inoltre, \u00e8 possibile verificare la qualit\u00e0 di stampa e le prove di stampa morbide con le funzioni di controllo qualit\u00e0 [&hellip;]<\/p>\n","protected":false},"featured_media":114422,"template":"","meta":[],"product_brand":[],"product_cat":[3568],"product_tag":[],"class_list":{"0":"post-114415","1":"product","2":"type-product","3":"status-publish","4":"has-post-thumbnail","6":"product_cat-strumenti-di-misura-e-garanzia-di-qualita","7":"pa_bezeichnung_typ-x-rite-i1-basic-pro-2","8":"pa_hersteller-x-rite","10":"first","11":"instock","12":"taxable","13":"shipping-taxable","14":"purchasable","15":"product-type-simple"},"jetpack_sharing_enabled":true,"_links":{"self":[{"href":"https:\/\/www.3p-gmbh.de\/it\/wp-json\/wp\/v2\/product\/114415","targetHints":{"allow":["GET"]}}],"collection":[{"href":"https:\/\/www.3p-gmbh.de\/it\/wp-json\/wp\/v2\/product"}],"about":[{"href":"https:\/\/www.3p-gmbh.de\/it\/wp-json\/wp\/v2\/types\/product"}],"wp:featuredmedia":[{"embeddable":true,"href":"https:\/\/www.3p-gmbh.de\/it\/wp-json\/wp\/v2\/media\/114422"}],"wp:attachment":[{"href":"https:\/\/www.3p-gmbh.de\/it\/wp-json\/wp\/v2\/media?parent=114415"}],"wp:term":[{"taxonomy":"product_brand","embeddable":true,"href":"https:\/\/www.3p-gmbh.de\/it\/wp-json\/wp\/v2\/product_brand?post=114415"},{"taxonomy":"product_cat","embeddable":true,"href":"https:\/\/www.3p-gmbh.de\/it\/wp-json\/wp\/v2\/product_cat?post=114415"},{"taxonomy":"product_tag","embeddable":true,"href":"https:\/\/www.3p-gmbh.de\/it\/wp-json\/wp\/v2\/product_tag?post=114415"}],"curies":[{"name":"wp","href":"https:\/\/api.w.org\/{rel}","templated":true}]}}