{"id":114401,"date":"2019-11-15T11:41:52","date_gmt":"2019-11-15T11:41:52","guid":{"rendered":"https:\/\/www.3p-gmbh.de\/produkt\/heidelberg-eurobind-eb-500-rilegatrice-perfetta-a-pinza-singola-a-caldo\/"},"modified":"2019-11-15T11:41:52","modified_gmt":"2019-11-15T11:41:52","slug":"heidelberg-eurobind-eb-500-rilegatrice-perfetta-a-pinza-singola-a-caldo","status":"publish","type":"product","link":"https:\/\/www.3p-gmbh.de\/it\/produkt\/heidelberg-eurobind-eb-500-rilegatrice-perfetta-a-pinza-singola-a-caldo\/","title":{"rendered":"Heidelberg Eurobind EB-500 rilegatrice perfetta a pinza singola a caldo"},"content":{"rendered":"<p>circa 350.000 libri<br \/>\nin ottime condizioni<br \/>\nmax. Dimensioni 32 x 44 cm<\/p>\n<ul>\n<li>Scuotitore,<\/li>\n<li>Stazione di fresatura e sgrossatura<\/li>\n<li>Unit\u00e0 di incollaggio posteriore a caldo<\/li>\n<li>Unit\u00e0 di incollaggio laterale a caldo<\/li>\n<li>Alimentatore automatico di trasbordo<\/li>\n<li>Unit\u00e0 di scanalatura doppia<\/li>\n<li>Stazione di pressatura<\/li>\n<\/ul>\n","protected":false},"excerpt":{"rendered":"<p>circa 350.000 libri in ottime condizioni max. Dimensioni 32 x 44 cm Scuotitore, Stazione di fresatura e sgrossatura Unit\u00e0 di incollaggio posteriore a caldo Unit\u00e0 di incollaggio laterale a caldo Alimentatore automatico di trasbordo Unit\u00e0 di scanalatura doppia Stazione di pressatura<\/p>\n","protected":false},"featured_media":114409,"template":"","meta":[],"product_brand":[],"product_cat":[3400],"product_tag":[],"class_list":{"0":"post-114401","1":"product","2":"type-product","3":"status-publish","4":"has-post-thumbnail","6":"product_cat-legante-adesivo","7":"pa_hersteller-eurotecnica","8":"pa_hersteller-heidelberg","9":"pa_typ-eb-500","11":"first","12":"instock","13":"taxable","14":"shipping-taxable","15":"purchasable","16":"product-type-simple"},"jetpack_sharing_enabled":true,"_links":{"self":[{"href":"https:\/\/www.3p-gmbh.de\/it\/wp-json\/wp\/v2\/product\/114401","targetHints":{"allow":["GET"]}}],"collection":[{"href":"https:\/\/www.3p-gmbh.de\/it\/wp-json\/wp\/v2\/product"}],"about":[{"href":"https:\/\/www.3p-gmbh.de\/it\/wp-json\/wp\/v2\/types\/product"}],"wp:featuredmedia":[{"embeddable":true,"href":"https:\/\/www.3p-gmbh.de\/it\/wp-json\/wp\/v2\/media\/114409"}],"wp:attachment":[{"href":"https:\/\/www.3p-gmbh.de\/it\/wp-json\/wp\/v2\/media?parent=114401"}],"wp:term":[{"taxonomy":"product_brand","embeddable":true,"href":"https:\/\/www.3p-gmbh.de\/it\/wp-json\/wp\/v2\/product_brand?post=114401"},{"taxonomy":"product_cat","embeddable":true,"href":"https:\/\/www.3p-gmbh.de\/it\/wp-json\/wp\/v2\/product_cat?post=114401"},{"taxonomy":"product_tag","embeddable":true,"href":"https:\/\/www.3p-gmbh.de\/it\/wp-json\/wp\/v2\/product_tag?post=114401"}],"curies":[{"name":"wp","href":"https:\/\/api.w.org\/{rel}","templated":true}]}}