{"id":114186,"date":"2019-11-18T15:17:26","date_gmt":"2019-11-18T15:17:26","guid":{"rendered":"https:\/\/www.3p-gmbh.de\/produkt\/macchina-laminatrice-gbc-voyager-3\/"},"modified":"2019-11-18T15:17:26","modified_gmt":"2019-11-18T15:17:26","slug":"macchina-laminatrice-gbc-voyager-3","status":"publish","type":"product","link":"https:\/\/www.3p-gmbh.de\/it\/produkt\/macchina-laminatrice-gbc-voyager-3\/","title":{"rendered":"Macchina laminatrice GBC Voyager 3"},"content":{"rendered":"<ul>\n<li>Plastificatrice termica ad alta velocit\u00e0 per stampa offset e digitale<\/li>\n<li>con sistema ad alta velocit\u00e0<\/li>\n<li>min. Dimensioni del foglio 21,6 x 28 cm<\/li>\n<li>max. Formato del foglio 76,2 x 101,6 cm<\/li>\n<li>Velocit\u00e0 45,7 m\/min<\/li>\n<li>Molo del capannone<\/li>\n<li>Consegna automatica<\/li>\n<\/ul>\n","protected":false},"excerpt":{"rendered":"<p>Plastificatrice termica ad alta velocit\u00e0 per stampa offset e digitale con sistema ad alta velocit\u00e0 min. Dimensioni del foglio 21,6 x 28 cm max. Formato del foglio 76,2 x 101,6 cm Velocit\u00e0 45,7 m\/min Molo del capannone Consegna automatica<\/p>\n","protected":false},"featured_media":114195,"template":"","meta":[],"product_brand":[],"product_cat":[3598],"product_tag":[],"class_list":{"0":"post-114186","1":"product","2":"type-product","3":"status-publish","4":"has-post-thumbnail","6":"product_cat-macchine-per-la-laminazione-it","7":"pa_hersteller-gbc","8":"pa_typ-voyager-3","10":"first","11":"instock","12":"taxable","13":"shipping-taxable","14":"purchasable","15":"product-type-simple"},"jetpack_sharing_enabled":true,"_links":{"self":[{"href":"https:\/\/www.3p-gmbh.de\/it\/wp-json\/wp\/v2\/product\/114186","targetHints":{"allow":["GET"]}}],"collection":[{"href":"https:\/\/www.3p-gmbh.de\/it\/wp-json\/wp\/v2\/product"}],"about":[{"href":"https:\/\/www.3p-gmbh.de\/it\/wp-json\/wp\/v2\/types\/product"}],"wp:featuredmedia":[{"embeddable":true,"href":"https:\/\/www.3p-gmbh.de\/it\/wp-json\/wp\/v2\/media\/114195"}],"wp:attachment":[{"href":"https:\/\/www.3p-gmbh.de\/it\/wp-json\/wp\/v2\/media?parent=114186"}],"wp:term":[{"taxonomy":"product_brand","embeddable":true,"href":"https:\/\/www.3p-gmbh.de\/it\/wp-json\/wp\/v2\/product_brand?post=114186"},{"taxonomy":"product_cat","embeddable":true,"href":"https:\/\/www.3p-gmbh.de\/it\/wp-json\/wp\/v2\/product_cat?post=114186"},{"taxonomy":"product_tag","embeddable":true,"href":"https:\/\/www.3p-gmbh.de\/it\/wp-json\/wp\/v2\/product_tag?post=114186"}],"curies":[{"name":"wp","href":"https:\/\/api.w.org\/{rel}","templated":true}]}}