{"id":113654,"date":"2019-11-21T14:29:57","date_gmt":"2019-11-21T14:29:57","guid":{"rendered":"https:\/\/www.3p-gmbh.de\/produkt\/punzonatrice-universale-traenklein-usm\/"},"modified":"2019-11-21T14:29:57","modified_gmt":"2019-11-21T14:29:57","slug":"punzonatrice-universale-traenklein-usm","status":"publish","type":"product","link":"https:\/\/www.3p-gmbh.de\/it\/produkt\/punzonatrice-universale-traenklein-usm\/","title":{"rendered":"Punzonatrice universale Tr\u00e4nklein USM"},"content":{"rendered":"<p>con un utensile per taglio a registro a 45\u00b0, lunghezza lama 40 cm<\/p>\n<p>\u00e8 adatto per la punzonatura di carta, cartone, plastica, ecc.<br \/>\nPu\u00f2 essere equipaggiata con numerosi utensili di punzonatura facilmente intercambiabili per un&#8217;ampia variet\u00e0 di lavori di punzonatura.<br \/>\nLa struttura della punzonatrice \u00e8 composta da tre parti principali: Telaio di base, slitta portautensili e tavola di supporto.<br \/>\nIl sollevatore viene azionato da un interruttore elettrico a pedale (o automaticamente),<br \/>\nL&#8217;altezza di sollevamento della macchina pu\u00f2 essere regolata in base alla forma dell&#8217;utensile e al materiale di punzonatura.<br \/>\nGli scarti prodotti durante la punzonatura cadono lungo i lati attraverso due scivoli e possono essere raccolti in contenitori.<\/p>\n<p>+Per fustellare carta, cartone e plastica con lama superiore e inferiore<br \/>\n+Attrezzatura elettrica: Motore con freno a ingranaggi 400 Volt, 3 Ph, 50 Hz, 1,5 kW<br \/>\n+Altezza di impilamento max. 80 mm<br \/>\n+corsa max. 100 mm<br \/>\n+Dimensioni del tavolo 900 x 480 mm<br \/>\n+Spazio necessario 100 x 95 x 140 cm<br \/>\n+Peso netto 350 kg<\/p>\n","protected":false},"excerpt":{"rendered":"<p>con un utensile per taglio a registro a 45\u00b0, lunghezza lama 40 cm \u00e8 adatto per la punzonatura di carta, cartone, plastica, ecc. Pu\u00f2 essere equipaggiata con numerosi utensili di punzonatura facilmente intercambiabili per un&#8217;ampia variet\u00e0 di lavori di punzonatura. La struttura della punzonatrice \u00e8 composta da tre parti principali: Telaio di base, slitta portautensili [&hellip;]<\/p>\n","protected":false},"featured_media":113675,"template":"","meta":[],"product_brand":[],"product_cat":[3171],"product_tag":[],"class_list":{"0":"post-113654","1":"product","2":"type-product","3":"status-publish","4":"has-post-thumbnail","6":"product_cat-punzonatura","7":"pa_hersteller-karl-traenklein","8":"pa_typ-usm","10":"first","11":"instock","12":"taxable","13":"shipping-taxable","14":"purchasable","15":"product-type-simple"},"jetpack_sharing_enabled":true,"_links":{"self":[{"href":"https:\/\/www.3p-gmbh.de\/it\/wp-json\/wp\/v2\/product\/113654","targetHints":{"allow":["GET"]}}],"collection":[{"href":"https:\/\/www.3p-gmbh.de\/it\/wp-json\/wp\/v2\/product"}],"about":[{"href":"https:\/\/www.3p-gmbh.de\/it\/wp-json\/wp\/v2\/types\/product"}],"wp:featuredmedia":[{"embeddable":true,"href":"https:\/\/www.3p-gmbh.de\/it\/wp-json\/wp\/v2\/media\/113675"}],"wp:attachment":[{"href":"https:\/\/www.3p-gmbh.de\/it\/wp-json\/wp\/v2\/media?parent=113654"}],"wp:term":[{"taxonomy":"product_brand","embeddable":true,"href":"https:\/\/www.3p-gmbh.de\/it\/wp-json\/wp\/v2\/product_brand?post=113654"},{"taxonomy":"product_cat","embeddable":true,"href":"https:\/\/www.3p-gmbh.de\/it\/wp-json\/wp\/v2\/product_cat?post=113654"},{"taxonomy":"product_tag","embeddable":true,"href":"https:\/\/www.3p-gmbh.de\/it\/wp-json\/wp\/v2\/product_tag?post=113654"}],"curies":[{"name":"wp","href":"https:\/\/api.w.org\/{rel}","templated":true}]}}