{"id":110658,"date":"2020-02-06T11:05:33","date_gmt":"2020-02-06T11:05:33","guid":{"rendered":"https:\/\/www.3p-gmbh.de\/produkt\/mbo-t-700-4-r-cartella-con-fibbia-perfection\/"},"modified":"2020-02-06T11:05:33","modified_gmt":"2020-02-06T11:05:33","slug":"mbo-t-700-4-r-cartella-con-fibbia-perfection","status":"publish","type":"product","link":"https:\/\/www.3p-gmbh.de\/it\/produkt\/mbo-t-700-4-r-cartella-con-fibbia-perfection\/","title":{"rendered":"MBO T 700-4-R Cartella con fibbia Perfection"},"content":{"rendered":"<ul>\n<li>Alimentatore di pile rotonde a doppia alimentazione con MC Kontrol e sistema di alimentazione dei fogli Vivas con nastri di aspirazione<\/li>\n<li>Unit\u00e0 pieghevole 1 con 4 piastre combinate 68 cm<\/li>\n<li>Assi semplici del blocco fresa<\/li>\n<li>senza display<\/li>\n<\/ul>\n<p>come opzione:<\/p>\n<ul>\n<li>2a unit\u00e0 di piegatura T 700-2-68-4<\/li>\n<li>con tavolo a rulli ad alta velocit\u00e0 e 4 piastre combinate 68 cm<\/li>\n<li>con albero singolo del blocco fresa a valle<\/li>\n<\/ul>\n","protected":false},"excerpt":{"rendered":"<p>Alimentatore di pile rotonde a doppia alimentazione con MC Kontrol e sistema di alimentazione dei fogli Vivas con nastri di aspirazione Unit\u00e0 pieghevole 1 con 4 piastre combinate 68 cm Assi semplici del blocco fresa senza display come opzione: 2a unit\u00e0 di piegatura T 700-2-68-4 con tavolo a rulli ad alta velocit\u00e0 e 4 piastre [&hellip;]<\/p>\n","protected":false},"featured_media":110660,"template":"","meta":[],"product_brand":[],"product_cat":[3393],"product_tag":[],"class_list":{"0":"post-110658","1":"product","2":"type-product","3":"status-publish","4":"has-post-thumbnail","6":"product_cat-macchine-piegatrici","7":"pa_bezeichnung_typ-t-700-4-r","8":"pa_hersteller-mbo-maschinenbau-oppenweiler-binder-gmbh","10":"first","11":"instock","12":"taxable","13":"shipping-taxable","14":"purchasable","15":"product-type-simple"},"jetpack_sharing_enabled":true,"_links":{"self":[{"href":"https:\/\/www.3p-gmbh.de\/it\/wp-json\/wp\/v2\/product\/110658","targetHints":{"allow":["GET"]}}],"collection":[{"href":"https:\/\/www.3p-gmbh.de\/it\/wp-json\/wp\/v2\/product"}],"about":[{"href":"https:\/\/www.3p-gmbh.de\/it\/wp-json\/wp\/v2\/types\/product"}],"wp:featuredmedia":[{"embeddable":true,"href":"https:\/\/www.3p-gmbh.de\/it\/wp-json\/wp\/v2\/media\/110660"}],"wp:attachment":[{"href":"https:\/\/www.3p-gmbh.de\/it\/wp-json\/wp\/v2\/media?parent=110658"}],"wp:term":[{"taxonomy":"product_brand","embeddable":true,"href":"https:\/\/www.3p-gmbh.de\/it\/wp-json\/wp\/v2\/product_brand?post=110658"},{"taxonomy":"product_cat","embeddable":true,"href":"https:\/\/www.3p-gmbh.de\/it\/wp-json\/wp\/v2\/product_cat?post=110658"},{"taxonomy":"product_tag","embeddable":true,"href":"https:\/\/www.3p-gmbh.de\/it\/wp-json\/wp\/v2\/product_tag?post=110658"}],"curies":[{"name":"wp","href":"https:\/\/api.w.org\/{rel}","templated":true}]}}