{"id":110454,"date":"2020-03-10T12:15:35","date_gmt":"2020-03-10T12:15:35","guid":{"rendered":"https:\/\/www.3p-gmbh.de\/produkt\/sollevatore-baumann-nup-650\/"},"modified":"2020-03-10T12:15:35","modified_gmt":"2020-03-10T12:15:35","slug":"sollevatore-baumann-nup-650","status":"publish","type":"product","link":"https:\/\/www.3p-gmbh.de\/it\/produkt\/sollevatore-baumann-nup-650\/","title":{"rendered":"Sollevatore Baumann NUP 650"},"content":{"rendered":"<p>I sollevatori impilabili consentono di lavorare facilmente a un&#8217;altezza di lavoro confortevole.<br \/>\nElevata produttivit\u00e0 grazie al cambio rapido dei pallet (alta<br \/>\nvelocit\u00e0 di abbassamento)<br \/>\nUtilizzo flessibile (mobile su ruote piroettanti) pu\u00f2 essere utilizzato su<br \/>\ndiverse postazioni di lavoro (ad es. macchina da taglio, piegatrice)<\/p>\n<p>Dati tecnici<br \/>\n&#8211; Mobile su ruote girevoli<br \/>\n&#8211; Dimensioni interne del vassoio circa 785 x 1150 mm<br \/>\n&#8211; Altezza di sollevamento fino a 1000 mm<br \/>\n&#8211; Capacit\u00e0 di carico massima kg 650<br \/>\n&#8211; Fotocellula regolabile in altezza per la regolazione automatica dell&#8217;altezza di lavoro<\/p>\n","protected":false},"excerpt":{"rendered":"<p>I sollevatori impilabili consentono di lavorare facilmente a un&#8217;altezza di lavoro confortevole. Elevata produttivit\u00e0 grazie al cambio rapido dei pallet (alta velocit\u00e0 di abbassamento) Utilizzo flessibile (mobile su ruote piroettanti) pu\u00f2 essere utilizzato su diverse postazioni di lavoro (ad es. macchina da taglio, piegatrice) Dati tecnici &#8211; Mobile su ruote girevoli &#8211; Dimensioni interne del [&hellip;]<\/p>\n","protected":false},"featured_media":110464,"template":"","meta":[],"product_brand":[],"product_cat":[3263],"product_tag":[],"class_list":{"0":"post-110454","1":"product","2":"type-product","3":"status-publish","4":"has-post-thumbnail","6":"product_cat-sollevatori-e-sollevatori-impilabili","7":"pa_hersteller-baumann","8":"pa_typ-nup-650","10":"first","11":"instock","12":"taxable","13":"shipping-taxable","14":"purchasable","15":"product-type-simple"},"jetpack_sharing_enabled":true,"_links":{"self":[{"href":"https:\/\/www.3p-gmbh.de\/it\/wp-json\/wp\/v2\/product\/110454","targetHints":{"allow":["GET"]}}],"collection":[{"href":"https:\/\/www.3p-gmbh.de\/it\/wp-json\/wp\/v2\/product"}],"about":[{"href":"https:\/\/www.3p-gmbh.de\/it\/wp-json\/wp\/v2\/types\/product"}],"wp:featuredmedia":[{"embeddable":true,"href":"https:\/\/www.3p-gmbh.de\/it\/wp-json\/wp\/v2\/media\/110464"}],"wp:attachment":[{"href":"https:\/\/www.3p-gmbh.de\/it\/wp-json\/wp\/v2\/media?parent=110454"}],"wp:term":[{"taxonomy":"product_brand","embeddable":true,"href":"https:\/\/www.3p-gmbh.de\/it\/wp-json\/wp\/v2\/product_brand?post=110454"},{"taxonomy":"product_cat","embeddable":true,"href":"https:\/\/www.3p-gmbh.de\/it\/wp-json\/wp\/v2\/product_cat?post=110454"},{"taxonomy":"product_tag","embeddable":true,"href":"https:\/\/www.3p-gmbh.de\/it\/wp-json\/wp\/v2\/product_tag?post=110454"}],"curies":[{"name":"wp","href":"https:\/\/api.w.org\/{rel}","templated":true}]}}