{"id":109988,"date":"2020-05-12T14:28:22","date_gmt":"2020-05-12T14:28:22","guid":{"rendered":"https:\/\/www.3p-gmbh.de\/produkt\/polar-automatic-jogger-ra-4-con-rullo-spargitore-ad-aria-compressa\/"},"modified":"2020-05-12T14:28:22","modified_gmt":"2020-05-12T14:28:22","slug":"polar-automatic-jogger-ra-4-con-rullo-spargitore-ad-aria-compressa","status":"publish","type":"product","link":"https:\/\/www.3p-gmbh.de\/it\/produkt\/polar-automatic-jogger-ra-4-con-rullo-spargitore-ad-aria-compressa\/","title":{"rendered":"Polar automatic jogger RA 4 con rullo spargitore ad aria compressa"},"content":{"rendered":"<p>Una volta completato il processo di vibrazione, l&#8217;aria viene estratta dallo strato di taglio.<br \/>\nSi pu\u00f2 stendere una o due volte, regolando la pressione della prima stesura e, se il tavolo \u00e8 inclinato, si pu\u00f2 anche &#8220;stendere in mezzo&#8221;.<\/p>\n<p>Dimensioni del tavolo 900&#215;1150 mm<br \/>\nAltezza strato min. 30 mm<br \/>\nAltezza strato uomo. 80 mm<br \/>\nFabbisogno di aria compressa a 6-8 bar circa 2 litri\/min.<\/p>\n","protected":false},"excerpt":{"rendered":"<p>Una volta completato il processo di vibrazione, l&#8217;aria viene estratta dallo strato di taglio. Si pu\u00f2 stendere una o due volte, regolando la pressione della prima stesura e, se il tavolo \u00e8 inclinato, si pu\u00f2 anche &#8220;stendere in mezzo&#8221;. Dimensioni del tavolo 900&#215;1150 mm Altezza strato min. 30 mm Altezza strato uomo. 80 mm Fabbisogno [&hellip;]<\/p>\n","protected":false},"featured_media":109989,"template":"","meta":[],"product_brand":[],"product_cat":[3257],"product_tag":[],"class_list":{"0":"post-109988","1":"product","2":"type-product","3":"status-publish","4":"has-post-thumbnail","6":"product_cat-tavoli-vibranti","7":"pa_hersteller-polar-mohr","8":"pa_typ-ra-4-ra-4","10":"first","11":"instock","12":"taxable","13":"shipping-taxable","14":"product-type-simple"},"jetpack_sharing_enabled":true,"_links":{"self":[{"href":"https:\/\/www.3p-gmbh.de\/it\/wp-json\/wp\/v2\/product\/109988","targetHints":{"allow":["GET"]}}],"collection":[{"href":"https:\/\/www.3p-gmbh.de\/it\/wp-json\/wp\/v2\/product"}],"about":[{"href":"https:\/\/www.3p-gmbh.de\/it\/wp-json\/wp\/v2\/types\/product"}],"wp:featuredmedia":[{"embeddable":true,"href":"https:\/\/www.3p-gmbh.de\/it\/wp-json\/wp\/v2\/media\/109989"}],"wp:attachment":[{"href":"https:\/\/www.3p-gmbh.de\/it\/wp-json\/wp\/v2\/media?parent=109988"}],"wp:term":[{"taxonomy":"product_brand","embeddable":true,"href":"https:\/\/www.3p-gmbh.de\/it\/wp-json\/wp\/v2\/product_brand?post=109988"},{"taxonomy":"product_cat","embeddable":true,"href":"https:\/\/www.3p-gmbh.de\/it\/wp-json\/wp\/v2\/product_cat?post=109988"},{"taxonomy":"product_tag","embeddable":true,"href":"https:\/\/www.3p-gmbh.de\/it\/wp-json\/wp\/v2\/product_tag?post=109988"}],"curies":[{"name":"wp","href":"https:\/\/api.w.org\/{rel}","templated":true}]}}