{"id":103341,"date":"2022-01-28T15:01:24","date_gmt":"2022-01-28T15:01:24","guid":{"rendered":"https:\/\/www.3p-gmbh.de\/produkt\/punzonatrice-e-annullatrice-pernuma-perfoset-e-xl\/"},"modified":"2022-01-28T15:01:24","modified_gmt":"2022-01-28T15:01:24","slug":"punzonatrice-e-annullatrice-pernuma-perfoset-e-xl","status":"publish","type":"product","link":"https:\/\/www.3p-gmbh.de\/it\/produkt\/punzonatrice-e-annullatrice-pernuma-perfoset-e-xl\/","title":{"rendered":"Punzonatrice e annullatrice Pernuma PERFOSET E\/XL"},"content":{"rendered":"<p><strong>Punzonatrice e annullatrice Pernuma PERFOSET E\/XL<\/strong><br \/>\n<strong>incl. 1 utensile a stella installato in modo permanente in \u00d8 8<\/strong><\/p>\n<p>PERFOSET E\/XL \u00e8 un apparecchio elettrico cancellatore di fori molto robusto per l&#8217;ufficio.<br \/>\n\u00c8 possibile etichettare fino a 100 fogli (70 g) con un segno di punzonatura in un&#8217;unica operazione.<br \/>\nLa profondit\u00e0 di inserimento \u00e8 di 85 mm.<\/p>\n<p>Ad esempio, le carte d&#8217;identit\u00e0, le carte degli assegni o i documenti di gara possono essere contrassegnati o annullati in modo sicuro.<\/p>\n<p>Il carattere desiderato \u00e8 installato in modo permanente.<\/p>\n<p>-Robusta macchina elettrica da banco con utensile di punzonatura fisso in \u00d8 8 mm (standard)<br \/>\n-13 tipi diversi di punzonatura, altri diametri (compresa la punzonatura Euro per i blister) sono disponibili come optional con un sovrapprezzo<br \/>\n-Azionato da un pulsante laterale o dall&#8217;interruttore elettronico a pedale<br \/>\n-Capacit\u00e0 di perforazione fino a 100 fogli (carta da 70 g\/m\u00b2)<br \/>\n-Profondit\u00e0 di inserimento: circa 85 mm (bordo inferiore o superiore del foglio di carta)<br \/>\n-Profondit\u00e0 e battuta laterale regolabili<br \/>\n-Allacciamento: 230 V \/ 50 Hz<br \/>\n-Dimensioni: L390 x P590 x H270 mm (+imballo)<br \/>\n-Peso: 26<\/p>\n","protected":false},"excerpt":{"rendered":"<p>Punzonatrice e annullatrice Pernuma PERFOSET E\/XL incl. 1 utensile a stella installato in modo permanente in \u00d8 8 PERFOSET E\/XL \u00e8 un apparecchio elettrico cancellatore di fori molto robusto per l&#8217;ufficio. \u00c8 possibile etichettare fino a 100 fogli (70 g) con un segno di punzonatura in un&#8217;unica operazione. La profondit\u00e0 di inserimento \u00e8 di 85 [&hellip;]<\/p>\n","protected":false},"featured_media":103357,"template":"","meta":[],"product_brand":[],"product_cat":[3171,3188],"product_tag":[],"class_list":{"0":"post-103341","1":"product","2":"type-product","3":"status-publish","4":"has-post-thumbnail","6":"product_cat-punzonatura","7":"product_cat-rilegatura-di-assortimento","8":"pa_hersteller-pernuma","9":"pa_typ-perfoset-e-xl","11":"first","12":"instock","13":"taxable","14":"shipping-taxable","15":"product-type-simple"},"jetpack_sharing_enabled":true,"_links":{"self":[{"href":"https:\/\/www.3p-gmbh.de\/it\/wp-json\/wp\/v2\/product\/103341","targetHints":{"allow":["GET"]}}],"collection":[{"href":"https:\/\/www.3p-gmbh.de\/it\/wp-json\/wp\/v2\/product"}],"about":[{"href":"https:\/\/www.3p-gmbh.de\/it\/wp-json\/wp\/v2\/types\/product"}],"wp:featuredmedia":[{"embeddable":true,"href":"https:\/\/www.3p-gmbh.de\/it\/wp-json\/wp\/v2\/media\/103357"}],"wp:attachment":[{"href":"https:\/\/www.3p-gmbh.de\/it\/wp-json\/wp\/v2\/media?parent=103341"}],"wp:term":[{"taxonomy":"product_brand","embeddable":true,"href":"https:\/\/www.3p-gmbh.de\/it\/wp-json\/wp\/v2\/product_brand?post=103341"},{"taxonomy":"product_cat","embeddable":true,"href":"https:\/\/www.3p-gmbh.de\/it\/wp-json\/wp\/v2\/product_cat?post=103341"},{"taxonomy":"product_tag","embeddable":true,"href":"https:\/\/www.3p-gmbh.de\/it\/wp-json\/wp\/v2\/product_tag?post=103341"}],"curies":[{"name":"wp","href":"https:\/\/api.w.org\/{rel}","templated":true}]}}