{"id":102878,"date":"2022-02-10T10:12:11","date_gmt":"2022-02-10T10:12:11","guid":{"rendered":"https:\/\/www.3p-gmbh.de\/produkt\/matrix-530-laminatore-termico-per-film-opp-fino-a-50-micron-din-a2-larghezza-massima-di-lavoro-500-mm\/"},"modified":"2022-02-10T10:12:11","modified_gmt":"2022-02-10T10:12:11","slug":"matrix-530-laminatore-termico-per-film-opp-fino-a-50-micron-din-a2-larghezza-massima-di-lavoro-500-mm","status":"publish","type":"product","link":"https:\/\/www.3p-gmbh.de\/it\/produkt\/matrix-530-laminatore-termico-per-film-opp-fino-a-50-micron-din-a2-larghezza-massima-di-lavoro-500-mm\/","title":{"rendered":"Matrix 530 &#8211; Laminatore termico per film OPP fino a 50 micron DIN A2 (larghezza massima di lavoro 500 mm)"},"content":{"rendered":"<p><strong>Matrice 530<\/strong><br \/>\n<strong>Laminatore termico per film OPP fino a 50 micron<\/strong><br \/>\n<strong>DIN A2 (larghezza di lavoro max. 500 mm)<\/strong><\/p>\n<p>La Matrix 530 \u00e8 ideale per il settore delle tipografie con i suoi elevati requisiti di qualit\u00e0. I rotoli di pellicola sono facili e semplici da cambiare &#8211; \u00e8 possibile utilizzare anche rotoli di pellicola OPP da 1.000 m. Il Matrix 530 soddisfa lo standard europeo CE per la sicurezza dei prodotti.<\/p>\n<p>Velocit\u00e0 variabile (- 10 m\/min.)<br \/>\ne impostazione della temperatura regolabile (0 &#8211; 140\u00b0 C).<br \/>\nTempi di riscaldamento brevi (circa 15-20 minuti).<br \/>\nLaminazione termica su un lato con film OPP da 23-50 micron<br \/>\nRotoli di film OPP da 1.000 m utilizzabili<br \/>\nSpessore carta 1 lato: 135-500 g\/mq, 2 lati (2 fasi di lavoro) da 70 g\/mq<br \/>\nBarra anti-onda per una perfetta planarit\u00e0 con laminazione termica su 1 lato<br \/>\nPedale<br \/>\nFunzione di ritorno<br \/>\nDisplay digitale<br \/>\nAlimentazione carta semiautomatica con allineamento, alimentazione e sovrapposizione automatica dei fogli<br \/>\nFunzione di separazione della carta: perforazione e separazione automatica<br \/>\nVassoio di raccolta regolabile per le stampe finite<br \/>\nContatto di sicurezza di arresto nel coperchio di protezione<br \/>\nInterruttore di ARRESTO DI EMERGENZA<br \/>\nCopertina antipolvere<br \/>\nincl. Supporto stabile e spazio di archiviazione<br \/>\nOpzionale: braccio di taglio (per la rifilatura individuale della larghezza del film OPP)<\/p>\n<p>Dati tecnici:<br \/>\nDiametro del nucleo del rullo: 57 + 76 mm<br \/>\nTemperatura di lavoro: 0-140 \u00b0C<br \/>\nSpessore del film: film OPP da 23-50 micron<\/p>\n<p>&nbsp;<\/p>\n<table width=\"500\">\n<tbody>\n<tr>\n<td>\n<table width=\"500\">\n<tbody>\n<tr>\n<td colspan=\"2\"><strong>Caratteristiche del prodotto:<\/strong><\/td>\n<\/tr>\n<tr>\n<td>Max. Larghezza di lavoro<\/td>\n<td>500 mm<\/td>\n<\/tr>\n<tr>\n<td>Laminazione termica<\/td>\n<td>Film OPP da 23-50 micron<\/td>\n<\/tr>\n<tr>\n<td>velocit\u00e0<\/td>\n<td>variabile &#8211; 10 m\/min.<\/td>\n<\/tr>\n<tr>\n<td>Inverso<\/td>\n<td>S\u00ec<\/td>\n<\/tr>\n<tr>\n<td>Display digitale<\/td>\n<td>S\u00ec<\/td>\n<\/tr>\n<tr>\n<td>Tempo di riscaldamento<\/td>\n<td>circa 15-20 minuti.<\/td>\n<\/tr>\n<tr>\n<td>Laminazione a freddo<\/td>\n<td>No<\/td>\n<\/tr>\n<tr>\n<td>Assemblaggi<\/td>\n<td>No<\/td>\n<\/tr>\n<\/tbody>\n<\/table>\n<\/td>\n<\/tr>\n<\/tbody>\n<\/table>\n","protected":false},"excerpt":{"rendered":"<p>Matrice 530 Laminatore termico per film OPP fino a 50 micron DIN A2 (larghezza di lavoro max. 500 mm) La Matrix 530 \u00e8 ideale per il settore delle tipografie con i suoi elevati requisiti di qualit\u00e0. I rotoli di pellicola sono facili e semplici da cambiare &#8211; \u00e8 possibile utilizzare anche rotoli di pellicola OPP [&hellip;]<\/p>\n","protected":false},"featured_media":102879,"template":"","meta":[],"product_brand":[],"product_cat":[3572],"product_tag":[],"class_list":{"0":"post-102878","1":"product","2":"type-product","3":"status-publish","4":"has-post-thumbnail","6":"product_cat-macchine-per-la-laminazione","7":"pa_hersteller-matrix","8":"pa_typ-2360","10":"first","11":"instock","12":"taxable","13":"shipping-taxable","14":"product-type-simple"},"jetpack_sharing_enabled":true,"_links":{"self":[{"href":"https:\/\/www.3p-gmbh.de\/it\/wp-json\/wp\/v2\/product\/102878","targetHints":{"allow":["GET"]}}],"collection":[{"href":"https:\/\/www.3p-gmbh.de\/it\/wp-json\/wp\/v2\/product"}],"about":[{"href":"https:\/\/www.3p-gmbh.de\/it\/wp-json\/wp\/v2\/types\/product"}],"wp:featuredmedia":[{"embeddable":true,"href":"https:\/\/www.3p-gmbh.de\/it\/wp-json\/wp\/v2\/media\/102879"}],"wp:attachment":[{"href":"https:\/\/www.3p-gmbh.de\/it\/wp-json\/wp\/v2\/media?parent=102878"}],"wp:term":[{"taxonomy":"product_brand","embeddable":true,"href":"https:\/\/www.3p-gmbh.de\/it\/wp-json\/wp\/v2\/product_brand?post=102878"},{"taxonomy":"product_cat","embeddable":true,"href":"https:\/\/www.3p-gmbh.de\/it\/wp-json\/wp\/v2\/product_cat?post=102878"},{"taxonomy":"product_tag","embeddable":true,"href":"https:\/\/www.3p-gmbh.de\/it\/wp-json\/wp\/v2\/product_tag?post=102878"}],"curies":[{"name":"wp","href":"https:\/\/api.w.org\/{rel}","templated":true}]}}