{"id":102816,"date":"2022-02-10T15:19:18","date_gmt":"2022-02-10T15:19:18","guid":{"rendered":"https:\/\/www.3p-gmbh.de\/produkt\/stoccaggio-di-sostanze-pericolose-denios-pse-4-450-litri\/"},"modified":"2022-02-10T15:19:18","modified_gmt":"2022-02-10T15:19:18","slug":"stoccaggio-di-sostanze-pericolose-denios-pse-4-450-litri","status":"publish","type":"product","link":"https:\/\/www.3p-gmbh.de\/it\/produkt\/stoccaggio-di-sostanze-pericolose-denios-pse-4-450-litri\/","title":{"rendered":"Stoccaggio di sostanze pericolose Denios PSE-4 450 litri"},"content":{"rendered":"<p><strong>Stoccaggio di sostanze pericolose Denios PSE-4 450 litri<\/strong><\/p>\n<p>Ripiano integrato<br \/>\nVolume di raccolta 450 litri<br \/>\nMateriale Polietilene (PE)<br \/>\nCapacit\u00e0 KTC\/IBC1<br \/>\nMateriale del ripiano Polietilene (PE)<br \/>\nSottostruttura con gambe di sostegno Pu\u00f2 essere spostata con un carrello elevatore a forche<br \/>\nCapacit\u00e0 di carico 1250 kg<\/p>\n<p>Approvazioni Approvazione dell&#8217;autorit\u00e0 edilizia (DIBt)<br \/>\nClassificazione dei liquidi pericolosi per l&#8217;ambiente acquatico acuto, cronico GHS 1, cronico GHS 2, cronico GHS 3, cronico GHS 4<br \/>\nClassificazione secondo GefStoffV\/BetrSichVACorrosivo per i metalli, corrosivo per la pelle, provoca gravi danni agli occhi.<br \/>\nColore blu<\/p>\n","protected":false},"excerpt":{"rendered":"<p>Stoccaggio di sostanze pericolose Denios PSE-4 450 litri Ripiano integrato Volume di raccolta 450 litri Materiale Polietilene (PE) Capacit\u00e0 KTC\/IBC1 Materiale del ripiano Polietilene (PE) Sottostruttura con gambe di sostegno Pu\u00f2 essere spostata con un carrello elevatore a forche Capacit\u00e0 di carico 1250 kg Approvazioni Approvazione dell&#8217;autorit\u00e0 edilizia (DIBt) Classificazione dei liquidi pericolosi per l&#8217;ambiente [&hellip;]<\/p>\n","protected":false},"featured_media":102823,"template":"","meta":[],"product_brand":[],"product_cat":[3557],"product_tag":[],"class_list":{"0":"post-102816","1":"product","2":"type-product","3":"status-publish","4":"has-post-thumbnail","6":"product_cat-altri-macchinari-e-attrezzature","7":"pa_hersteller-denios","9":"first","10":"instock","11":"taxable","12":"shipping-taxable","13":"product-type-simple"},"jetpack_sharing_enabled":true,"_links":{"self":[{"href":"https:\/\/www.3p-gmbh.de\/it\/wp-json\/wp\/v2\/product\/102816","targetHints":{"allow":["GET"]}}],"collection":[{"href":"https:\/\/www.3p-gmbh.de\/it\/wp-json\/wp\/v2\/product"}],"about":[{"href":"https:\/\/www.3p-gmbh.de\/it\/wp-json\/wp\/v2\/types\/product"}],"wp:featuredmedia":[{"embeddable":true,"href":"https:\/\/www.3p-gmbh.de\/it\/wp-json\/wp\/v2\/media\/102823"}],"wp:attachment":[{"href":"https:\/\/www.3p-gmbh.de\/it\/wp-json\/wp\/v2\/media?parent=102816"}],"wp:term":[{"taxonomy":"product_brand","embeddable":true,"href":"https:\/\/www.3p-gmbh.de\/it\/wp-json\/wp\/v2\/product_brand?post=102816"},{"taxonomy":"product_cat","embeddable":true,"href":"https:\/\/www.3p-gmbh.de\/it\/wp-json\/wp\/v2\/product_cat?post=102816"},{"taxonomy":"product_tag","embeddable":true,"href":"https:\/\/www.3p-gmbh.de\/it\/wp-json\/wp\/v2\/product_tag?post=102816"}],"curies":[{"name":"wp","href":"https:\/\/api.w.org\/{rel}","templated":true}]}}