{"id":100825,"date":"2023-04-17T12:58:55","date_gmt":"2023-04-17T12:58:55","guid":{"rendered":"https:\/\/www.3p-gmbh.de\/produkt\/cassetto-di-pinzatura-per-legatoria-in-legno-di-faggio\/"},"modified":"2023-04-17T12:58:55","modified_gmt":"2023-04-17T12:58:55","slug":"cassetto-di-pinzatura-per-legatoria-in-legno-di-faggio","status":"publish","type":"product","link":"https:\/\/www.3p-gmbh.de\/it\/produkt\/cassetto-di-pinzatura-per-legatoria-in-legno-di-faggio\/","title":{"rendered":"Cassetto di pinzatura per legatoria in legno di faggio"},"content":{"rendered":"<p><strong>Cassetto di pinzatura per legatoria in legno di faggio<\/strong><\/p>\n<p>Per tendere i cordoncini o i nastri da cucito per la cucitura manuale a filo.<\/p>\n<p>Vantaggi dei mandrini incassati:<br \/>\n&#8211; Pi\u00f9 facile da lavorare (\u00e8 pi\u00f9 facile raggiungere i mandrini)<br \/>\n&#8211; \u00e8 possibile pinzare pi\u00f9 strati<\/p>\n","protected":false},"excerpt":{"rendered":"<p>Cassetto di pinzatura per legatoria in legno di faggio Per tendere i cordoncini o i nastri da cucito per la cucitura manuale a filo. Vantaggi dei mandrini incassati: &#8211; Pi\u00f9 facile da lavorare (\u00e8 pi\u00f9 facile raggiungere i mandrini) &#8211; \u00e8 possibile pinzare pi\u00f9 strati<\/p>\n","protected":false},"featured_media":100826,"template":"","meta":[],"product_brand":[],"product_cat":[3188],"product_tag":[],"class_list":{"0":"post-100825","1":"product","2":"type-product","3":"status-publish","4":"has-post-thumbnail","6":"product_cat-rilegatura-di-assortimento","8":"first","9":"instock","10":"taxable","11":"shipping-taxable","12":"product-type-simple"},"jetpack_sharing_enabled":true,"_links":{"self":[{"href":"https:\/\/www.3p-gmbh.de\/it\/wp-json\/wp\/v2\/product\/100825","targetHints":{"allow":["GET"]}}],"collection":[{"href":"https:\/\/www.3p-gmbh.de\/it\/wp-json\/wp\/v2\/product"}],"about":[{"href":"https:\/\/www.3p-gmbh.de\/it\/wp-json\/wp\/v2\/types\/product"}],"wp:featuredmedia":[{"embeddable":true,"href":"https:\/\/www.3p-gmbh.de\/it\/wp-json\/wp\/v2\/media\/100826"}],"wp:attachment":[{"href":"https:\/\/www.3p-gmbh.de\/it\/wp-json\/wp\/v2\/media?parent=100825"}],"wp:term":[{"taxonomy":"product_brand","embeddable":true,"href":"https:\/\/www.3p-gmbh.de\/it\/wp-json\/wp\/v2\/product_brand?post=100825"},{"taxonomy":"product_cat","embeddable":true,"href":"https:\/\/www.3p-gmbh.de\/it\/wp-json\/wp\/v2\/product_cat?post=100825"},{"taxonomy":"product_tag","embeddable":true,"href":"https:\/\/www.3p-gmbh.de\/it\/wp-json\/wp\/v2\/product_tag?post=100825"}],"curies":[{"name":"wp","href":"https:\/\/api.w.org\/{rel}","templated":true}]}}