{"id":100488,"date":"2023-06-13T23:21:52","date_gmt":"2023-06-13T23:21:52","guid":{"rendered":"https:\/\/www.3p-gmbh.de\/produkt\/punzonatrice-universale-karl-traenklein-usm-900-con-utensile-speciale-per-la-punzonatura-del-cartone\/"},"modified":"2023-12-21T08:17:19","modified_gmt":"2023-12-21T08:17:19","slug":"punzonatrice-universale-karl-traenklein-usm-900-con-utensile-speciale-per-la-punzonatura-del-cartone","status":"publish","type":"product","link":"https:\/\/www.3p-gmbh.de\/it\/produkt\/punzonatrice-universale-karl-traenklein-usm-900-con-utensile-speciale-per-la-punzonatura-del-cartone\/","title":{"rendered":"Punzonatrice universale Karl Tr\u00e4nklein USM 900 con utensile speciale per la punzonatura del cartone"},"content":{"rendered":"<p><strong>Punzonatrice universale Karl Tr\u00e4nklein USM 900 con utensile speciale per la punzonatura del cartone<\/strong><\/p>\n<p>\u00e8 adatto per la punzonatura di carta, cartone, plastica, ecc.<br \/>\nPu\u00f2 essere equipaggiata con numerosi utensili di punzonatura facilmente intercambiabili per un&#8217;ampia variet\u00e0 di lavori di punzonatura.<br \/>\nLa struttura della punzonatrice \u00e8 composta da tre parti principali: Telaio di base, slitta portautensili e tavola di supporto.<br \/>\nLa corsa \u00e8 attivata da un interruttore elettrico a pedale e l&#8217;altezza della corsa della macchina pu\u00f2 essere regolata in base alla forma dell&#8217;utensile e al materiale di punzonatura. Gli scarti prodotti durante la punzonatura cadono lungo i lati attraverso due scivoli e possono essere raccolti in contenitori.<\/p>\n<ul>\n<li>per la punzonatura di carta, cartone e plastica con lama superiore e inferiore<\/li>\n<li>equipaggiamento elettrico: motore con freno ad ingranaggi 400 Volt, 3 Ph, 50 Hz, 1,5 kW<\/li>\n<li>Altezza di impilamento max. 80 mm<\/li>\n<li>Corsa max. 100 mm<\/li>\n<li>Dimensioni del tavolo 900 x 480 mm<\/li>\n<li>Spazio richiesto 100 x 95 x 140 cm<\/li>\n<li>Peso netto 350 kg<\/li>\n<\/ul>\n<div style=\"width: 640px;\" class=\"wp-video\"><video class=\"wp-video-shortcode\" id=\"video-100488-1\" width=\"640\" height=\"352\" preload=\"metadata\" controls=\"controls\"><source type=\"video\/mp4\" src=\"https:\/\/www.3p-gmbh.de\/wp-content\/uploads\/2023\/06\/Karl-Traenklein-USM-900-1.mp4?_=1\" \/><a href=\"https:\/\/www.3p-gmbh.de\/wp-content\/uploads\/2023\/06\/Karl-Traenklein-USM-900-1.mp4\">https:\/\/www.3p-gmbh.de\/wp-content\/uploads\/2023\/06\/Karl-Traenklein-USM-900-1.mp4<\/a><\/video><\/div>\n","protected":false},"excerpt":{"rendered":"<p>Punzonatrice universale Karl Tr\u00e4nklein USM 900 con utensile speciale per la punzonatura del cartone \u00e8 adatto per la punzonatura di carta, cartone, plastica, ecc. Pu\u00f2 essere equipaggiata con numerosi utensili di punzonatura facilmente intercambiabili per un&#8217;ampia variet\u00e0 di lavori di punzonatura. La struttura della punzonatrice \u00e8 composta da tre parti principali: Telaio di base, slitta [&hellip;]<\/p>\n","protected":false},"featured_media":100489,"template":"","meta":[],"product_brand":[],"product_cat":[3171],"product_tag":[],"class_list":{"0":"post-100488","1":"product","2":"type-product","3":"status-publish","4":"has-post-thumbnail","6":"product_cat-punzonatura","7":"pa_hersteller-karl-traenklein","8":"pa_typ-usm-900","10":"first","11":"instock","12":"taxable","13":"shipping-taxable","14":"product-type-simple"},"jetpack_sharing_enabled":true,"_links":{"self":[{"href":"https:\/\/www.3p-gmbh.de\/it\/wp-json\/wp\/v2\/product\/100488","targetHints":{"allow":["GET"]}}],"collection":[{"href":"https:\/\/www.3p-gmbh.de\/it\/wp-json\/wp\/v2\/product"}],"about":[{"href":"https:\/\/www.3p-gmbh.de\/it\/wp-json\/wp\/v2\/types\/product"}],"wp:featuredmedia":[{"embeddable":true,"href":"https:\/\/www.3p-gmbh.de\/it\/wp-json\/wp\/v2\/media\/100489"}],"wp:attachment":[{"href":"https:\/\/www.3p-gmbh.de\/it\/wp-json\/wp\/v2\/media?parent=100488"}],"wp:term":[{"taxonomy":"product_brand","embeddable":true,"href":"https:\/\/www.3p-gmbh.de\/it\/wp-json\/wp\/v2\/product_brand?post=100488"},{"taxonomy":"product_cat","embeddable":true,"href":"https:\/\/www.3p-gmbh.de\/it\/wp-json\/wp\/v2\/product_cat?post=100488"},{"taxonomy":"product_tag","embeddable":true,"href":"https:\/\/www.3p-gmbh.de\/it\/wp-json\/wp\/v2\/product_tag?post=100488"}],"curies":[{"name":"wp","href":"https:\/\/api.w.org\/{rel}","templated":true}]}}