{"id":100423,"date":"2023-06-13T23:45:51","date_gmt":"2023-06-13T23:45:51","guid":{"rendered":"https:\/\/www.3p-gmbh.de\/produkt\/pressa-quadrata-nagel-sp-plus-ernst-nagel-sp-plus-online\/"},"modified":"2023-06-13T23:45:51","modified_gmt":"2023-06-13T23:45:51","slug":"pressa-quadrata-nagel-sp-plus-ernst-nagel-sp-plus-online","status":"publish","type":"product","link":"https:\/\/www.3p-gmbh.de\/it\/produkt\/pressa-quadrata-nagel-sp-plus-ernst-nagel-sp-plus-online\/","title":{"rendered":"Pressa quadrata Nagel SP Plus &#8211; Ernst Nagel SP Plus online"},"content":{"rendered":"<p><strong>Pressa quadrata Nagel SP Plus &#8211; Ernst Nagel SP Plus online<\/strong><br \/>\n<strong>Dispositivo usato<\/strong><\/p>\n<p>Il dorso dell&#8217;opuscolo, gi\u00e0 cucito, assume l&#8217;aspetto di una rilegatura perfetta di alta qualit\u00e0 grazie alla pressatura.<\/p>\n<p>Il vostro vantaggio:<br \/>\nIl dorso dell&#8217;opuscolo pu\u00f2 essere stampato. L&#8217;impilamento, lo stoccaggio e l&#8217;imballaggio sono pi\u00f9 facili e meno ingombranti, le brochure non si aprono pi\u00f9.<\/p>\n<p>L&#8217;SP Plus \u00e8 estremamente flessibile da utilizzare:<br \/>\nMobile offline in un&#8217;ulteriore elaborazione,<br \/>\ncome versione online direttamente dietro Foldnak 8, Foldnak 80 e Foldnak 100, come soluzione in linea veloce e sicura.<\/p>\n<p>fino a 30 fogli (80 grammi\/m2) per opuscolo in formati fino a 350 mm x 250 mm.<br \/>\nCon un singolo ciclo, la SP Plus Offline pu\u00f2 raggiungere i 1.200 all&#8217;ora.<\/p>\n","protected":false},"excerpt":{"rendered":"<p>Pressa quadrata Nagel SP Plus &#8211; Ernst Nagel SP Plus online Dispositivo usato Il dorso dell&#8217;opuscolo, gi\u00e0 cucito, assume l&#8217;aspetto di una rilegatura perfetta di alta qualit\u00e0 grazie alla pressatura. Il vostro vantaggio: Il dorso dell&#8217;opuscolo pu\u00f2 essere stampato. L&#8217;impilamento, lo stoccaggio e l&#8217;imballaggio sono pi\u00f9 facili e meno ingombranti, le brochure non si aprono [&hellip;]<\/p>\n","protected":false},"featured_media":100425,"template":"","meta":[],"product_brand":[],"product_cat":[3442],"product_tag":[],"class_list":{"0":"post-100423","1":"product","2":"type-product","3":"status-publish","4":"has-post-thumbnail","6":"product_cat-sistemi-di-produzione-di-brochure","7":"pa_hersteller-ernst-nagel","8":"pa_typ-sp-plus","10":"first","11":"instock","12":"taxable","13":"shipping-taxable","14":"product-type-simple"},"jetpack_sharing_enabled":true,"_links":{"self":[{"href":"https:\/\/www.3p-gmbh.de\/it\/wp-json\/wp\/v2\/product\/100423","targetHints":{"allow":["GET"]}}],"collection":[{"href":"https:\/\/www.3p-gmbh.de\/it\/wp-json\/wp\/v2\/product"}],"about":[{"href":"https:\/\/www.3p-gmbh.de\/it\/wp-json\/wp\/v2\/types\/product"}],"wp:featuredmedia":[{"embeddable":true,"href":"https:\/\/www.3p-gmbh.de\/it\/wp-json\/wp\/v2\/media\/100425"}],"wp:attachment":[{"href":"https:\/\/www.3p-gmbh.de\/it\/wp-json\/wp\/v2\/media?parent=100423"}],"wp:term":[{"taxonomy":"product_brand","embeddable":true,"href":"https:\/\/www.3p-gmbh.de\/it\/wp-json\/wp\/v2\/product_brand?post=100423"},{"taxonomy":"product_cat","embeddable":true,"href":"https:\/\/www.3p-gmbh.de\/it\/wp-json\/wp\/v2\/product_cat?post=100423"},{"taxonomy":"product_tag","embeddable":true,"href":"https:\/\/www.3p-gmbh.de\/it\/wp-json\/wp\/v2\/product_tag?post=100423"}],"curies":[{"name":"wp","href":"https:\/\/api.w.org\/{rel}","templated":true}]}}