{"id":7471,"date":"2019-07-11T13:59:42","date_gmt":"2019-07-11T13:59:42","guid":{"rendered":"http:\/\/www.3p-gmbh.de\/produkt\/stautaktfoerderer\/"},"modified":"2019-11-13T11:19:39","modified_gmt":"2019-11-13T11:19:39","slug":"stautaktfoerderer","status":"publish","type":"product","link":"https:\/\/www.3p-gmbh.de\/id\/produkt\/stautaktfoerderer\/","title":{"rendered":"Buhrs Affeldt AVN TT 56 Stautaktf\u00f6rderer"},"content":{"rendered":"<p>Auf dem Stautaktf\u00f6rderer mit 4 Stationen werden bei Bedarf Pakete, Zeitungs-,<br \/>\nZeitschriften- und \u00e4hnliche Stapel-Druckprodukte aufgestaut und nach<br \/>\nFreigabe zeitverz\u00f6gert eingetaktet.<\/p>\n<p>Vorteil:<br \/>\nDie zwischen den Gurten befindliche Griffmulde erm\u00f6glicht eine manuelle<br \/>\nAbnahme von Stapeln.<\/p>\n<p>&#8211; Transportgeschwindigkeit \u00fcber Frequenzumfomer stufenlos regelbar<br \/>\n&#8211; unverpackte Produkte 30m\/min und verpackte Produkte 50m\/min.<br \/>\n&#8211; L\u00e4nge 4x 50cm<br \/>\n&#8211; Nennweite 400 mm<br \/>\n&#8211; Griffmulde 85mm breit und 25 mm tief<br \/>\n&#8211; Arbeitsh\u00f6he 850mm +\/- 50 mm<br \/>\n&#8211; mit Taktsteuerung<\/p>\n<p>Baujahr 2003 (OVP unbenutzt)<\/p>\n","protected":false},"excerpt":{"rendered":"<p>Auf dem Stautaktf\u00f6rderer mit 4 Stationen werden bei Bedarf Pakete, Zeitungs-, Zeitschriften- und \u00e4hnliche Stapel-Druckprodukte aufgestaut und nach Freigabe zeitverz\u00f6gert eingetaktet. Vorteil: Die zwischen den Gurten befindliche Griffmulde erm\u00f6glicht eine manuelle Abnahme von Stapeln. &#8211; Transportgeschwindigkeit \u00fcber Frequenzumfomer stufenlos regelbar &#8211; unverpackte Produkte 30m\/min und verpackte Produkte 50m\/min. &#8211; L\u00e4nge 4x 50cm &#8211; Nennweite 400 [&hellip;]<\/p>\n","protected":false},"featured_media":3794,"template":"","meta":[],"product_brand":[],"product_cat":[77],"product_tag":[],"class_list":{"0":"post-7471","1":"product","2":"type-product","3":"status-publish","4":"has-post-thumbnail","6":"product_cat-foerdertechnik","7":"pa_baujahr-182","8":"pa_hersteller-affeldt-buhrs","9":"pa_typ-avn-tt-56-4","11":"first","12":"instock","13":"sold-individually","14":"taxable","15":"shipping-taxable","16":"purchasable","17":"product-type-simple"},"jetpack_sharing_enabled":true,"_links":{"self":[{"href":"https:\/\/www.3p-gmbh.de\/id\/wp-json\/wp\/v2\/product\/7471","targetHints":{"allow":["GET"]}}],"collection":[{"href":"https:\/\/www.3p-gmbh.de\/id\/wp-json\/wp\/v2\/product"}],"about":[{"href":"https:\/\/www.3p-gmbh.de\/id\/wp-json\/wp\/v2\/types\/product"}],"wp:featuredmedia":[{"embeddable":true,"href":"https:\/\/www.3p-gmbh.de\/id\/wp-json\/wp\/v2\/media\/3794"}],"wp:attachment":[{"href":"https:\/\/www.3p-gmbh.de\/id\/wp-json\/wp\/v2\/media?parent=7471"}],"wp:term":[{"taxonomy":"product_brand","embeddable":true,"href":"https:\/\/www.3p-gmbh.de\/id\/wp-json\/wp\/v2\/product_brand?post=7471"},{"taxonomy":"product_cat","embeddable":true,"href":"https:\/\/www.3p-gmbh.de\/id\/wp-json\/wp\/v2\/product_cat?post=7471"},{"taxonomy":"product_tag","embeddable":true,"href":"https:\/\/www.3p-gmbh.de\/id\/wp-json\/wp\/v2\/product_tag?post=7471"}],"curies":[{"name":"wp","href":"https:\/\/api.w.org\/{rel}","templated":true}]}}