{"id":7451,"date":"2019-07-11T13:59:31","date_gmt":"2019-07-11T13:59:31","guid":{"rendered":"http:\/\/www.3p-gmbh.de\/produkt\/kuvertiermaschine\/"},"modified":"2019-11-12T15:04:20","modified_gmt":"2019-11-12T15:04:20","slug":"kuvertiermaschine","status":"publish","type":"product","link":"https:\/\/www.3p-gmbh.de\/id\/produkt\/kuvertiermaschine\/","title":{"rendered":"PFE\/Neopost DS-100 Kuvertiersystem"},"content":{"rendered":"<p>&#8211; Falz- und Kuvertiermaschine PFE Maximailer (baugleich Neopost DS-100)<br \/>\n&#8211; 6 Stationen von C6 &#8211; C5<br \/>\n&#8211; Steuerung \u00fcber Display<\/p>\n<p>Dokumente bis zu 406 mm L\u00e4nge von den Einzelblatt-Zufuehrstationen k\u00f6nnen verarbeitet werden,<br \/>\nw\u00e4hrend die optionale Beilagenstation kuvertformatige Zettel, Karten, R\u00fcckumschl\u00e4ge oder Broschuren mit einer Dicke von bis zu 4 mm zuf\u00fchren kann. Mit einer Geschwindigkeit von bis zu 4.500 Takten pro Stunde werden sowohl DIN C6\/5 lang als auch C5-Umschl\u00e4ge verarbeitet<\/p>\n<p>Kuverts bis 6 mm Dicke lassen sich verarbeiten.<\/p>\n","protected":false},"excerpt":{"rendered":"<p>&#8211; Falz- und Kuvertiermaschine PFE Maximailer (baugleich Neopost DS-100) &#8211; 6 Stationen von C6 &#8211; C5 &#8211; Steuerung \u00fcber Display Dokumente bis zu 406 mm L\u00e4nge von den Einzelblatt-Zufuehrstationen k\u00f6nnen verarbeitet werden, w\u00e4hrend die optionale Beilagenstation kuvertformatige Zettel, Karten, R\u00fcckumschl\u00e4ge oder Broschuren mit einer Dicke von bis zu 4 mm zuf\u00fchren kann. Mit einer Geschwindigkeit [&hellip;]<\/p>\n","protected":false},"featured_media":3705,"template":"","meta":[],"product_brand":[],"product_cat":[1744],"product_tag":[],"class_list":{"0":"post-7451","1":"product","2":"type-product","3":"status-publish","4":"has-post-thumbnail","6":"product_cat-adressier-und-kuvertiersysteme","7":"pa_baujahr-168","8":"pa_hersteller-pfe-neopost","9":"pa_typ-maximailer-ds-100","11":"first","12":"instock","13":"sold-individually","14":"taxable","15":"shipping-taxable","16":"purchasable","17":"product-type-simple"},"jetpack_sharing_enabled":true,"_links":{"self":[{"href":"https:\/\/www.3p-gmbh.de\/id\/wp-json\/wp\/v2\/product\/7451","targetHints":{"allow":["GET"]}}],"collection":[{"href":"https:\/\/www.3p-gmbh.de\/id\/wp-json\/wp\/v2\/product"}],"about":[{"href":"https:\/\/www.3p-gmbh.de\/id\/wp-json\/wp\/v2\/types\/product"}],"wp:featuredmedia":[{"embeddable":true,"href":"https:\/\/www.3p-gmbh.de\/id\/wp-json\/wp\/v2\/media\/3705"}],"wp:attachment":[{"href":"https:\/\/www.3p-gmbh.de\/id\/wp-json\/wp\/v2\/media?parent=7451"}],"wp:term":[{"taxonomy":"product_brand","embeddable":true,"href":"https:\/\/www.3p-gmbh.de\/id\/wp-json\/wp\/v2\/product_brand?post=7451"},{"taxonomy":"product_cat","embeddable":true,"href":"https:\/\/www.3p-gmbh.de\/id\/wp-json\/wp\/v2\/product_cat?post=7451"},{"taxonomy":"product_tag","embeddable":true,"href":"https:\/\/www.3p-gmbh.de\/id\/wp-json\/wp\/v2\/product_tag?post=7451"}],"curies":[{"name":"wp","href":"https:\/\/api.w.org\/{rel}","templated":true}]}}