{"id":7441,"date":"2019-07-11T13:59:21","date_gmt":"2019-07-11T13:59:21","guid":{"rendered":"http:\/\/www.3p-gmbh.de\/produkt\/einspindel-papierbohrmaschine\/"},"modified":"2019-11-12T12:33:10","modified_gmt":"2019-11-12T12:33:10","slug":"einspindel-papierbohrmaschine","status":"publish","type":"product","link":"https:\/\/www.3p-gmbh.de\/id\/produkt\/einspindel-papierbohrmaschine\/","title":{"rendered":"Ernst Nagel Citoborma 110 Einspindel-Papierbohrmaschine"},"content":{"rendered":"<p>Verwindungssteife Portalkonstruktion f\u00fcr Pr\u00e4zision und Lebensdauer<br \/>\nAusl\u00f6sung manuell \u00fcber Hebel<br \/>\nStapelh\u00f6he 60mm<br \/>\nEinlegebreite 410 mm auf Festtisch mit Tabulator<br \/>\nBohrerl\u00e4ngenausgleich<br \/>\n1 Bohrkopf Lochdurchmesser 2-14 mm<br \/>\nGrundfl\u00e4che ca 800 x 580 mm<\/p>\n","protected":false},"excerpt":{"rendered":"<p>Verwindungssteife Portalkonstruktion f\u00fcr Pr\u00e4zision und Lebensdauer Ausl\u00f6sung manuell \u00fcber Hebel Stapelh\u00f6he 60mm Einlegebreite 410 mm auf Festtisch mit Tabulator Bohrerl\u00e4ngenausgleich 1 Bohrkopf Lochdurchmesser 2-14 mm Grundfl\u00e4che ca 800 x 580 mm<\/p>\n","protected":false},"featured_media":3660,"template":"","meta":[],"product_brand":[],"product_cat":[1757],"product_tag":[],"class_list":{"0":"post-7441","1":"product","2":"type-product","3":"status-publish","4":"has-post-thumbnail","6":"product_cat-papierbohrmaschinen","7":"pa_hersteller-ernst-nagel","8":"pa_typ-citoborma-110","10":"first","11":"instock","12":"sold-individually","13":"taxable","14":"shipping-taxable","15":"purchasable","16":"product-type-simple"},"jetpack_sharing_enabled":true,"_links":{"self":[{"href":"https:\/\/www.3p-gmbh.de\/id\/wp-json\/wp\/v2\/product\/7441","targetHints":{"allow":["GET"]}}],"collection":[{"href":"https:\/\/www.3p-gmbh.de\/id\/wp-json\/wp\/v2\/product"}],"about":[{"href":"https:\/\/www.3p-gmbh.de\/id\/wp-json\/wp\/v2\/types\/product"}],"wp:featuredmedia":[{"embeddable":true,"href":"https:\/\/www.3p-gmbh.de\/id\/wp-json\/wp\/v2\/media\/3660"}],"wp:attachment":[{"href":"https:\/\/www.3p-gmbh.de\/id\/wp-json\/wp\/v2\/media?parent=7441"}],"wp:term":[{"taxonomy":"product_brand","embeddable":true,"href":"https:\/\/www.3p-gmbh.de\/id\/wp-json\/wp\/v2\/product_brand?post=7441"},{"taxonomy":"product_cat","embeddable":true,"href":"https:\/\/www.3p-gmbh.de\/id\/wp-json\/wp\/v2\/product_cat?post=7441"},{"taxonomy":"product_tag","embeddable":true,"href":"https:\/\/www.3p-gmbh.de\/id\/wp-json\/wp\/v2\/product_tag?post=7441"}],"curies":[{"name":"wp","href":"https:\/\/api.w.org\/{rel}","templated":true}]}}