{"id":7418,"date":"2019-07-11T13:59:08","date_gmt":"2019-07-11T13:59:08","guid":{"rendered":"http:\/\/www.3p-gmbh.de\/produkt\/automatische-oesmaschine-2\/"},"modified":"2019-11-12T13:49:29","modified_gmt":"2019-11-12T13:49:29","slug":"automatische-oesmaschine-2","status":"publish","type":"product","link":"https:\/\/www.3p-gmbh.de\/id\/produkt\/automatische-oesmaschine-2\/","title":{"rendered":"Hang 103-LOK automatische \u00d6smaschine"},"content":{"rendered":"<p>&#8211; Maschine ist eingestellt auf \u00d6senweite 6mm Innendurchmesser<br \/>\n&#8211; zum Einsetzen von \u00d6sen in vorgelochtes Material wie Karton, Pappe, Kunstoffe usw.<br \/>\n-Automatische \u00d6smaschine mit wartungsfreiem Bremsmotorantrieb<br \/>\n-Automatische \u00d6senzufuehrung zum Oberwerkzeug<br \/>\n-Die \u00d6senpressung l\u00e4sst sich entsprechend der Materialst\u00e4rke einstellen -Die Ausl\u00f6sung erfolgt mit elektrischem Fussschalter<\/p>\n","protected":false},"excerpt":{"rendered":"<p>&#8211; Maschine ist eingestellt auf \u00d6senweite 6mm Innendurchmesser &#8211; zum Einsetzen von \u00d6sen in vorgelochtes Material wie Karton, Pappe, Kunstoffe usw. -Automatische \u00d6smaschine mit wartungsfreiem Bremsmotorantrieb -Automatische \u00d6senzufuehrung zum Oberwerkzeug -Die \u00d6senpressung l\u00e4sst sich entsprechend der Materialst\u00e4rke einstellen -Die Ausl\u00f6sung erfolgt mit elektrischem Fussschalter<\/p>\n","protected":false},"featured_media":3585,"template":"","meta":[],"product_brand":[],"product_cat":[1756],"product_tag":[],"class_list":{"0":"post-7418","1":"product","2":"type-product","3":"status-publish","4":"has-post-thumbnail","6":"product_cat-oesmaschinen","7":"pa_baujahr-158","8":"pa_hersteller-constantin-hang","9":"pa_typ-103-lok","11":"first","12":"instock","13":"sold-individually","14":"taxable","15":"shipping-taxable","16":"purchasable","17":"product-type-simple"},"jetpack_sharing_enabled":true,"_links":{"self":[{"href":"https:\/\/www.3p-gmbh.de\/id\/wp-json\/wp\/v2\/product\/7418","targetHints":{"allow":["GET"]}}],"collection":[{"href":"https:\/\/www.3p-gmbh.de\/id\/wp-json\/wp\/v2\/product"}],"about":[{"href":"https:\/\/www.3p-gmbh.de\/id\/wp-json\/wp\/v2\/types\/product"}],"wp:featuredmedia":[{"embeddable":true,"href":"https:\/\/www.3p-gmbh.de\/id\/wp-json\/wp\/v2\/media\/3585"}],"wp:attachment":[{"href":"https:\/\/www.3p-gmbh.de\/id\/wp-json\/wp\/v2\/media?parent=7418"}],"wp:term":[{"taxonomy":"product_brand","embeddable":true,"href":"https:\/\/www.3p-gmbh.de\/id\/wp-json\/wp\/v2\/product_brand?post=7418"},{"taxonomy":"product_cat","embeddable":true,"href":"https:\/\/www.3p-gmbh.de\/id\/wp-json\/wp\/v2\/product_cat?post=7418"},{"taxonomy":"product_tag","embeddable":true,"href":"https:\/\/www.3p-gmbh.de\/id\/wp-json\/wp\/v2\/product_tag?post=7418"}],"curies":[{"name":"wp","href":"https:\/\/api.w.org\/{rel}","templated":true}]}}