{"id":7413,"date":"2019-07-11T13:58:58","date_gmt":"2019-07-11T13:58:58","guid":{"rendered":"http:\/\/www.3p-gmbh.de\/produkt\/leimschmelzgeraet\/"},"modified":"2019-08-02T14:28:34","modified_gmt":"2019-08-02T14:28:34","slug":"leimschmelzgeraet","status":"publish","type":"product","link":"https:\/\/www.3p-gmbh.de\/id\/produkt\/leimschmelzgeraet\/","title":{"rendered":"Europack EO 5 P2 Leimschmelzger\u00e4t"},"content":{"rendered":"<p>mit KAS Compact C 200 2 Kanal Steuergeraet<br \/>\nf\u00fcr den pr\u00e4zisen Klebstoffauftrag in schnellaufenden Maschinen<br \/>\nkann 2 Leimauftragventile wegabh\u00e4ngig ansteuern.<br \/>\nDas Ger\u00e4t kann 100 verschiedene Kundenprodukte dauerhaft speichern.<br \/>\nFunktionstasten, Klartextanzeige und Menuetechnik machen die Programmierung einfach und leicht erlernbar.<br \/>\nAnzeigetexte sind in verschiedenen Landessprachen umschaltbar<br \/>\nund jedes Ventil kann \u00fcber eine eigene Taste ein- und ausgeschaltet werden.<br \/>\nmit 2 Heizleitungen ca. 1,80 m, zwei Auftragsd\u00fcsen, 1 Drehgeber, ein optischer Sensor<\/p>\n","protected":false},"excerpt":{"rendered":"<p>mit KAS Compact C 200 2 Kanal Steuergeraet f\u00fcr den pr\u00e4zisen Klebstoffauftrag in schnellaufenden Maschinen kann 2 Leimauftragventile wegabh\u00e4ngig ansteuern. Das Ger\u00e4t kann 100 verschiedene Kundenprodukte dauerhaft speichern. Funktionstasten, Klartextanzeige und Menuetechnik machen die Programmierung einfach und leicht erlernbar. Anzeigetexte sind in verschiedenen Landessprachen umschaltbar und jedes Ventil kann \u00fcber eine eigene Taste ein- und [&hellip;]<\/p>\n","protected":false},"featured_media":3551,"template":"","meta":[],"product_brand":[],"product_cat":[87],"product_tag":[],"class_list":{"0":"post-7413","1":"product","2":"type-product","3":"status-publish","4":"has-post-thumbnail","6":"product_cat-sonstige-weiterverarbeitung","7":"pa_baujahr-168","8":"pa_hersteller-europack-e","9":"pa_typ-eo-5-p2-mit-kas-c-200","11":"first","12":"instock","13":"sold-individually","14":"taxable","15":"shipping-taxable","16":"purchasable","17":"product-type-simple"},"jetpack_sharing_enabled":true,"_links":{"self":[{"href":"https:\/\/www.3p-gmbh.de\/id\/wp-json\/wp\/v2\/product\/7413","targetHints":{"allow":["GET"]}}],"collection":[{"href":"https:\/\/www.3p-gmbh.de\/id\/wp-json\/wp\/v2\/product"}],"about":[{"href":"https:\/\/www.3p-gmbh.de\/id\/wp-json\/wp\/v2\/types\/product"}],"wp:featuredmedia":[{"embeddable":true,"href":"https:\/\/www.3p-gmbh.de\/id\/wp-json\/wp\/v2\/media\/3551"}],"wp:attachment":[{"href":"https:\/\/www.3p-gmbh.de\/id\/wp-json\/wp\/v2\/media?parent=7413"}],"wp:term":[{"taxonomy":"product_brand","embeddable":true,"href":"https:\/\/www.3p-gmbh.de\/id\/wp-json\/wp\/v2\/product_brand?post=7413"},{"taxonomy":"product_cat","embeddable":true,"href":"https:\/\/www.3p-gmbh.de\/id\/wp-json\/wp\/v2\/product_cat?post=7413"},{"taxonomy":"product_tag","embeddable":true,"href":"https:\/\/www.3p-gmbh.de\/id\/wp-json\/wp\/v2\/product_tag?post=7413"}],"curies":[{"name":"wp","href":"https:\/\/api.w.org\/{rel}","templated":true}]}}