{"id":7402,"date":"2019-07-11T13:58:58","date_gmt":"2019-07-11T13:58:58","guid":{"rendered":"http:\/\/www.3p-gmbh.de\/produkt\/nummeriermaschine\/"},"modified":"2019-11-12T13:56:26","modified_gmt":"2019-11-12T13:56:26","slug":"nummeriermaschine","status":"publish","type":"product","link":"https:\/\/www.3p-gmbh.de\/id\/produkt\/nummeriermaschine\/","title":{"rendered":"Graphic Whizard GW 8000 E-SA Numeriermaschine"},"content":{"rendered":"<p>Programmsteuerung<br \/>\nLeistung 8000 Takte<br \/>\nSaugluftanleger (Schneider)<br \/>\nmax. Bogenformat 45x45xm<br \/>\nmax. Fl\u00e4chengewicht 45-300g\/m2<br \/>\n0.010 Genauigkeit<br \/>\nbis zu 4 Nummerierkoepfe m\u00f6glich (ein Kopf eingebaut)<br \/>\nL\u00e4ngsperforation, Anschlitzen und Rillen m\u00f6glich<\/p>\n","protected":false},"excerpt":{"rendered":"<p>Programmsteuerung Leistung 8000 Takte Saugluftanleger (Schneider) max. Bogenformat 45x45xm max. Fl\u00e4chengewicht 45-300g\/m2 0.010 Genauigkeit bis zu 4 Nummerierkoepfe m\u00f6glich (ein Kopf eingebaut) L\u00e4ngsperforation, Anschlitzen und Rillen m\u00f6glich<\/p>\n","protected":false},"featured_media":3500,"template":"","meta":[],"product_brand":[],"product_cat":[1754],"product_tag":[],"class_list":{"0":"post-7402","1":"product","2":"type-product","3":"status-publish","4":"has-post-thumbnail","6":"product_cat-numeriermaschinen","7":"pa_baujahr-140","8":"pa_hersteller-graphic-whizard","9":"pa_typ-gw-8000-e-sa","11":"first","12":"instock","13":"sold-individually","14":"taxable","15":"shipping-taxable","16":"purchasable","17":"product-type-simple"},"jetpack_sharing_enabled":true,"_links":{"self":[{"href":"https:\/\/www.3p-gmbh.de\/id\/wp-json\/wp\/v2\/product\/7402","targetHints":{"allow":["GET"]}}],"collection":[{"href":"https:\/\/www.3p-gmbh.de\/id\/wp-json\/wp\/v2\/product"}],"about":[{"href":"https:\/\/www.3p-gmbh.de\/id\/wp-json\/wp\/v2\/types\/product"}],"wp:featuredmedia":[{"embeddable":true,"href":"https:\/\/www.3p-gmbh.de\/id\/wp-json\/wp\/v2\/media\/3500"}],"wp:attachment":[{"href":"https:\/\/www.3p-gmbh.de\/id\/wp-json\/wp\/v2\/media?parent=7402"}],"wp:term":[{"taxonomy":"product_brand","embeddable":true,"href":"https:\/\/www.3p-gmbh.de\/id\/wp-json\/wp\/v2\/product_brand?post=7402"},{"taxonomy":"product_cat","embeddable":true,"href":"https:\/\/www.3p-gmbh.de\/id\/wp-json\/wp\/v2\/product_cat?post=7402"},{"taxonomy":"product_tag","embeddable":true,"href":"https:\/\/www.3p-gmbh.de\/id\/wp-json\/wp\/v2\/product_tag?post=7402"}],"curies":[{"name":"wp","href":"https:\/\/api.w.org\/{rel}","templated":true}]}}