{"id":7383,"date":"2019-07-11T13:58:49","date_gmt":"2019-07-11T13:58:49","guid":{"rendered":"http:\/\/www.3p-gmbh.de\/produkt\/papierzaehlmaschine-mit-streifeneinschuss\/"},"modified":"2019-11-12T14:02:52","modified_gmt":"2019-11-12T14:02:52","slug":"papierzaehlmaschine-mit-streifeneinschuss","status":"publish","type":"product","link":"https:\/\/www.3p-gmbh.de\/id\/produkt\/papierzaehlmaschine-mit-streifeneinschuss\/","title":{"rendered":"Vacuumatic Vicount 2 Papierz\u00e4hlmaschine mit Streifeneinschuss"},"content":{"rendered":"<p>Tischmaschine mit Tischgr\u00f6sse 30 x 24 cm<br \/>\n(l\u00e4sst sich leicht in Schneidstrasse oder gr\u00f6sseren Tisch integrieren,<br \/>\nsoda\u00df jedes Bogenformat gez\u00e4hlt werden kann)<\/p>\n<p>&#8211; Streifeneinschuss (ca.5mm) repetierend oder stufenlos regelbar durch Programmwahl<br \/>\n&#8211; mindest-Einschusszahl 5 Bogen<br \/>\n&#8211; max. Stapelh\u00f6he 230 mm<br \/>\n&#8211; Z\u00e4hlgeschwindigkeit bis 2000Bg. \/min.<br \/>\n&#8211; Z\u00e4hler max. 999.999<br \/>\n&#8211; Material 25-240g\/m2 je nach Papierqualit\u00e4t und -flexibilit\u00e4t<\/p>\n","protected":false},"excerpt":{"rendered":"<p>Tischmaschine mit Tischgr\u00f6sse 30 x 24 cm (l\u00e4sst sich leicht in Schneidstrasse oder gr\u00f6sseren Tisch integrieren, soda\u00df jedes Bogenformat gez\u00e4hlt werden kann) &#8211; Streifeneinschuss (ca.5mm) repetierend oder stufenlos regelbar durch Programmwahl &#8211; mindest-Einschusszahl 5 Bogen &#8211; max. Stapelh\u00f6he 230 mm &#8211; Z\u00e4hlgeschwindigkeit bis 2000Bg. \/min. &#8211; Z\u00e4hler max. 999.999 &#8211; Material 25-240g\/m2 je nach Papierqualit\u00e4t [&hellip;]<\/p>\n","protected":false},"featured_media":3423,"template":"","meta":[],"product_brand":[],"product_cat":[1758],"product_tag":[],"class_list":{"0":"post-7383","1":"product","2":"type-product","3":"status-publish","4":"has-post-thumbnail","6":"product_cat-papierzaehlmaschinen","7":"pa_baujahr-140","8":"pa_hersteller-vacuumatic","9":"pa_typ-vicount-2","11":"first","12":"instock","13":"sold-individually","14":"taxable","15":"shipping-taxable","16":"purchasable","17":"product-type-simple"},"jetpack_sharing_enabled":true,"_links":{"self":[{"href":"https:\/\/www.3p-gmbh.de\/id\/wp-json\/wp\/v2\/product\/7383","targetHints":{"allow":["GET"]}}],"collection":[{"href":"https:\/\/www.3p-gmbh.de\/id\/wp-json\/wp\/v2\/product"}],"about":[{"href":"https:\/\/www.3p-gmbh.de\/id\/wp-json\/wp\/v2\/types\/product"}],"wp:featuredmedia":[{"embeddable":true,"href":"https:\/\/www.3p-gmbh.de\/id\/wp-json\/wp\/v2\/media\/3423"}],"wp:attachment":[{"href":"https:\/\/www.3p-gmbh.de\/id\/wp-json\/wp\/v2\/media?parent=7383"}],"wp:term":[{"taxonomy":"product_brand","embeddable":true,"href":"https:\/\/www.3p-gmbh.de\/id\/wp-json\/wp\/v2\/product_brand?post=7383"},{"taxonomy":"product_cat","embeddable":true,"href":"https:\/\/www.3p-gmbh.de\/id\/wp-json\/wp\/v2\/product_cat?post=7383"},{"taxonomy":"product_tag","embeddable":true,"href":"https:\/\/www.3p-gmbh.de\/id\/wp-json\/wp\/v2\/product_tag?post=7383"}],"curies":[{"name":"wp","href":"https:\/\/api.w.org\/{rel}","templated":true}]}}