{"id":7379,"date":"2019-07-11T13:58:49","date_gmt":"2019-07-11T13:58:49","guid":{"rendered":"http:\/\/www.3p-gmbh.de\/produkt\/automatische-kalender-stanzmaschine\/"},"modified":"2020-04-03T10:23:56","modified_gmt":"2020-04-03T10:23:56","slug":"automatische-kalender-stanzmaschine","status":"publish","type":"product","link":"https:\/\/www.3p-gmbh.de\/id\/produkt\/automatische-kalender-stanzmaschine\/","title":{"rendered":"Pf\u00e4ffle F 42 a automatische Kalender Stanzmaschine"},"content":{"rendered":"<p>Zum Stanzen der Bindungsperforation f\u00fcr Spirale, Drahtkamm- und Plastikbindung, sowie Stanzungen f\u00fcr Abheftsysteme, Eckenrunden, Abreissperforationen, Registereinlagen usw.<br \/>\nM\u00fchelos von einer Person zu bedienen durch die \u00fcbersichtliche Anordnung der Arbeitstakte auf einer Ebene.<br \/>\nBew\u00e4hrtes ,,Teller System&#8221;, um ohne zu Wenden von Stapel auf Stapel zu arbeiten.<br \/>\nAbteilen der einzelnen Lagen vom Papierstapel mittels Trennscheiben.<br \/>\nAusrichten der Papierlage und Stanzen.<br \/>\nAuslauf in Ablagekasten in der gleichen Reihenfolge.<br \/>\nEinfache Umstellung auf andere Formate.<br \/>\nSchneller Werkzeugwechsel.<br \/>\nAuswechselbare Stanzwerkzeuge fuer Draht-und Plastikbindung, auch kombiniert mit Daumenloch, Abheftlochung und\/oder Abreissperforation (alles Optionen)<\/p>\n<p>Technische Daten<br \/>\nFormatbereich max. 320 x 320 mm<br \/>\nFormatbereich min. 148 x 100 mm<br \/>\nStanzst\u00e4rke bis 2 mm<br \/>\neingebautes Stanzwerkzeug<br \/>\nLeistung 4.200 bis 5.000 Stanzungen \/ Stunde<br \/>\nStapelh\u00f6he bis 8 m \/ Stunde<br \/>\nPlatzbedarf 1,80 m x 0,90 m<br \/>\nGewicht 450 kg<\/p>\n","protected":false},"excerpt":{"rendered":"<p>Zum Stanzen der Bindungsperforation f\u00fcr Spirale, Drahtkamm- und Plastikbindung, sowie Stanzungen f\u00fcr Abheftsysteme, Eckenrunden, Abreissperforationen, Registereinlagen usw. M\u00fchelos von einer Person zu bedienen durch die \u00fcbersichtliche Anordnung der Arbeitstakte auf einer Ebene. Bew\u00e4hrtes ,,Teller System&#8221;, um ohne zu Wenden von Stapel auf Stapel zu arbeiten. Abteilen der einzelnen Lagen vom Papierstapel mittels Trennscheiben. Ausrichten der [&hellip;]<\/p>\n","protected":false},"featured_media":3408,"template":"","meta":[],"product_brand":[],"product_cat":[1760],"product_tag":[],"class_list":{"0":"post-7379","1":"product","2":"type-product","3":"status-publish","4":"has-post-thumbnail","6":"product_cat-stanzen","7":"pa_baujahr-165","8":"pa_hersteller-pfaeffle-seckinger-2","9":"pa_typ-f42-a-gbc-usp-13","11":"first","12":"instock","13":"sold-individually","14":"taxable","15":"shipping-taxable","16":"purchasable","17":"product-type-simple"},"jetpack_sharing_enabled":true,"_links":{"self":[{"href":"https:\/\/www.3p-gmbh.de\/id\/wp-json\/wp\/v2\/product\/7379","targetHints":{"allow":["GET"]}}],"collection":[{"href":"https:\/\/www.3p-gmbh.de\/id\/wp-json\/wp\/v2\/product"}],"about":[{"href":"https:\/\/www.3p-gmbh.de\/id\/wp-json\/wp\/v2\/types\/product"}],"wp:featuredmedia":[{"embeddable":true,"href":"https:\/\/www.3p-gmbh.de\/id\/wp-json\/wp\/v2\/media\/3408"}],"wp:attachment":[{"href":"https:\/\/www.3p-gmbh.de\/id\/wp-json\/wp\/v2\/media?parent=7379"}],"wp:term":[{"taxonomy":"product_brand","embeddable":true,"href":"https:\/\/www.3p-gmbh.de\/id\/wp-json\/wp\/v2\/product_brand?post=7379"},{"taxonomy":"product_cat","embeddable":true,"href":"https:\/\/www.3p-gmbh.de\/id\/wp-json\/wp\/v2\/product_cat?post=7379"},{"taxonomy":"product_tag","embeddable":true,"href":"https:\/\/www.3p-gmbh.de\/id\/wp-json\/wp\/v2\/product_tag?post=7379"}],"curies":[{"name":"wp","href":"https:\/\/api.w.org\/{rel}","templated":true}]}}