{"id":7357,"date":"2019-07-11T13:58:39","date_gmt":"2019-07-11T13:58:39","guid":{"rendered":"http:\/\/www.3p-gmbh.de\/produkt\/papierbohrmaschine-2\/"},"modified":"2019-11-12T15:45:25","modified_gmt":"2019-11-12T15:45:25","slug":"papierbohrmaschine-2","status":"publish","type":"product","link":"https:\/\/www.3p-gmbh.de\/id\/produkt\/papierbohrmaschine-2\/","title":{"rendered":"Ernst Nagel Citoborma 280 AB Papierbohrmaschine"},"content":{"rendered":"<p>&#8211; verwindungssteife Portalkonstruktion f\u00fcr Pr\u00e4zision und Lebensdauer<br \/>\n&#8211; Fussausl\u00f6sung<br \/>\n&#8211; Stapelhohe 60mm Einlegetiefe ca. 100 mm hinter den Bohrern<br \/>\n&#8211; Einlegebreite 480 mm<br \/>\n&#8211; Bohrerl\u00e4ngenausgleich Lochdurchmesser 2 &#8211; 20 mm<br \/>\n&#8211; 2 Bohrk\u00f6pfe mit verstellbarem Abstand<br \/>\n&#8211; automatischer Tischhub<\/p>\n","protected":false},"excerpt":{"rendered":"<p>&#8211; verwindungssteife Portalkonstruktion f\u00fcr Pr\u00e4zision und Lebensdauer &#8211; Fussausl\u00f6sung &#8211; Stapelhohe 60mm Einlegetiefe ca. 100 mm hinter den Bohrern &#8211; Einlegebreite 480 mm &#8211; Bohrerl\u00e4ngenausgleich Lochdurchmesser 2 &#8211; 20 mm &#8211; 2 Bohrk\u00f6pfe mit verstellbarem Abstand &#8211; automatischer Tischhub<\/p>\n","protected":false},"featured_media":3320,"template":"","meta":[],"product_brand":[],"product_cat":[1757],"product_tag":[],"class_list":{"0":"post-7357","1":"product","2":"type-product","3":"status-publish","4":"has-post-thumbnail","6":"product_cat-papierbohrmaschinen","7":"pa_baujahr-123","8":"pa_hersteller-ernst-nagel","9":"pa_typ-280-ab","11":"first","12":"instock","13":"sold-individually","14":"taxable","15":"shipping-taxable","16":"purchasable","17":"product-type-simple"},"jetpack_sharing_enabled":true,"_links":{"self":[{"href":"https:\/\/www.3p-gmbh.de\/id\/wp-json\/wp\/v2\/product\/7357","targetHints":{"allow":["GET"]}}],"collection":[{"href":"https:\/\/www.3p-gmbh.de\/id\/wp-json\/wp\/v2\/product"}],"about":[{"href":"https:\/\/www.3p-gmbh.de\/id\/wp-json\/wp\/v2\/types\/product"}],"wp:featuredmedia":[{"embeddable":true,"href":"https:\/\/www.3p-gmbh.de\/id\/wp-json\/wp\/v2\/media\/3320"}],"wp:attachment":[{"href":"https:\/\/www.3p-gmbh.de\/id\/wp-json\/wp\/v2\/media?parent=7357"}],"wp:term":[{"taxonomy":"product_brand","embeddable":true,"href":"https:\/\/www.3p-gmbh.de\/id\/wp-json\/wp\/v2\/product_brand?post=7357"},{"taxonomy":"product_cat","embeddable":true,"href":"https:\/\/www.3p-gmbh.de\/id\/wp-json\/wp\/v2\/product_cat?post=7357"},{"taxonomy":"product_tag","embeddable":true,"href":"https:\/\/www.3p-gmbh.de\/id\/wp-json\/wp\/v2\/product_tag?post=7357"}],"curies":[{"name":"wp","href":"https:\/\/api.w.org\/{rel}","templated":true}]}}