{"id":7343,"date":"2019-07-11T13:58:29","date_gmt":"2019-07-11T13:58:29","guid":{"rendered":"http:\/\/www.3p-gmbh.de\/produkt\/universalstanze-registerstanze\/"},"modified":"2019-11-12T15:52:52","modified_gmt":"2019-11-12T15:52:52","slug":"universalstanze-registerstanze","status":"publish","type":"product","link":"https:\/\/www.3p-gmbh.de\/id\/produkt\/universalstanze-registerstanze\/","title":{"rendered":"Karl Krause Y 50-12 Registerstanze"},"content":{"rendered":"<p>Diese elektrische Universalstanzmaschine eignet sich, um an losen Lagen rationell und zuverl\u00e4ssig Register stanzen zu k\u00f6nnen. Der Stanzvorgang wird \u00fcber ein Fusspedal ausgef\u00fchrt. Die aus bestem Werkzeugstahl hergestellten und stabil gef\u00fchrten Messer gew\u00e4hrleisten einen pr\u00e4zisen Schnitt.<\/p>\n<p>Werkzeugaufnahme unten &#8211; Tischbreite 60cm<br \/>\nWerkzeugaufnahme oben 50cm<\/p>\n","protected":false},"excerpt":{"rendered":"<p>Diese elektrische Universalstanzmaschine eignet sich, um an losen Lagen rationell und zuverl\u00e4ssig Register stanzen zu k\u00f6nnen. Der Stanzvorgang wird \u00fcber ein Fusspedal ausgef\u00fchrt. Die aus bestem Werkzeugstahl hergestellten und stabil gef\u00fchrten Messer gew\u00e4hrleisten einen pr\u00e4zisen Schnitt. Werkzeugaufnahme unten &#8211; Tischbreite 60cm Werkzeugaufnahme oben 50cm<\/p>\n","protected":false},"featured_media":3278,"template":"","meta":[],"product_brand":[],"product_cat":[1764],"product_tag":[],"class_list":{"0":"post-7343","1":"product","2":"type-product","3":"status-publish","4":"has-post-thumbnail","6":"product_cat-sortimentsbuchbinderei","7":"pa_baujahr-150","8":"pa_hersteller-karl-krause","9":"pa_typ-registerstanze-y-50-12-em-2","11":"first","12":"instock","13":"sold-individually","14":"taxable","15":"shipping-taxable","16":"purchasable","17":"product-type-simple"},"jetpack_sharing_enabled":true,"_links":{"self":[{"href":"https:\/\/www.3p-gmbh.de\/id\/wp-json\/wp\/v2\/product\/7343","targetHints":{"allow":["GET"]}}],"collection":[{"href":"https:\/\/www.3p-gmbh.de\/id\/wp-json\/wp\/v2\/product"}],"about":[{"href":"https:\/\/www.3p-gmbh.de\/id\/wp-json\/wp\/v2\/types\/product"}],"wp:featuredmedia":[{"embeddable":true,"href":"https:\/\/www.3p-gmbh.de\/id\/wp-json\/wp\/v2\/media\/3278"}],"wp:attachment":[{"href":"https:\/\/www.3p-gmbh.de\/id\/wp-json\/wp\/v2\/media?parent=7343"}],"wp:term":[{"taxonomy":"product_brand","embeddable":true,"href":"https:\/\/www.3p-gmbh.de\/id\/wp-json\/wp\/v2\/product_brand?post=7343"},{"taxonomy":"product_cat","embeddable":true,"href":"https:\/\/www.3p-gmbh.de\/id\/wp-json\/wp\/v2\/product_cat?post=7343"},{"taxonomy":"product_tag","embeddable":true,"href":"https:\/\/www.3p-gmbh.de\/id\/wp-json\/wp\/v2\/product_tag?post=7343"}],"curies":[{"name":"wp","href":"https:\/\/api.w.org\/{rel}","templated":true}]}}