{"id":7336,"date":"2019-07-11T13:58:29","date_gmt":"2019-07-11T13:58:29","guid":{"rendered":"http:\/\/www.3p-gmbh.de\/produkt\/profi-rillmaschine\/"},"modified":"2019-11-12T15:50:14","modified_gmt":"2019-11-12T15:50:14","slug":"profi-rillmaschine","status":"publish","type":"product","link":"https:\/\/www.3p-gmbh.de\/id\/produkt\/profi-rillmaschine\/","title":{"rendered":"Ernst Nagel Auto-Rillnak Pro 33"},"content":{"rendered":"<p>Morgana AutoCreaser Pro 33 \/ Ernst Nagel Auto-Rillnak Pro 33<br \/>\nBaujahr 2014 &#8211; neuwertiger Zustand<br \/>\nAusgestattet mit dem neuen praktischen Touchscreen-Display, \u00fcber das die Bedienung einfach erfolgt, verarbeitet Sie Papierformate mit 35 cm Einlaufbreite und bis zu 100 cm L\u00e4nge<br \/>\nunter Anwendung der bew\u00e4hrten Technologie Rillbalken-gegen-Rillnut. Das Material wird bei dem Rillvorgang schonend verdichtet, ein Abplatzen der Druckfarbe oder Einreissen des Materials<br \/>\nwird dadurch beim Falzen verhindert. Die Papier-Zuf\u00fchrung erfolgt durch ein Blas- und Saugluftsystem, welches ein Zerkratzen des empfindlichen Materials verhindert. Schnelle und einfache Bedienung \u00fcber Joystick und \u00fcbersichtliches Display.<\/p>\n<p>Einsatzbereich:<br \/>\nempfindliche Digitaldrucke, mattgestrichene Papiere, Karton, Material mit falscher Laufrichtung,<br \/>\nlackierte Drucksachen, laminiertes Material, Brosch\u00fcrenumschl\u00e4ge uvm.<\/p>\n<p>Perforieren und Schlitzen l\u00e4ngs zur Laufrichtung ist mit rotativen Zusatzwerkzeugen m\u00f6glich. (Option)<br \/>\nZubehoer optional: Perforiermesser 96\/56\/28\/20 Zaehne<\/p>\n<p>\u00dcber das Touchscreen-Bedienpanel werden die Hauptfunktionen der Maschine gesteuert. Es muss nur die Papierl\u00e4nge f\u00fcr das fertige Produkt eingegeben werden (Standardpapierabmessungen sind voreingestellt). Alle weiteren Einstellungen und Angaben werden von der Software \u00fcbernommen. Angaben \u00fcber die Falzspalten werden digital auf dem Touchscreen wiedergegeben. Ein weiterer Vorteil ist die Sprachunabh\u00e4ngigkeit der Software &#8211; es werden nur Symbole verwendet, was Spracheinstellungen \u00fcberfl\u00fcssig macht. Zudem ist die Bedienung des Touchscreens sehr leicht erlernbar. Der umfangreiche alphanumerische Speicher erlaubt die Abspeicherung einer unbegrenzten Anzahl von Auftr\u00e4gen unter einem eigenen Namen.<\/p>\n<p>Arbeitsbreite 35 cm<br \/>\nArbeitsl\u00e4nge 100 cm<br \/>\nempfohlenes Papiergewicht 70 &#8211; 350 g\/m\u00b2<br \/>\nProgrammspeicher 9<br \/>\nRillen pro Blatt max. 16<br \/>\nPapierformat max. &#8211; bei manuellem Einzug 1.000 x 330 mm<br \/>\nPapierformat max. &#8211; bei autom. Einzug 700 x 330 mm<br \/>\nPapierformat min. 140 x 210 mm<br \/>\nGeschwindigkeit bis 6.500 (Blatt\/Stunde)<br \/>\nMin. Rillabstand 4 mm<br \/>\nMin. Rillabstand von Blattvorderkante 25 mm<br \/>\nMin. Rillabstand von Blatthinterkante 20 mm<\/p>\n","protected":false},"excerpt":{"rendered":"<p>Morgana AutoCreaser Pro 33 \/ Ernst Nagel Auto-Rillnak Pro 33 Baujahr 2014 &#8211; neuwertiger Zustand Ausgestattet mit dem neuen praktischen Touchscreen-Display, \u00fcber das die Bedienung einfach erfolgt, verarbeitet Sie Papierformate mit 35 cm Einlaufbreite und bis zu 100 cm L\u00e4nge unter Anwendung der bew\u00e4hrten Technologie Rillbalken-gegen-Rillnut. Das Material wird bei dem Rillvorgang schonend verdichtet, ein [&hellip;]<\/p>\n","protected":false},"featured_media":3261,"template":"","meta":[],"product_brand":[],"product_cat":[1755],"product_tag":[],"class_list":{"0":"post-7336","1":"product","2":"type-product","3":"status-publish","4":"has-post-thumbnail","6":"product_cat-nut-perforiermaschinen","7":"pa_baujahr-452","8":"pa_hersteller-morgana-ernst-nagel","9":"pa_typ-auto-rillnak-pro-33","11":"first","12":"instock","13":"sold-individually","14":"taxable","15":"shipping-taxable","16":"purchasable","17":"product-type-simple"},"jetpack_sharing_enabled":true,"_links":{"self":[{"href":"https:\/\/www.3p-gmbh.de\/id\/wp-json\/wp\/v2\/product\/7336","targetHints":{"allow":["GET"]}}],"collection":[{"href":"https:\/\/www.3p-gmbh.de\/id\/wp-json\/wp\/v2\/product"}],"about":[{"href":"https:\/\/www.3p-gmbh.de\/id\/wp-json\/wp\/v2\/types\/product"}],"wp:featuredmedia":[{"embeddable":true,"href":"https:\/\/www.3p-gmbh.de\/id\/wp-json\/wp\/v2\/media\/3261"}],"wp:attachment":[{"href":"https:\/\/www.3p-gmbh.de\/id\/wp-json\/wp\/v2\/media?parent=7336"}],"wp:term":[{"taxonomy":"product_brand","embeddable":true,"href":"https:\/\/www.3p-gmbh.de\/id\/wp-json\/wp\/v2\/product_brand?post=7336"},{"taxonomy":"product_cat","embeddable":true,"href":"https:\/\/www.3p-gmbh.de\/id\/wp-json\/wp\/v2\/product_cat?post=7336"},{"taxonomy":"product_tag","embeddable":true,"href":"https:\/\/www.3p-gmbh.de\/id\/wp-json\/wp\/v2\/product_tag?post=7336"}],"curies":[{"name":"wp","href":"https:\/\/api.w.org\/{rel}","templated":true}]}}